{"id":1018,"date":"2017-06-16T12:27:17","date_gmt":"2017-06-16T10:27:17","guid":{"rendered":"http:\/\/www.autismus-niedersachsen.de\/?page_id=1018"},"modified":"2017-07-13T22:55:47","modified_gmt":"2017-07-13T20:55:47","slug":"2017-flyer-gesundheitsversorgung","status":"publish","type":"page","link":"https:\/\/www.autismus-niedersachsen.de\/?page_id=1018","title":{"rendered":"2017 Flyer Gesundheitsversorgung"},"content":{"rendered":"<p>Neu erschienen ist im Mai 2017 der <a href=\"http:\/\/www.autismus-niedersachsen.de\/wp-content\/uploads\/2017\/06\/Flyer-Autismus-Gesundheit-LVG-2017.pdf\">Informationsflyer \u201eMenschen mit Autismus-Spektrum-St\u00f6rung in der medizinischen Versorgung\u201c<\/a> als Grundinformation f\u00fcr \u00c4rzte und medizinisches Fachpersonal. Das Ziel des Flyers ist es, kurz und knapp die wichtigsten \u201eBesonderheiten\u201c von Menschen mit Autismus, die bei einer medizinischen Untersuchung oder Behandlung relevant sind, zu vermitteln.<\/p>\n<p><a href=\"http:\/\/www.autismus-niedersachsen.de\/wp-content\/uploads\/2017\/06\/Flyer-Autismus-Gesundheit-LVG-2017.pdf\"><img loading=\"lazy\" decoding=\"async\" class=\"alignright wp-image-1024 size-medium\" src=\"http:\/\/www.autismus-niedersachsen.de\/wp-content\/uploads\/2017\/06\/2017-Flyer-Autismus-Gesundheit-LVG-20171-143x300.jpg\" alt=\"2017 Flyer Autismus Gesundheit LVG 20171\" width=\"143\" height=\"300\" srcset=\"https:\/\/www.autismus-niedersachsen.de\/wp-content\/uploads\/2017\/06\/2017-Flyer-Autismus-Gesundheit-LVG-20171-143x300.jpg 143w, https:\/\/www.autismus-niedersachsen.de\/wp-content\/uploads\/2017\/06\/2017-Flyer-Autismus-Gesundheit-LVG-20171.jpg 284w\" sizes=\"auto, (max-width: 143px) 100vw, 143px\" \/><\/a>Der Flyer entstand im Rahmen der interdisziplin\u00e4ren Fachtagung \u201eAutismus und medizinische Versorgung &#8211; (k)ein Problem?!\u201c, die im September 2016 in den R\u00e4umen der \u00c4rztekammer Niedersachsen in Hannover stattfand. Sie wurde veranstaltet von der Landesarbeitsgemeinschaft Autismus Niedersachsen, vertreten durch den Verein einzigartig-eigenartig e.V.<\/p>\n<p>Herausgegeben wurde der Informationsflyer von der Landesvereinigung f\u00fcr Gesundheit und Akademie f\u00fcr Sozialmedizin Niedersachsen e.V. (<a href=\"http:\/\/www.gesundheit-nds.de\/\">www.gesundheit-nds.de<\/a>) und ist dort sowie unter <a href=\"http:\/\/www.autismus-niedersachsen.de\/\">www.Autismus-Niedersachsen.de<\/a> und <a href=\"http:\/\/www.einzigartig-eigenartig.de\/\">www.einzigartig-eigenartig.de<\/a> als PDF-Datei erh\u00e4ltlich. Er kann auch per Mail per Mail an <a href=\"mailto:Aerzteflyer@einzigartig-eigenartig.de\">Aerzteflyer@einzigartig-eigenartig.de<\/a>\u00a0 als Druckversion bestellt werden.<\/p>\n<p>Zur Deckung der Versandkosten bitten wir um eine Spende auf das Konto des gemeinn\u00fctzigen Vereins \u201eeinzigartig-eigenartig e.V.\u201c (IBAN: DE71 2515 2375 0002 2554 04 &#8211; \u00a0BIC: NOLADE21WAL). Die Spenden sind steuerlich abzugsf\u00e4hig und es k\u00f6nnen Zuwendungsbest\u00e4tigungen ausgestellt werden, sofern den Zahlungsnachweis und einen an Sie adressierten und frankierten R\u00fcckumschlag an \u201eeinzigartig-eigenartig e.V.\u201c senden.<\/p>\n","protected":false},"excerpt":{"rendered":"<p>Neu erschienen ist im Mai 2017 der Informationsflyer \u201eMenschen mit Autismus-Spektrum-St\u00f6rung in der medizinischen Versorgung\u201c als Grundinformation f\u00fcr \u00c4rzte und medizinisches Fachpersonal. Das Ziel des Flyers ist es, kurz und knapp die wichtigsten \u201eBesonderheiten\u201c von Menschen mit Autismus, die bei einer medizinischen Untersuchung oder Behandlung relevant sind, zu vermitteln. Der<\/p>\n","protected":false},"author":1,"featured_media":0,"parent":344,"menu_order":0,"comment_status":"closed","ping_status":"closed","template":"","meta":{"footnotes":"","_links_to":"","_links_to_target":""},"class_list":["post-1018","page","type-page","status-publish","hentry"],"_links":{"self":[{"href":"https:\/\/www.autismus-niedersachsen.de\/index.php?rest_route=\/wp\/v2\/pages\/1018","targetHints":{"allow":["GET"]}}],"collection":[{"href":"https:\/\/www.autismus-niedersachsen.de\/index.php?rest_route=\/wp\/v2\/pages"}],"about":[{"href":"https:\/\/www.autismus-niedersachsen.de\/index.php?rest_route=\/wp\/v2\/types\/page"}],"author":[{"embeddable":true,"href":"https:\/\/www.autismus-niedersachsen.de\/index.php?rest_route=\/wp\/v2\/users\/1"}],"replies":[{"embeddable":true,"href":"https:\/\/www.autismus-niedersachsen.de\/index.php?rest_route=%2Fwp%2Fv2%2Fcomments&post=1018"}],"version-history":[{"count":0,"href":"https:\/\/www.autismus-niedersachsen.de\/index.php?rest_route=\/wp\/v2\/pages\/1018\/revisions"}],"up":[{"embeddable":true,"href":"https:\/\/www.autismus-niedersachsen.de\/index.php?rest_route=\/wp\/v2\/pages\/344"}],"wp:attachment":[{"href":"https:\/\/www.autismus-niedersachsen.de\/index.php?rest_route=%2Fwp%2Fv2%2Fmedia&parent=1018"}],"curies":[{"name":"wp","href":"https:\/\/api.w.org\/{rel}","templated":true}]}}