{"id":140,"date":"2015-02-13T15:39:02","date_gmt":"2015-02-13T13:39:02","guid":{"rendered":"http:\/\/blau45.de\/test1\/?page_id=140"},"modified":"2026-02-12T21:03:03","modified_gmt":"2026-02-12T19:03:03","slug":"selbsthilfegruppen","status":"publish","type":"page","link":"https:\/\/www.autismus-niedersachsen.de\/?page_id=140","title":{"rendered":"Selbsthilfegruppen"},"content":{"rendered":"<p><strong>Selbsthilfegruppen in Niedersachsen, Bremen und Hamburg<\/strong><\/p>\n<p>Selbsthilfegruppen sind wichtig, um sich mit Gleichgesinnten auszutauschen. In Selbsthilfegruppen k\u00f6nnen Sie das Verst\u00e4ndnis finden, das Fachkr\u00e4fte und Beratungen nicht vermitteln k\u00f6nnen. Durch den Besuch einer Selbsthilfegruppe k\u00f6nnen Sie Informationen \u00fcber Angebote und Verfahrenswege in Ihrer Region erhalten.<\/p>\n<p>Wenn es noch keine Selbsthilfegruppe in Ihrer Region gibt, k\u00f6nnen Sie eine eigene Gruppe gr\u00fcnden. Informationen dazu und praktische Hilfe f\u00fcr den Anfang bietet die Kontakt-, Informations- und Beratungsstelle im Selbsthilfebereich (KIBIS) in Ihrer Region. Finanziell gef\u00f6rdert werden Selbsthilfegruppen unter anderem \u00fcber die Selbsthilfef\u00f6rderung der Krankenkassen.<\/p>\n<p>Weitere Informationen:\u00a0 <a href=\"http:\/\/www.gkv-selbsthilfefoerderung-nds.de\">www.gkv-selbsthilfefoerderung-nds.de<\/a><\/p>\n<p>&nbsp;<\/p>\n<p><strong>21244 Buchholz in der Nordheide<\/strong><\/p>\n<p><strong>Elternselbsthilfegruppe Autismus<\/strong><br \/>\nTreffen jeden zweiten Montag im Monat<br \/>\n(nicht an Feiertagen und in den Schulferien)<br \/>\nin der Zeit von 19.30 bis 21.30 Uhr,<br \/>\nin den R\u00e4umen des Vereins NISA e.V.<br \/>\nAm Radeland 41, 21244 Buchholz<br \/>\nUm Anmeldung wird gebeten.<br \/>\n<strong>Kontakt:<\/strong><br \/>\nNisa e.V.<br \/>\nLars Finck, 04181 9285261<br \/>\n<a href=\"http:\/\/www.nisaev.de\">www.nisaev.de<\/a><\/p>\n<p><strong>\u00a0<\/strong><\/p>\n<p><strong>Betroffenen-Selbsthilfegruppe &#8222;Autismus&#8220;<\/strong><br \/>\nTreffen jeden dritten Montag im Monat<br \/>\n(nicht an Feiertagen und in den Schulferien)<br \/>\nin der Zeit von 19.00 bis 21.00 Uhr,<br \/>\nin den R\u00e4umen des Vereins NISA e.V.<br \/>\nAm Radeland 41, 21244 Buchholz<br \/>\nUm Anmeldung wird gebeten.<br \/>\n<strong>Kontakt:<\/strong><br \/>\nNisa e.V.<br \/>\nU. Niedzwiedz, Tel. 04181-210 73 40<br \/>\n<a href=\"http:\/\/www.nisaev.de\">www.nisaev.de<\/a><\/p>\n<p><strong>\u00a0<\/strong><\/p>\n<p><strong>21335 L\u00fcneburg<\/strong><\/p>\n<p><strong>Offenes Elterntreffen L\u00fcneburg<\/strong><br \/>\nim\u00a0 Autismus-Therapie-Zentrum L\u00fcneburg<br \/>\nLessingstr. 1, 21335 L\u00fcneburg<br \/>\n<strong>Kontakt:<\/strong><br \/>\nTel: 04131-223 51 30<br \/>\nheinemann@autismus-hamburg.de<\/p>\n<p>&nbsp;<\/p>\n<p><strong>21682 Stade<\/strong><\/p>\n<p><strong>Selbsthilfegruppe von Eltern autistischer Kinder in und um Stade<\/strong><br \/>\nTreffen jeden zweiten Mittwoch im Monat<br \/>\nin der Zeit von 19.30 bis 22.00 Uhr<br \/>\nim Konferenzraum der B\u00f6rne<br \/>\nClaus-von-Stauffenberg-Weg 10, 21684 Stade<br \/>\n<strong>Kontakt:<\/strong><br \/>\nFamilie Lorenz, Tel.: 04144-233 96 56<br \/>\nFamilie Dz\u00f6sch, Tel.: 04167-6606<br \/>\n<a href=\"http:\/\/www.autismus-stade.beepworld.de\">www.autismus-stade.beepworld.de<\/a><\/p>\n<p>&nbsp;<\/p>\n<p><strong>22041 Hamburg<\/strong><\/p>\n<p><strong>Selbsthilfegruppen Asperger-Syndrom<br \/>\nin Hamburg-Wandsbek f\u00fcr Erwachsene<br \/>\n<\/strong>Die Gruppen treffen sich regelm\u00e4\u00dfig in Hamburg-Wandsbek.<br \/>\nAnmeldung zu den Treffen und weitere Informationen unter folgender<br \/>\nE-Mail-Adresse: asperger-shg_kontakt@googlegroups.com<\/p>\n<p>&nbsp;<\/p>\n<p><strong>22159 Hamburg<\/strong><\/p>\n<p><strong>Autismus Elternhilfe Hamburg<\/strong><br \/>\nTreffen jeden dritten Freitag im Monat<br \/>\n20.00 Uhr<br \/>\nin Hamburg-Farmsen<br \/>\n<strong>Kontakt:<\/strong><br \/>\ninfo@autismus-elternhilfe-hamburg.de<br \/>\n<a href=\"http:\/\/www.autismus-elternhilfe-hamburg.de\">www.autismus-elternhilfe-hamburg.de<\/a><br \/>\nKISS Hamburg, Selbsthilfe-Telefon: 040-39 57 67<\/p>\n<p>&nbsp;<\/p>\n<p><strong>22297 Hamburg<\/strong><\/p>\n<p><strong>Verein zur F\u00f6rderung autistischer Kinder<\/strong><br \/>\n<strong>Regionalverband Hamburg e.V.<\/strong><br \/>\nBeratung und Information f\u00fcr Eltern, Angeh\u00f6rige,<br \/>\nGruppengespr\u00e4che und Erfahrungsaustausch.<br \/>\nTreffen an einem Montag im Monat<br \/>\nin der Zeit von 18.30 bis 20.00 Uhr<br \/>\nBebelallee 141, 22297 Hamburg-Alsterdorf<br \/>\n<strong>Kontakt:<\/strong><br \/>\nTel.: 040-511 68 25<br \/>\ninfo@autismus-hamburg.de<br \/>\n<a href=\"http:\/\/www.autismus-institut.de\">www.autismus-institut.de<\/a><\/p>\n<p>&nbsp;<\/p>\n<p><strong>22359 Hamburg<\/strong><\/p>\n<p><strong>Elterngruppe Asperger-Syndrom Hamburg-Nord<\/strong><br \/>\nTreffen jeden letzten Freitag im Monat um 19.00 Uhr<br \/>\nin Hamburg-Bergstedt<br \/>\n<strong>Kontakt:<\/strong><br \/>\nKISS Hamburg, Selbsthilfe-Telefon: 040-39 57 67<br \/>\naspergersyndromhamburgnord@gmail.com<\/p>\n<p>&nbsp;<\/p>\n<p><strong>22399 Hamburg<\/strong><\/p>\n<p><strong>Autismus Hamburg e.V.<\/strong><br \/>\n<strong>Elterninitiative und Verein Altona<\/strong><br \/>\nTreffen jeden ersten Freitag im Monat<br \/>\nin der Zeit von 19.00 bis 22.00 Uhr<br \/>\nin Hamburg-Altona, Gau\u00dfstra\u00dfe 25<\/p>\n<p>&nbsp;<\/p>\n<p><strong>Autismus Hamburg e.V.<\/strong><br \/>\n<strong>Elterninitiative und Verein Wandsbek<\/strong><br \/>\nTreffen jeden dritten Mittwoch im Monat<br \/>\nin der Zeit von 20.00 bis 22.00<br \/>\nBrauhausstieg. 15-17, Hamburg-Wandsbeck<br \/>\n<strong>Kontakt:<\/strong><br \/>\nKISS Hamburg, Selbsthilfe-Telefon: 040-39 57 67<br \/>\nautismushamburg@gmx.de<br \/>\n<a href=\"http:\/\/www.autismushamburg.de\">www.autismushamburg.de<\/a><\/p>\n<p>&nbsp;<\/p>\n<p><strong>22765 Hamburg<\/strong><\/p>\n<p><strong>Selbsthilfegruppen Asperger-Syndrom Altona<\/strong><br \/>\n<strong>Selbsthilfegruppe I:<\/strong><br \/>\nTreffen jeden zweiten Samstag im Monat<br \/>\nin der Zeit von 14.00 bis 17.00 Uhr<br \/>\n<strong>Selbsthilfegruppe II:<\/strong><br \/>\nTreffen jeden dritten Samstag im Monat<br \/>\nin der Zeit von 14.00 bis 19.00 Uhr<br \/>\nInteressierte und unregelm\u00e4\u00dfig Teilnehmende ab 16.00 Uhr<br \/>\n<strong>Kontakt:<\/strong><br \/>\nHajo Seng, E-Mail: hajoseng@yahoo.de<br \/>\nKISS Hamburg, Selbsthilfe-Telefon: 040-39 57 67<br \/>\nautSocial e.V., autWorker eG<br \/>\nNernstweg 32-34, 22765 Hamburg<br \/>\nTel.: 040-429 03 951<br \/>\ninfo@autsocial.de<\/p>\n<p>&nbsp;<\/p>\n<p><strong>26736 Krummh\u00f6rn<\/strong><\/p>\n<p><strong>Ortsgruppe Asperger in Ostfriesland<\/strong><br \/>\n<strong>Selbsthilfegruppen f\u00fcr Autisten und Angeh\u00f6rige<\/strong><br \/>\nAutismus-Treff-Pewsum:<br \/>\nGrundschule Pewsum, Woltzetener Str. 13, 26736 Krummh\u00f6rn<br \/>\nAutismus-Treff-Emden:<br \/>\nKulturcaf\u00e9 Pelzerhaus, Pelzerstra\u00dfe 12, 26721 Emden<br \/>\nAutismus-Treff-Aurich:<br \/>\nParit\u00e4tische, Gro\u00dfe M\u00fchlenwallstra\u00dfe 21, 26603 Aurich<br \/>\n<strong>Kontakt:<\/strong><br \/>\nFrank Fahr<br \/>\nTel. 04923-218 01 44 und 0176-232 72 256<br \/>\naspi@ewe.net<br \/>\nwww.asperger-in-ostfriesland.de<\/p>\n<p>&nbsp;<\/p>\n<p><strong>27248 Ehrenburg<\/strong><\/p>\n<p><strong>Eltern-Selbsthilfegruppe \u201eLeben mit Autismus\u201c<\/strong><br \/>\n<strong>im Landkreis Diepholz<\/strong><br \/>\nTreffen immer Dienstag alle zwei Wochen<br \/>\nin der Zeit von 20.00 bis 22.00 Uhr<br \/>\n<strong>Kontakt:<\/strong><br \/>\nYvonne M\u00fcnch<br \/>\nTel.: 0174-659 91 66<br \/>\nshg-autismus.yvonnemuench@web.de<br \/>\n<a href=\"https:\/\/www.facebook.com\/shgautismusdiepholz\">www.shg-autismus-diepholz.de<\/a><\/p>\n<p>&nbsp;<\/p>\n<p><strong>28195 Bremen<\/strong><\/p>\n<p><strong>SHG Bremen &#8211; Selbsthilfegruppe f\u00fcr Erwachsene<\/strong><br \/>\n<strong>mit Hochfunktionalem Autismus und Asperger Syndrom<\/strong><br \/>\nTreffen jeden dritten Dienstag im Monat<br \/>\nin der Zeit von 20.00 bis 22:00 Uhr<br \/>\n<strong>Kontakt:<\/strong><br \/>\nSHG-Asperger-Bremen@gmx.de<\/p>\n<div class=\"WordSection1\">\n<div>\n<div>\n<p>&nbsp;<\/p>\n<p><strong>28201 Bremen<\/strong><\/p>\n<p><strong>Asperger-Elterngespr\u00e4chskreis<\/strong><br \/>\nTreffen alle 6-8 Wochen mittwochs<br \/>\nin der Zeit von 19.30 bis 21.30 Uhr<br \/>\nau\u00dfer in den Schulferien<br \/>\nim Martinsclub Bremen, Buntentorsteinweg 24-26, 28201 Bremen<br \/>\n<b>Kontakt:<\/b><br \/>\nMarco Tiede, elternkreis-mc@gmx.de<br \/>\n<a title=\"blocked::http:\/\/www.martinsclub.de\/\" href=\"http:\/\/www.martinsclub.de\" target=\"_blank\" rel=\"noopener\">www.martinsclub.de<\/a><\/p>\n<\/div>\n<div class=\"WordSection1\">\n<p>&nbsp;<\/p>\n<p><strong>28832 Achim<\/strong><\/p>\n<p>Eltern-Stammtisch ASS<br \/>\nf\u00fcr den Landkreis Verden<br \/>\nAnstehende Termine und Veranstaltungsort im Internet<br \/>\nKontakt:<br \/>\nMail@Stammtisch-Autismus.info<br \/>\n<a title=\"blocked::http:\/\/stammtisch-autismus.info\/\" href=\"http:\/\/stammtisch-autismus.info\">www.stammtisch-autismus.info<\/a><\/p>\n<\/div>\n<p>&nbsp;<\/p>\n<\/div>\n<\/div>\n<p><strong>29221 Celle<\/strong><\/p>\n<p><strong>Stammtisch f\u00fcr Interessierte<br \/>\ndes Autismus-Regionalverbandes Celle<\/strong><br \/>\nTreffen monatlich dienstags und mittwochs im Wechsel<br \/>\njeweils ab 20.00 Uhr<br \/>\nRockstaurant &#8222;Stilbruch&#8220;, Albert-K\u00f6hler-Stra\u00dfe 2-4, 29221 Celle<br \/>\n<strong>Kontakt: <\/strong><br \/>\nAnke Wiechmann, Tel. 05141-279 61 90<br \/>\nE-Mail FamilieWiechmann@Hotmail.de<\/p>\n<p>&nbsp;<\/p>\n<p><strong>29227 Celle<\/strong><\/p>\n<p><strong>Elterngruppe der Stiftung Linerhaus<\/strong><br \/>\n<strong>in Kooperation mit der Paul-Klee-Schule<\/strong><br \/>\nAlte Dorfstra\u00dfe 1, 29227 Celle<br \/>\n<strong>Kontakt:<\/strong><br \/>\nMartina M\u00e4hling<br \/>\nTel.: 05141-804 111<br \/>\nlinerhaus.maehling@t-online.de<br \/>\n<a href=\"http:\/\/www.stiftung-linerhaus.de\">www.stiftung-linerhaus.de<\/a><\/p>\n<p>&nbsp;<\/p>\n<p><strong>29525 Uelzen<\/strong><\/p>\n<p><strong>Selbsthilfegruppe f\u00fcr Eltern autistischer<\/strong><br \/>\n<strong>und entwicklungsverz\u00f6gerter Kinder in Uelzen<\/strong><br \/>\nTreffen jeden 3. Mittwoch im Monat von 19 bis 21 Uhr<br \/>\nim Parit\u00e4tischen Wohlfahrtsverband, Veer\u00dfer Stra\u00dfe 92<br \/>\n<strong>Kontakt:<\/strong><br \/>\nKIBiS Uelzen, Tel. 0581 \/ 97 07 16<\/p>\n<p>&nbsp;<\/p>\n<p><strong>29664 Walsrode<\/strong><\/p>\n<p><strong>einzigartig-eigenartig e.V.<br \/>\n<\/strong>Treffen jeden 3. Donnerstag im Monat<br \/>\n(au\u00dfer in den Ferien)<br \/>\n18.00 Uhr im mittendrin &#8211; Kulturzentrum<br \/>\nMoorstr. 89, 29664 Walsrode<strong><br \/>\n<\/strong>Kontakt:<br \/>\nTel. 05161-7092726 (Anrufbeantworter)<br \/>\ninfo@einzigartig-eigenartig.de<br \/>\n<a href=\"http:\/\/www.einzigartig-eigenartig.de\">www.einzigartig-eigenartig.de<\/a><\/p>\n<p>&nbsp;<\/p>\n<p><strong>30159 Hannover<\/strong><\/p>\n<p><strong>Selbsthilfegruppe f\u00fcr Familien mit fr\u00fchkindlichen Autisten<br \/>\n<\/strong>Treffen unregelm\u00e4\u00dfig an einem Freitag um 9.30 Uhr<br \/>\nTreffpunkt: 30159 Hannover<br \/>\nVorherige Kontaktaufnahme erforderlich!<br \/>\n<strong>Kontakt:<\/strong><br \/>\nRoja, Telefon: 0173-8 03 33 63, Rodja77@Web.de<br \/>\nOlga, Telefon: 0157-82 65 66 97, \u00d6l.serova@gmail.com<\/p>\n<p>&nbsp;<\/p>\n<p><strong>30165 Hannover<\/strong><\/p>\n<p><strong>Selbsthilfegruppe (SHG) Autismus-Spektrum Hannover<\/strong><br \/>\n<strong>f\u00fcr Betroffene und sich betroffen f\u00fchlende Erwachsene ab 16 Jahre<\/strong><br \/>\nTreffen alle drei Wochen dienstags<br \/>\nin der Zeit von 18.30 bis 21.30 Uhr<br \/>\nim Freizeitheim Vahrenwald<br \/>\nVahrenwalder Stra\u00dfe 92, 30165 Hannover<br \/>\nIn den Sommerferien an einem anderen Ort.<br \/>\n<strong>Kontakt:<\/strong><br \/>\n<a href=\"mailto:shgash@web.de\">shgash@web.de<\/a><\/p>\n<p>&nbsp;<\/p>\n<p><strong>FIAM Verein zur F\u00f6rderung und<\/strong><br \/>\n<strong>Integration autistischer Menschen e.V.<\/strong><br \/>\nRegelm\u00e4\u00dfige Treffen<br \/>\nin der Vahrenwalder Stra\u00dfe 195a, 30165 Hannover<br \/>\n<strong>Kontakt:<\/strong><br \/>\nTel.: 0511-600 82 84<br \/>\nverein.fiam@t-online.de<\/p>\n<p>&nbsp;<\/p>\n<p><strong>Selbsthilfegruppe f\u00fcr Partnerinnen und Partner<br \/>\nvon Menschen mit Asperger-Syndrom<\/strong><br \/>\nTreffen: Monatlich, Tag wechselnd<br \/>\nin der Zeit von 18.00 bis 20.00 Uhr<br \/>\nin Hannover<br \/>\nKontakt:<br \/>\nElena, <a href=\"mailto:as-nt-paare-han@gmx.de\">as-nt-paare-han@gmx.de<\/a><br \/>\nSelbsthilfe-Kontaktstelle KIBIS. Tel. 0511-66 65 67<\/p>\n<p>&nbsp;<\/p>\n<p><strong>30559 Hannover<\/strong><\/p>\n<p><strong>Gespr\u00e4chskreis Eltern von Kindern mit<\/strong><br \/>\n<strong> fr\u00fchkindlichem Autismus und atypischem Autismus<\/strong><br \/>\nTreffen f\u00fcnf bis sechs mal im Jahr<br \/>\n<strong>Kontakt:<\/strong><br \/>\nk.jh@gmx.de<br \/>\n<a href=\"http:\/\/www.autismus-hannover.de\">www.autismus-hannover.de<\/a><\/p>\n<p>&nbsp;<\/p>\n<p><strong>31028 Gronau \/ Hildesheim<\/strong><\/p>\n<p><strong>Selbsthilfegruppe f\u00fcr Eltern von Kindern mit Asperger Syndrom<\/strong><br \/>\nRegelm\u00e4\u00dfige Treffen der Elterngruppe<br \/>\n<strong>Kontakt:<\/strong><br \/>\ninfo@autismus-hildesheim.de<\/p>\n<p>&nbsp;<\/p>\n<p><strong>31135 Hildesheim<\/strong><\/p>\n<p><strong>Autismus Spektrum Selbsthilfegruppe Hildesheim<br \/>\n<\/strong>Offene Gruppe f\u00fcr Menschen aus dem Autismus-Spektrum jeden Alters, deren Angeh\u00f6rige (Partner und Eltern) sowie Fachpersonal, das mit AutistInnen arbeitet<br \/>\nTreffen: Quartierszentrum Stadtfeld, Trift\u00e4ckerstra\u00dfe 28, 31135 Hildesheim.<br \/>\nTermine:\u00a0Jeden ersten und dritten Mittwoch im Monat<br \/>\n<strong>Kontakt:<br \/>\n<\/strong><a href=\"https:\/\/autismus-hi.de\/\">www.autismus-hi.de<\/a><\/p>\n<p>&nbsp;<\/p>\n<p><strong>31224 Peine<\/strong><\/p>\n<p><strong>Autismus Peine Selbsthilfegruppe<\/strong><br \/>\nTreffen jeden letzten Freitag im Monat<br \/>\n(au\u00dfer in den Sommerferien)<br \/>\nin der Zeit von 19.00 bis 21.00 Uhr<br \/>\nin den R\u00e4umen der KISS, Bodenstedtstr. 11, 31224 Peine<br \/>\n<strong>Kontakt:<\/strong><br \/>\nAndrea D\u00fcnow und Heidrun Adler<br \/>\nshg-autismus-peine@gmx.de<br \/>\n<a href=\"http:\/\/www.autismus-peine-shg.de\">www.autismus-peine-shg.de<\/a><\/p>\n<p>&nbsp;<\/p>\n<p><strong>31582 Nienburg<\/strong><\/p>\n<div dir=\"ltr\">Selbsthilfegruppe f\u00fcr Eltern mit Kindern mit Asperger Syndrom<\/div>\n<div dir=\"ltr\">Treffen am zweiten Dienstag im Monat<\/div>\n<div dir=\"ltr\">Von 19-21 Uhr (au\u00dfer in den Ferien)<\/div>\n<div dir=\"ltr\">Friedrich-Ludwig-Jahn-Str. 28<\/div>\n<div dir=\"ltr\">In den R\u00e4umlichkeiten der GBN<\/div>\n<div dir=\"ltr\">Kontakt: selbsthilfe_ass_kids@yahoo.com<\/div>\n<p>&nbsp;<\/p>\n<p><strong>31547 Rehburg-Loccum<\/strong><\/p>\n<p><strong>Autisten-Treff Selbsthilfegruppe<br \/>\nvom Regionalverband Schaumburg e. V.<\/strong><br \/>\nTreffen von Betroffenen, Eltern von betroffenen Kindern und Jugendlichen<br \/>\nLange Stra\u00dfe 2, 31547 Rehburg-Loccum, OT M\u00fcnchehagen<br \/>\n<strong>Kontakt:<\/strong><br \/>\nIris Wesling Tel.: 05037-96 68 65<\/p>\n<p>&nbsp;<\/p>\n<p><strong>37115 Duderstadt<\/strong><\/p>\n<p><strong>Selbsthilfegruppe Autismus Duderstadt<br \/>\n<\/strong>Selbsthilfegruppe f\u00fcr autistische Menschen sowie f\u00fcr Angeh\u00f6rige <strong><br \/>\n<\/strong>Treffen: Trialog Tagesst\u00e4tte, Auf der Spiegelbr\u00fccke 2, 37115 Duderstadt<br \/>\nTermine: jeden letzten Dienstag im Monat um 17:30 Uhr<br \/>\n<strong>Kontakt:<\/strong><br \/>\nautismus-duderstadt@web.de<\/p>\n<p>&nbsp;<\/p>\n<p><strong>37120 Bovenden<\/strong><\/p>\n<p><strong>Gespr\u00e4chskreis Autismus<\/strong><br \/>\nTreffen jeden dritten Dienstag, 20.00 Uhr<br \/>\nau\u00dfer in den Schulferien<br \/>\nin der AWO, Am Korbhofe 6, 37120 Bovenden<br \/>\n<strong>Kontakt:<\/strong><br \/>\nKerstin Carl Tel.: 05505-999 370<br \/>\nAndrea M\u00fcller Tel: 05594-85 99<\/p>\n<p>&nbsp;<\/p>\n<p><strong>38118 Braunschweig<\/strong><\/p>\n<p><strong>Asperger-Elternkreis<\/strong><br \/>\nTreffen jeden dritten Donnerstag im Monat<br \/>\nin der Zeit von 18.00 bis 20.00 Uhr<br \/>\nau\u00dfer in den Schulferien<br \/>\nin der Autismusambulanz, Hasenwinkel 3, 38114 Braunschweig<br \/>\n<strong>Kontakt:<\/strong><br \/>\nFrau Schlenker, Tel. 0531-4719-492<br \/>\n<a href=\"http:\/\/www.lebenshilfe-braunschweig.de\">www.lebenshilfe-braunschweig.de<\/a><\/p>\n<p>&nbsp;<\/p>\n<p><strong>Selbsthilfegruppe betroffener Erwachsener<\/strong><br \/>\nTreffen jeden ersten Freitag im Monat<br \/>\nin der Zeit von 17.00 bis 19.00 Uhr<br \/>\nin der Autismusambulanz Hasenwinkel 3, 38114 Braunschweig.<br \/>\n<strong>Kontakt:<\/strong><br \/>\nFrau Schlenker, Tel. 0531-4719 492 und 01520-92 22 836<br \/>\n<a href=\"http:\/\/www.lebenshilfe-braunschweig.de\">www.lebenshilfe-braunschweig.de<\/a><\/p>\n<p>&nbsp;<\/p>\n<p><strong>38442 Wolfsburg<br \/>\nGruppe f\u00fcr V\u00e4ter von Kindern mit Autismus<\/strong><br \/>\nTreffen jeden zweiten Mittwoch im Monat<br \/>\nab 19.00 Uhr<br \/>\nAutismus Therapie- u. Beratungszentrum<br \/>\nAn der Grandkuhle 5, 38442 Wolfsburg<br \/>\n<strong>Kontakt:<\/strong><br \/>\nAxel Pieper, Tel. 0174-1725716<br \/>\n<a href=\"http:\/\/www.autismus-wolfsburg.de\">www.autismus-wolfsburg.de<\/a><\/p>\n<p>&nbsp;<\/p>\n<p><strong>Gruppe f\u00fcr M\u00fctter von Kindern mit Autismus<\/strong><br \/>\njeden zweiten Dienstag im Monat<br \/>\nab 18.00 Uhr<br \/>\nAutismus Therapie- u. Beratungszentrum<br \/>\nAn der Grandkuhle 5, 38442 Wolfsburg<br \/>\n<strong>Kontakt:<\/strong><br \/>\nSteffi Hamann, Tel. 05362-500 667<br \/>\n<a href=\"http:\/\/www.autismus-wolfsburg.de\">www.autismus-wolfsburg.de<\/a><\/p>\n<p>&nbsp;<\/p>\n<p><strong>49377 Vechta<\/strong><\/p>\n<p><strong>Selbsthilfegruppe \u201eLeben mit Autismus\u201c<\/strong><br \/>\nvon Eltern mit Kindern mit Autismus-Spektrum-St\u00f6rung<br \/>\n<strong>Kontakt:<\/strong><br \/>\nYvonne M\u00fcnch, Tel.: 0174-6599166<br \/>\nshg-autismus.yvonnemuench@web.de<br \/>\n<a href=\"https:\/\/www.facebook.com\/shgautismusdiepholz\">www.shg-autismus-diepholz.de<\/a><\/p>\n<p>&nbsp;<\/p>\n","protected":false},"excerpt":{"rendered":"<p>Selbsthilfegruppen in Niedersachsen, Bremen und Hamburg Selbsthilfegruppen sind wichtig, um sich mit Gleichgesinnten auszutauschen. In Selbsthilfegruppen k\u00f6nnen Sie das Verst\u00e4ndnis finden, das Fachkr\u00e4fte und Beratungen nicht vermitteln k\u00f6nnen. Durch den Besuch einer Selbsthilfegruppe k\u00f6nnen Sie Informationen \u00fcber Angebote und Verfahrenswege in Ihrer Region erhalten. Wenn es noch keine Selbsthilfegruppe in<\/p>\n","protected":false},"author":1,"featured_media":0,"parent":123,"menu_order":1,"comment_status":"closed","ping_status":"closed","template":"","meta":{"footnotes":"","_links_to":"","_links_to_target":""},"class_list":["post-140","page","type-page","status-publish","hentry"],"_links":{"self":[{"href":"https:\/\/www.autismus-niedersachsen.de\/index.php?rest_route=\/wp\/v2\/pages\/140","targetHints":{"allow":["GET"]}}],"collection":[{"href":"https:\/\/www.autismus-niedersachsen.de\/index.php?rest_route=\/wp\/v2\/pages"}],"about":[{"href":"https:\/\/www.autismus-niedersachsen.de\/index.php?rest_route=\/wp\/v2\/types\/page"}],"author":[{"embeddable":true,"href":"https:\/\/www.autismus-niedersachsen.de\/index.php?rest_route=\/wp\/v2\/users\/1"}],"replies":[{"embeddable":true,"href":"https:\/\/www.autismus-niedersachsen.de\/index.php?rest_route=%2Fwp%2Fv2%2Fcomments&post=140"}],"version-history":[{"count":17,"href":"https:\/\/www.autismus-niedersachsen.de\/index.php?rest_route=\/wp\/v2\/pages\/140\/revisions"}],"predecessor-version":[{"id":1430,"href":"https:\/\/www.autismus-niedersachsen.de\/index.php?rest_route=\/wp\/v2\/pages\/140\/revisions\/1430"}],"up":[{"embeddable":true,"href":"https:\/\/www.autismus-niedersachsen.de\/index.php?rest_route=\/wp\/v2\/pages\/123"}],"wp:attachment":[{"href":"https:\/\/www.autismus-niedersachsen.de\/index.php?rest_route=%2Fwp%2Fv2%2Fmedia&parent=140"}],"curies":[{"name":"wp","href":"https:\/\/api.w.org\/{rel}","templated":true}]}}