{"id":173,"date":"2015-02-13T16:42:02","date_gmt":"2015-02-13T14:42:02","guid":{"rendered":"http:\/\/blau45.de\/test1\/?page_id=173"},"modified":"2019-04-10T11:52:41","modified_gmt":"2019-04-10T09:52:41","slug":"2008-open-space-konferenz","status":"publish","type":"page","link":"https:\/\/www.autismus-niedersachsen.de\/?page_id=173","title":{"rendered":"2008 Open Space Konferenz"},"content":{"rendered":"<p><strong>Netzwerk Autismus vor der Gr\u00fcndung <\/strong><br \/>\n<strong>Hannoversche Konferenz gibt Startsignal<br \/>\n<\/strong><\/p>\n<p>&#8211; <span class=\"style24\"><span class=\"style28\">Dokumenation und Fotos der <\/span><\/span><span class=\"style28\"><span class=\"style26\">LVG Niedersachsen<\/span><\/span><br \/>\n&#8211; <a href=\"http:\/\/www.autismus-niedersachsen.de\/wp-content\/uploads\/2015\/02\/2008-Tagungsflyer.pdf\">Tagungsflyer Hannover als PDF-Datei<\/a><\/p>\n<div id=\"attachment_177\" style=\"width: 310px\" class=\"wp-caption alignright\"><a href=\"http:\/\/www.autismus-niedersachsen.de\/wp-content\/uploads\/2015\/02\/2008-Hannover-Wachtel.jpg\"><img loading=\"lazy\" decoding=\"async\" aria-describedby=\"caption-attachment-177\" class=\"wp-image-177 size-medium\" src=\"http:\/\/www.autismus-niedersachsen.de\/wp-content\/uploads\/2015\/02\/2008-Hannover-Wachtel-300x199.jpg\" alt=\"2008 - Hannover Wachtel\" width=\"300\" height=\"199\" srcset=\"https:\/\/www.autismus-niedersachsen.de\/wp-content\/uploads\/2015\/02\/2008-Hannover-Wachtel-300x199.jpg 300w, https:\/\/www.autismus-niedersachsen.de\/wp-content\/uploads\/2015\/02\/2008-Hannover-Wachtel.jpg 448w\" sizes=\"auto, (max-width: 300px) 100vw, 300px\" \/><\/a><p id=\"caption-attachment-177\" class=\"wp-caption-text\">Foto: LAG<\/p><\/div>\n<p>Hannover (hal) Obwohl das Problem Autismus mehr und mehr in das \u00f6ffentlich Bewusstsein vorr\u00fcckt, stehen die betroffenen Familien immer noch vor einem kaum zu durchdringenden Zust\u00e4ndigkeitswirrwarr, vorausgesetzt die notwendige und richtige Diagnose wird \u00fcberhaupt fr\u00fchzeitig gestellt. F\u00fcr die Angeh\u00f6rigen, aber auch f\u00fcr die Lehrer und Betreuer ist es in Niedersachsen schwer an verl\u00e4ssliche Informationen zu gelangen; noch schwerer ist es, eine geeignete und bereite Schule zu finden, die diesen Kindern eine Bildungschance er\u00f6ffnet.<\/p>\n<p>Die Landesarbeitsgemeinschaft (LAG) Autismus hat jetzt in Kooperation mit der Landesvereinigung f\u00fcr Gesundheit und Akademie f\u00fcr Sozialmedizin Niedersachsen e.V. zu einer Konferenz in die Henriettenstiftung Hannover eingeladen. \u00dcber hundert Teilnehmer aus allen Regionen Niedersachsens, Angeh\u00f6rige, Therapeuten, Lehrer sowie Mitarbeiter sozialer Dienste und von Landkreisen, waren nach Hannover gekommen, um sich in einer Open-Space-Konferenz der grundlegenden Problemstellungen bewusst zu werden. W\u00e4hrend der Begr\u00fc\u00dfung ging Dr. Peter Wachtel vom Nieders\u00e4chsischen Kultusministerium auf die Situation im Lande ein. Besonders die Suche nach der richtigen Schulform bleibe ein Problem. \u201eNiedersachsen ist nicht r\u00fcckst\u00e4ndig \u2013 ein bisschen hat sich schon getan\u201c, stellt er nicht gerade \u00fcberzeugend in Anwesenheit einiger Vertreter der Landespolitik fest.<\/p>\n<p><strong>\u201eAbgestimmte F\u00f6rderplanung sollte Ausgangsbasis f\u00fcr Hilfen sein\u201c<\/strong><\/p>\n<p>Die Angebote in den F\u00f6rderschulen im F\u00f6rderschwerpunkt Emotional\/Sozial seien oft kaum geeignet, den Anforderung zu entsprechen. Ein Problem sei die Zust\u00e4ndigkeitsfrage (welche Schule\/welcher Kostentr\u00e4ger) unver\u00e4ndert. L\u00f6sungen m\u00fcssten sich am Einzelbedarf orientieren, am besten auf der Basis eines individuellen abgestimmten F\u00f6rderplanes. Der Aufbau eines Netzwerkes k\u00f6nne da f\u00fcr alle Beteiligten von gro\u00dfer Bedeutung sein, so Wachtel.<\/p>\n<p>In 13 offenen Arbeitsgruppen wurde dann besprochen und analysiert, was funktioniert und was nicht. Dabei wurde die Situation bei notwendiger Schulbegleitung ebenso unter die Lupe genommen, wie die Lehrerausbildung, die Unterst\u00fctzung im Schulalltag oder auch die Diagnostik und die Chancen auf dem Arbeitsmarkt. Eines wurde dabei \u00fcberdeutlich: Es gibt in Niedersachsen keine klaren Strukturen, sich auch nur einen halbwegs qualifizierten \u00dcberblick zu verschaffen. Die Ratlosigkeit trifft dabei besonders die Familien, die je nach Region mal besser oder schlechter gestellt sind, was Beratung oder Schulangebote angeht. Informationen und Hilfen muss jeder sich selbst erk\u00e4mpfen, h\u00e4ufig ist der Austausch unter den Familien die beste Nachrichtenplattform. Die unterschiedlichen Arbeitsgemeinschaften und Selbsthilfegruppen leisten vieles, sind aber schon aufgrund ihrer regionalen Ausrichtung und Ehrenamtlichkeit, nur eingeschr\u00e4nkt kompetent. Oft hilft nur der Rechtsweg, um den behinderten Kindern zu ihrem Recht zu verhelfen. Dabei d\u00fcrfte es nach neuesten Berechnungen in Niedersachsen \u00fcber 9.000 Kinder geben, die mit autismusspezifischen Behinderungen leben m\u00fcssen.<\/p>\n<p><strong>Netzwerk Autismus kommt<\/strong><strong>\u00a0\u00a0 <\/strong><\/p>\n<p>Die Arbeitsergebnisse der Konferenz werden jetzt noch einmal ausgewertet und so aufbereitet werden, dass konkrete Forderungen formuliert werden k\u00f6nnen. F\u00fcr die Sprecherin der LAG Erika Weber, Walsrode, und das Organisationsteam steht nach der Konferenz aber fest, dass es h\u00f6chste Zeit ist, dass Netzwerk zu gr\u00fcnden. \u201eDas Netzwerk kann auch helfen, Autismus fr\u00fcher zu erkennen und F\u00f6rderkonzepte gezielter einzuwenden\u201c, so Weber. Geplant ist zun\u00e4chst der Aufbau eines Internetportals, \u00fcber das Informationen ausgetauscht und vermittelt werden k\u00f6nnen.<\/p>\n<p>F\u00fcr weitere R\u00fcckfragen steht Erika Weber,<\/p>\n<p>E-Mail: <strong><a href=\"mailto:LAG@Autismus-Niedersachsen.de\">LAG@Autismus-Niedersachsen.de<\/a><\/strong> zur Verf\u00fcgung.<\/p>\n<p>Fototext: Dr. Peter Wachtel begr\u00fc\u00dft die Konferenzteilnehmer im Henriettenstift Hannover.<br \/>\nDie rund 100 Teilnehmer sind sich einig: Ein Informationsnetzwerk ist n\u00f6tig,<br \/>\num den Familien bei der Suche nach Hilfen behilflich zu sein. (Foto: lag)<\/p>\n<p class=\"style20\"><strong> <span class=\"style24\"><span class=\"style28\">Dokumenation<\/span><\/span><\/strong><\/p>\n<p><span class=\"style16\"><span class=\"style26\">Die Dokumentation sowie die Fotogalerie zur Veranstaltung k\u00f6nnen Sie auf der Homepage der Landesvereinigung f\u00fcr Gesundheit und Akademie f\u00fcr Sozialmedizin e. V. unter diesem externen Link herunterladen.<\/span><\/span><\/p>\n","protected":false},"excerpt":{"rendered":"<p>Netzwerk Autismus vor der Gr\u00fcndung Hannoversche Konferenz gibt Startsignal &#8211; Dokumenation und Fotos der LVG Niedersachsen &#8211; Tagungsflyer Hannover als PDF-Datei Hannover (hal) Obwohl das Problem Autismus mehr und mehr in das \u00f6ffentlich Bewusstsein vorr\u00fcckt, stehen die betroffenen Familien immer noch vor einem kaum zu durchdringenden Zust\u00e4ndigkeitswirrwarr, vorausgesetzt die notwendige<\/p>\n","protected":false},"author":1,"featured_media":0,"parent":267,"menu_order":0,"comment_status":"closed","ping_status":"closed","template":"","meta":{"footnotes":"","_links_to":"","_links_to_target":""},"class_list":["post-173","page","type-page","status-publish","hentry"],"_links":{"self":[{"href":"https:\/\/www.autismus-niedersachsen.de\/index.php?rest_route=\/wp\/v2\/pages\/173","targetHints":{"allow":["GET"]}}],"collection":[{"href":"https:\/\/www.autismus-niedersachsen.de\/index.php?rest_route=\/wp\/v2\/pages"}],"about":[{"href":"https:\/\/www.autismus-niedersachsen.de\/index.php?rest_route=\/wp\/v2\/types\/page"}],"author":[{"embeddable":true,"href":"https:\/\/www.autismus-niedersachsen.de\/index.php?rest_route=\/wp\/v2\/users\/1"}],"replies":[{"embeddable":true,"href":"https:\/\/www.autismus-niedersachsen.de\/index.php?rest_route=%2Fwp%2Fv2%2Fcomments&post=173"}],"version-history":[{"count":1,"href":"https:\/\/www.autismus-niedersachsen.de\/index.php?rest_route=\/wp\/v2\/pages\/173\/revisions"}],"predecessor-version":[{"id":1229,"href":"https:\/\/www.autismus-niedersachsen.de\/index.php?rest_route=\/wp\/v2\/pages\/173\/revisions\/1229"}],"up":[{"embeddable":true,"href":"https:\/\/www.autismus-niedersachsen.de\/index.php?rest_route=\/wp\/v2\/pages\/267"}],"wp:attachment":[{"href":"https:\/\/www.autismus-niedersachsen.de\/index.php?rest_route=%2Fwp%2Fv2%2Fmedia&parent=173"}],"curies":[{"name":"wp","href":"https:\/\/api.w.org\/{rel}","templated":true}]}}