{"id":179,"date":"2015-02-13T16:50:45","date_gmt":"2015-02-13T14:50:45","guid":{"rendered":"http:\/\/blau45.de\/test1\/?page_id=179"},"modified":"2025-11-19T22:57:44","modified_gmt":"2025-11-19T20:57:44","slug":"2013-walsroder-tagung","status":"publish","type":"page","link":"https:\/\/www.autismus-niedersachsen.de\/?page_id=179","title":{"rendered":"2013 Walsroder Tagung"},"content":{"rendered":"<p><strong>&#8222;Leben mit Autismus (k)ein Problem!?&#8220; <\/strong><br \/>\n<strong>Walsroder Tagung lockt rund 400 Tagungsteilnehmer und G\u00e4ste an<\/strong><br \/>\n<strong>Walsroder Erkl\u00e4rung formuliert konkrete Forderungen<\/strong><\/p>\n<p><a href=\"http:\/\/www.autismus-niedersachsen.de\/wp-content\/uploads\/2015\/02\/2013-Walsroder-Erkl\u00e4rung.pdf\">&#8211; Walsroder Erkl\u00e4rung als PDF-Datei<br \/>\n<\/a><a href=\"http:\/\/www.gesundheit-nds.de\/\">&#8211; Dokumentation der LVG Niedersachsen<\/a><br \/>\n<a href=\"http:\/\/www.einzigartig-eigenartig.de\/?seite=pressebereich\">&#8211; Liste der Presseberichte zur Tagung<\/a><\/p>\n<div id=\"attachment_193\" style=\"width: 310px\" class=\"wp-caption alignright\"><a href=\"http:\/\/www.autismus-niedersachsen.de\/wp-content\/uploads\/2015\/02\/2013-Foto-Tagung-1.jpg\"><img loading=\"lazy\" decoding=\"async\" aria-describedby=\"caption-attachment-193\" class=\"wp-image-193 size-medium\" src=\"http:\/\/www.autismus-niedersachsen.de\/wp-content\/uploads\/2015\/02\/2013-Foto-Tagung-1-300x192.jpg\" alt=\"2013 - Foto Tagung 1\" width=\"300\" height=\"192\" srcset=\"https:\/\/www.autismus-niedersachsen.de\/wp-content\/uploads\/2015\/02\/2013-Foto-Tagung-1-300x192.jpg 300w, https:\/\/www.autismus-niedersachsen.de\/wp-content\/uploads\/2015\/02\/2013-Foto-Tagung-1.jpg 943w\" sizes=\"auto, (max-width: 300px) 100vw, 300px\" \/><\/a><p id=\"caption-attachment-193\" class=\"wp-caption-text\">Foto: LAG<\/p><\/div>\n<p>Zur zweiten Interdisziplin\u00e4ren Fachtagung konnte Thomas L\u00f6prich (Landesarbeitsgemeinschaft Autismus Niedersachsen) in der vollbesetzten Walsroder Stadthalle die Schirmherrin und Nieders\u00e4chsische Ministerin f\u00fcr Soziales, Frauen, Familie, Gesundheit und Integration Cornelia Rundt (2. v. li,), Silke Lorenz (B\u00fcrgermeisterin Walsrode), Holger Stolz (stellv. Landrat Heidekreis) und Gudrun Pieper (Landtagsabgeordnete) begr\u00fc\u00dfen. F\u00fcr die Veranstalter vom Verein einzigartig-eigenartig e. V. freuen sich (v. re.) Angelika Matzick und J\u00fcrgen Isernhagen (Vorstand) sowie Thomas Altgeld vom Kooperationspartner, der Landesvereinigung f\u00fcr Gesundheit und Akademie f\u00fcr Sozialmedizin Niedersachsen e. V. (1. v. li), \u00fcber die rund 400 Tagungsteilnehmer aus ganz Niedersachsen.<\/p>\n<div id=\"attachment_194\" style=\"width: 310px\" class=\"wp-caption alignleft\"><a href=\"http:\/\/www.autismus-niedersachsen.de\/wp-content\/uploads\/2015\/02\/2013-Foto-Tagung-2.jpg\"><img loading=\"lazy\" decoding=\"async\" aria-describedby=\"caption-attachment-194\" class=\"wp-image-194 size-medium\" src=\"http:\/\/www.autismus-niedersachsen.de\/wp-content\/uploads\/2015\/02\/2013-Foto-Tagung-2-300x227.jpg\" alt=\"2013 - Foto Tagung 2\" width=\"300\" height=\"227\" srcset=\"https:\/\/www.autismus-niedersachsen.de\/wp-content\/uploads\/2015\/02\/2013-Foto-Tagung-2-300x227.jpg 300w, https:\/\/www.autismus-niedersachsen.de\/wp-content\/uploads\/2015\/02\/2013-Foto-Tagung-2.jpg 944w\" sizes=\"auto, (max-width: 300px) 100vw, 300px\" \/><\/a><p id=\"caption-attachment-194\" class=\"wp-caption-text\">Foto: LAG<\/p><\/div>\n<p>Basierend auf der Walsroder Erkl\u00e4rung formulierte Thomas L\u00f6prich (LAG) in seiner Einleitung die Forderung nach einem interdisziplin\u00e4ren Leitfaden, der Hilfesuchenden eine komplette \u00dcbersicht der fachlichen Angebote in den Regionen des Landes Niedersachsen vermittelt. Die LAG wolle erreichen, dass eine unabh\u00e4ngige Informations- und Beratungsstelle f\u00fcr Betroffene und Angeh\u00f6rige geschaffen werde. Die Informationsinhalte sollten zudem auch \u00fcber eine Website landesweit zur Verf\u00fcgung gestellt werden. All das werde derzeit durch den Aufbau von regionalen Knoten (z. B. Walsrode, Stadthagen, Landkreis Harburg, Hildesheim) untermauert, in denen Informations- und Beratungsinhalte ausgetauscht und weiterentwickelt w\u00fcrden.<\/p>\n<div id=\"attachment_195\" style=\"width: 310px\" class=\"wp-caption alignright\"><a href=\"http:\/\/www.autismus-niedersachsen.de\/wp-content\/uploads\/2015\/02\/2013-Foto-Tagung-3.jpg\"><img loading=\"lazy\" decoding=\"async\" aria-describedby=\"caption-attachment-195\" class=\"wp-image-195 size-medium\" src=\"http:\/\/www.autismus-niedersachsen.de\/wp-content\/uploads\/2015\/02\/2013-Foto-Tagung-3-300x225.jpg\" alt=\"2013 - Foto Tagung 3\" width=\"300\" height=\"225\" srcset=\"https:\/\/www.autismus-niedersachsen.de\/wp-content\/uploads\/2015\/02\/2013-Foto-Tagung-3-300x225.jpg 300w, https:\/\/www.autismus-niedersachsen.de\/wp-content\/uploads\/2015\/02\/2013-Foto-Tagung-3-1024x768.jpg 1024w, https:\/\/www.autismus-niedersachsen.de\/wp-content\/uploads\/2015\/02\/2013-Foto-Tagung-3.jpg 1038w\" sizes=\"auto, (max-width: 300px) 100vw, 300px\" \/><\/a><p id=\"caption-attachment-195\" class=\"wp-caption-text\">Foto: LAG<\/p><\/div>\n<p>Ein kleiner Verein leistet Gro\u00dfes. Der Vorstand des Vereins einzigartig-eigenartig e. V. mit seinen 35 Mitgliedern hat die Tagung &#8222;Leben mit Autismus &#8211; (k)ein Problem!?&#8220; mit gro\u00dfem ehrenamtlichen Engagement in Kooperation mit der Landesvereinigung f\u00fcr Gesundheit und Akademie f\u00fcr Sozialmedizin Niedersachsen und der Landesarbeitsgemeinschaft Autismus Niedersachsen auf die Beine gestellt. &#8222;Daf\u00fcr sind wir ein hohes finanzielles Risiko &#8211; bis zum 30fachen unsere Mitgliedsbeitr\u00e4ge &#8211; eingegangen&#8220;, so Vorsitzender J\u00fcrgen Isernhagen (re.) mit seinen Vorstandmitgliedern Angelika Matzick (v.li.), Thomas L\u00f6prich und Schirmherrin Cornelia Rundt vor Tagungsbeginn.<\/p>\n<p>Die Teilnehmer aus ganz Niedersachsen melden sich f\u00fcr die Tagung an. Neben Angeh\u00f6rigen, Betroffenen setzte sich das Publikum aus Bezugspersonen (Erziehern, Lehrkr\u00e4ften, Schul- und Arbeitsplatzassistenten) sowie \u00c4rzten und Therapeuten des Gesundheits-, Sozial- und Bildungswesens zusammen.<\/p>\n<div id=\"attachment_196\" style=\"width: 310px\" class=\"wp-caption alignleft\"><a href=\"http:\/\/www.autismus-niedersachsen.de\/wp-content\/uploads\/2015\/02\/2013-Foto-Tagung-4.jpg\"><img loading=\"lazy\" decoding=\"async\" aria-describedby=\"caption-attachment-196\" class=\"wp-image-196 size-medium\" src=\"http:\/\/www.autismus-niedersachsen.de\/wp-content\/uploads\/2015\/02\/2013-Foto-Tagung-4-300x224.jpg\" alt=\"2013 - Foto Tagung 4\" width=\"300\" height=\"224\" srcset=\"https:\/\/www.autismus-niedersachsen.de\/wp-content\/uploads\/2015\/02\/2013-Foto-Tagung-4-300x224.jpg 300w, https:\/\/www.autismus-niedersachsen.de\/wp-content\/uploads\/2015\/02\/2013-Foto-Tagung-4-1024x768.jpg 1024w, https:\/\/www.autismus-niedersachsen.de\/wp-content\/uploads\/2015\/02\/2013-Foto-Tagung-4.jpg 1036w\" sizes=\"auto, (max-width: 300px) 100vw, 300px\" \/><\/a><p id=\"caption-attachment-196\" class=\"wp-caption-text\">Foto: LAG<\/p><\/div>\n<p>Zum Abschluss eine Perspektivdiskussion, geleitet v. Thomas Altgeld (Landesvereinigung). Carsten Donath (Berufsbildungswerk Potsdam), Hajo Seng (autWorker Hamburg) beide auch Betroffene (v. li.) diskutieren mit Martin Beck (Philologenverband Nds.), Ulrich Dettling (Nds. Landesschulbeh\u00f6rde L\u00fcneburg), Prof. Dr. Dr. Vogeley (Uni K\u00f6ln), Andreas Luther (Autismus Hannover e.V.), Gerd Steinacker (Lebenshilfe Walsrode e.V.), Sabine Brockmann (gGIS Hannover) und Anja G\u00f6ttsche (P\u00e4d. Fachdienst f\u00fcr Sprache und Kommunikation, Bruchsal). Res\u00fcmee: Vieles hat sich gut entwickelt, aber auf den unterschiedlichen Ebenen fehlen besonders unabh\u00e4ngige Beratungsangebote. Insbesondere in der Lehrerausbildung m\u00fcssen mehr Fachleute speziell in Zeiten der Inklusion geschult werden.<\/p>\n<p>&nbsp;<\/p>\n<p><strong>2. Interdisziplin\u00e4re Fachtagung in Kooperation mit der Landesarbeitsgemeinschaft Autismus Niedersachsen und der Landesvereinigung Gesundheit e. V. \u2013 \u201eLeben mit Autismus \u2013 (k)ein Problem?!\u201c am 28.9.2013 in Walsrode<\/strong><\/p>\n<p>Die 2. Interdisziplin\u00e4re Fachtagung \u201eLeben mit Autismus \u2013 (k)ein Problem?!\u201c hat wie die 1. Interdisziplin\u00e4re Fachtagung \u201eMit Autismus muss gerechnet werden \u2026 in Niedersachsen!\u201c vom 23. bis 24. November 2007 in Verden\/Aller zum Ziel, einen aktuellen und praxisrelevanten \u00dcberblick \u00fcber die verschiedenen Aspekte der Themenkomplexe der Autismus-Spektrum-St\u00f6rungen, sowohl durch Betroffene als auch durch verschiedene Fachleute, zu geben. W\u00e4hrend Kindergarten und Schule bereits im Mittelpunkt der Verdener Tagung 2007 standen, soll das Themenspektrum der diesj\u00e4hrigen Tagung um den Bereich Arbeit und Kommunikation erweitert werden.<\/p>\n<p>Die Tagung richtet sich an Menschen mit Autismus, um auch ihnen die M\u00f6glichkeit zu bieten, ihre Sichtweise darzulegen, sowie an deren Bezugspersonen (Eltern, Erzieherinnen und Erzieher, Lehrkr\u00e4fte, Schul- und Arbeitsplatzassistentinnen und -assistenten). Mit der 2. Interdisziplin\u00e4ren Fachtagung sollen auch Fachkr\u00e4fte unterschiedlicher Disziplinen des Gesundheits-, Sozial- und Bildungswesens \u00fcber Autismus-Spektrum-St\u00f6rungen (ASS) informiert werden und ein Forum zum fachlichen Austausch geboten bekommen.<\/p>\n<p>Durch die Teilnahme politischer Entscheidungstr\u00e4gerinnen und Entscheidungstr\u00e4ger sowie Vertreterinnen und Vertretern ma\u00dfgeblicher Vereinigungen und Verb\u00e4nde soll von der Tagung erneut ein Impuls ausgehen, der zu einer Verbesserung der Situation von Menschen mit einer Autismus-Spektrum-St\u00f6rung f\u00fchrt.<\/p>\n<p>Ebenso wie in Verden im Jahr 2007 werden gemeinsame Forderungen postuliert werden, deren Umsetzung in Niedersachsen dazu beitragen soll, die Situation von Kindern, Jugendlichen und Erwachsenen mit einer Autismus-Spektrum-St\u00f6rung nachhaltig zu verbessern.<\/p>\n<p>&nbsp;<\/p>\n<p>Veranstalter der Tagung ist der gesch\u00e4ftsf\u00fchrende Verein der Landesarbeitsgemeinschaft Autismus Niedersachsen einzigartig-eigenartig e. V., Walsrode in Kooperation mit der LVG &amp; AFS Niedersachsen e. V. und weiteren Kooperationspartnern.<\/p>\n<p>Schirmherrin: Cornelia Rundt<br \/>\nNieders\u00e4chsische Ministerin f\u00fcr Soziales, Frauen, Familie, Gesundheit und Integration<\/p>\n<p><a href=\"http:\/\/www.autismus-niedersachsen.de\/wp-content\/uploads\/2015\/02\/2013-Logo-Niedersachsen.jpg\"><img loading=\"lazy\" decoding=\"async\" class=\"alignleft wp-image-197 size-full\" src=\"http:\/\/www.autismus-niedersachsen.de\/wp-content\/uploads\/2015\/02\/2013-Logo-Niedersachsen.jpg\" alt=\"2013 - Logo Niedersachsen\" width=\"250\" height=\"70\" \/><\/a><\/p>\n<p>&nbsp;<\/p>\n<p>&nbsp;<\/p>\n<p>&nbsp;<\/p>\n<p>Veranstalter: einzigartig-eigenartig e.V.<\/p>\n<p><a href=\"http:\/\/www.autismus-niedersachsen.de\/wp-content\/uploads\/2015\/02\/2013-Logo-einzigartig.jpg\"><img loading=\"lazy\" decoding=\"async\" class=\"alignleft wp-image-198 \" src=\"http:\/\/www.autismus-niedersachsen.de\/wp-content\/uploads\/2015\/02\/2013-Logo-einzigartig-150x150.jpg\" alt=\"2013 - Logo einzigartig\" width=\"118\" height=\"118\" srcset=\"https:\/\/www.autismus-niedersachsen.de\/wp-content\/uploads\/2015\/02\/2013-Logo-einzigartig-150x150.jpg 150w, https:\/\/www.autismus-niedersachsen.de\/wp-content\/uploads\/2015\/02\/2013-Logo-einzigartig-225x225.jpg 225w, https:\/\/www.autismus-niedersachsen.de\/wp-content\/uploads\/2015\/02\/2013-Logo-einzigartig-60x60.jpg 60w\" sizes=\"auto, (max-width: 118px) 100vw, 118px\" \/><\/a><\/p>\n<p>&nbsp;<\/p>\n<p>&nbsp;<\/p>\n<p>&nbsp;<\/p>\n<p>&nbsp;<\/p>\n<p><strong>Gef\u00f6rdert durch:<\/strong><\/p>\n<p>Nieders\u00e4chsisches Ministerium f\u00fcr Soziales, Frauen, Familie, Gesundheit und Integration<\/p>\n<p><a href=\"http:\/\/www.autismus-niedersachsen.de\/wp-content\/uploads\/2015\/02\/2013-Logo-Ministerium.gif\"><img loading=\"lazy\" decoding=\"async\" class=\"alignleft wp-image-199 size-full\" src=\"http:\/\/www.autismus-niedersachsen.de\/wp-content\/uploads\/2015\/02\/2013-Logo-Ministerium.gif\" alt=\"2013 - Logo Ministerium\" width=\"350\" height=\"68\" \/><\/a><\/p>\n<p>&nbsp;<\/p>\n<p>&nbsp;<\/p>\n<p>Stiftung der Kreissparkasse Fallingbostel in Walsrode<\/p>\n<p><a href=\"http:\/\/www.autismus-niedersachsen.de\/wp-content\/uploads\/2015\/02\/2013-Logo-Kreissparkasse.jpg\"><img loading=\"lazy\" decoding=\"async\" class=\"alignleft wp-image-200 \" src=\"http:\/\/www.autismus-niedersachsen.de\/wp-content\/uploads\/2015\/02\/2013-Logo-Kreissparkasse.jpg\" alt=\"2013 - Logo Kreissparkasse\" width=\"164\" height=\"73\" \/><\/a><\/p>\n<p>&nbsp;<\/p>\n<p>&nbsp;<\/p>\n<p>&nbsp;<\/p>\n<p><strong>Kooperationspartner:<\/strong><\/p>\n<p>Landesarbeitsgemeinschaft Autismus Niedersachsen<\/p>\n<p><a href=\"http:\/\/www.autismus-niedersachsen.de\/wp-content\/uploads\/2015\/11\/LAG-Logo1.jpg\"><img loading=\"lazy\" decoding=\"async\" class=\"alignleft wp-image-728 \" src=\"http:\/\/www.autismus-niedersachsen.de\/wp-content\/uploads\/2015\/11\/LAG-Logo1-300x277.jpg\" alt=\"LAG Logo1\" width=\"154\" height=\"142\" srcset=\"https:\/\/www.autismus-niedersachsen.de\/wp-content\/uploads\/2015\/11\/LAG-Logo1-300x277.jpg 300w, https:\/\/www.autismus-niedersachsen.de\/wp-content\/uploads\/2015\/11\/LAG-Logo1.jpg 338w\" sizes=\"auto, (max-width: 154px) 100vw, 154px\" \/><\/a><\/p>\n<p>&nbsp;<\/p>\n<p>&nbsp;<\/p>\n<p>&nbsp;<\/p>\n<p>&nbsp;<\/p>\n<p>&nbsp;<\/p>\n<p>Landesarbeitsgemeinschaft gemeinsam leben &#8211; gemeinsam lernen Niedersachsen e.V.<\/p>\n<p><a href=\"http:\/\/www.autismus-niedersachsen.de\/wp-content\/uploads\/2015\/02\/2013-Logo-Gemeinsam-Leben.jpg\"><img loading=\"lazy\" decoding=\"async\" class=\"alignleft wp-image-202 size-thumbnail\" src=\"http:\/\/www.autismus-niedersachsen.de\/wp-content\/uploads\/2015\/02\/2013-Logo-Gemeinsam-Leben-150x150.jpg\" alt=\"2013 - Logo Gemeinsam Leben\" width=\"150\" height=\"150\" srcset=\"https:\/\/www.autismus-niedersachsen.de\/wp-content\/uploads\/2015\/02\/2013-Logo-Gemeinsam-Leben-150x150.jpg 150w, https:\/\/www.autismus-niedersachsen.de\/wp-content\/uploads\/2015\/02\/2013-Logo-Gemeinsam-Leben-225x225.jpg 225w, https:\/\/www.autismus-niedersachsen.de\/wp-content\/uploads\/2015\/02\/2013-Logo-Gemeinsam-Leben-60x60.jpg 60w\" sizes=\"auto, (max-width: 150px) 100vw, 150px\" \/><\/a><\/p>\n<p>&nbsp;<\/p>\n<p>&nbsp;<\/p>\n<p>&nbsp;<\/p>\n<p>&nbsp;<\/p>\n<p>&nbsp;<\/p>\n<p>Autismus Hannover e.V. RV zur F\u00f6rderung von Menschen mit Autismus<\/p>\n<p><a href=\"http:\/\/www.autismus-niedersachsen.de\/wp-content\/uploads\/2015\/02\/2013-Logo-Autismus-Hannover.jpg\"><img loading=\"lazy\" decoding=\"async\" class=\"alignleft wp-image-206 size-full\" src=\"http:\/\/www.autismus-niedersachsen.de\/wp-content\/uploads\/2015\/02\/2013-Logo-Autismus-Hannover.jpg\" alt=\"2013 - Logo Autismus Hannover\" width=\"229\" height=\"92\" \/><\/a><\/p>\n<p>&nbsp;<\/p>\n<p>&nbsp;<\/p>\n<p>&nbsp;<\/p>\n<p>Lebenshilfe Walsrode e.V.<\/p>\n<p><a href=\"http:\/\/www.autismus-niedersachsen.de\/wp-content\/uploads\/2015\/02\/2013-Logo-Lebenshilfe-Walsrode.jpg\"><img loading=\"lazy\" decoding=\"async\" class=\"alignleft wp-image-205 size-full\" src=\"http:\/\/www.autismus-niedersachsen.de\/wp-content\/uploads\/2015\/02\/2013-Logo-Lebenshilfe-Walsrode.jpg\" alt=\"2013 - Logo Lebenshilfe Walsrode\" width=\"198\" height=\"57\" \/><\/a><\/p>\n<p>&nbsp;<\/p>\n<p>&nbsp;<\/p>\n<p>&nbsp;<\/p>\n<p>Landesvereinigung f\u00fcr Gesundheit und Akademie f\u00fcr Sozialmedizin\u00a0 Niedersachsen e.V.<\/p>\n<p><a href=\"http:\/\/www.autismus-niedersachsen.de\/wp-content\/uploads\/2015\/02\/2013-Logo-LVG-Nds.jpg\"><img loading=\"lazy\" decoding=\"async\" class=\"alignleft wp-image-204 size-full\" src=\"http:\/\/www.autismus-niedersachsen.de\/wp-content\/uploads\/2015\/02\/2013-Logo-LVG-Nds.jpg\" alt=\"2013 - Logo LVG Nds\" width=\"213\" height=\"94\" \/><\/a><\/p>\n<p>&nbsp;<\/p>\n<p>&nbsp;<\/p>\n<p>&nbsp;<\/p>\n","protected":false},"excerpt":{"rendered":"<p>&#8222;Leben mit Autismus (k)ein Problem!?&#8220; Walsroder Tagung lockt rund 400 Tagungsteilnehmer und G\u00e4ste an Walsroder Erkl\u00e4rung formuliert konkrete Forderungen &#8211; Walsroder Erkl\u00e4rung als PDF-Datei &#8211; Dokumentation der LVG Niedersachsen &#8211; Liste der Presseberichte zur Tagung Zur zweiten Interdisziplin\u00e4ren Fachtagung konnte Thomas L\u00f6prich (Landesarbeitsgemeinschaft Autismus Niedersachsen) in der vollbesetzten Walsroder Stadthalle<\/p>\n","protected":false},"author":1,"featured_media":0,"parent":267,"menu_order":0,"comment_status":"closed","ping_status":"closed","template":"","meta":{"footnotes":"","_links_to":"","_links_to_target":""},"class_list":["post-179","page","type-page","status-publish","hentry"],"_links":{"self":[{"href":"https:\/\/www.autismus-niedersachsen.de\/index.php?rest_route=\/wp\/v2\/pages\/179","targetHints":{"allow":["GET"]}}],"collection":[{"href":"https:\/\/www.autismus-niedersachsen.de\/index.php?rest_route=\/wp\/v2\/pages"}],"about":[{"href":"https:\/\/www.autismus-niedersachsen.de\/index.php?rest_route=\/wp\/v2\/types\/page"}],"author":[{"embeddable":true,"href":"https:\/\/www.autismus-niedersachsen.de\/index.php?rest_route=\/wp\/v2\/users\/1"}],"replies":[{"embeddable":true,"href":"https:\/\/www.autismus-niedersachsen.de\/index.php?rest_route=%2Fwp%2Fv2%2Fcomments&post=179"}],"version-history":[{"count":1,"href":"https:\/\/www.autismus-niedersachsen.de\/index.php?rest_route=\/wp\/v2\/pages\/179\/revisions"}],"predecessor-version":[{"id":1404,"href":"https:\/\/www.autismus-niedersachsen.de\/index.php?rest_route=\/wp\/v2\/pages\/179\/revisions\/1404"}],"up":[{"embeddable":true,"href":"https:\/\/www.autismus-niedersachsen.de\/index.php?rest_route=\/wp\/v2\/pages\/267"}],"wp:attachment":[{"href":"https:\/\/www.autismus-niedersachsen.de\/index.php?rest_route=%2Fwp%2Fv2%2Fmedia&parent=179"}],"curies":[{"name":"wp","href":"https:\/\/api.w.org\/{rel}","templated":true}]}}