{"id":181,"date":"2015-02-13T16:51:20","date_gmt":"2015-02-13T14:51:20","guid":{"rendered":"http:\/\/blau45.de\/test1\/?page_id=181"},"modified":"2015-11-05T14:40:47","modified_gmt":"2015-11-05T12:40:47","slug":"2014-autismus-broschuere","status":"publish","type":"page","link":"https:\/\/www.autismus-niedersachsen.de\/?page_id=181","title":{"rendered":"2014 Brosch\u00fcre Autismus in Nds."},"content":{"rendered":"<p><strong>Walsrode.\u00a0 K\u00fcrzlich ist die Brosch\u00fcre der Landesarbeitsgemeinschaft Autismus Niedersachsen \u201eAutismus in Niedersachsen, Leben mit Autismus \u2013 (k)ein Problem?!\u201c Autismus erschienen.<\/strong><\/p>\n<p><a href=\"http:\/\/www.autismus-niedersachsen.de\/wp-content\/uploads\/2015\/02\/2014-Autismus-Brosch\u00fcre.pdf\">Brosch\u00fcre &#8222;Autismus in Niedersachsen&#8220; als PDF-Datei<\/a><\/p>\n<p><a href=\"http:\/\/www.autismus-niedersachsen.de\/wp-content\/uploads\/2014\/09\/Deckblatt-Autismus-in-Niedersachsen-gross.jpg\"><img loading=\"lazy\" decoding=\"async\" class=\"alignright size-medium wp-image-74\" src=\"http:\/\/www.autismus-niedersachsen.de\/wp-content\/uploads\/2014\/09\/Deckblatt-Autismus-in-Niedersachsen-gross-214x300.jpg\" alt=\"Deckblatt - Autismus in Niedersachsen gross\" width=\"214\" height=\"300\" srcset=\"https:\/\/www.autismus-niedersachsen.de\/wp-content\/uploads\/2014\/09\/Deckblatt-Autismus-in-Niedersachsen-gross-214x300.jpg 214w, https:\/\/www.autismus-niedersachsen.de\/wp-content\/uploads\/2014\/09\/Deckblatt-Autismus-in-Niedersachsen-gross.jpg 400w\" sizes=\"auto, (max-width: 214px) 100vw, 214px\" \/><\/a>Sie beinhaltet neben den aktuellen Kontaktdaten der Selbsthilfegruppen und Regionalverb\u00e4nde in Niedersachsen vor allem Informationen rund um das Sozialrecht. Es werden Teilhabeleistungen und Optionen f\u00fcr einen Nachteilsausgleich bei Autismus und vieles mehr aufgezeigt. Ebenso werden die verschiedenen Verfahrenswege und die Kostentr\u00e4ger benannt.<\/p>\n<p>In der Brosch\u00fcre wird auch die Landesarbeitsgemeinschaft Autismus selbst und die Walsroder Erkl\u00e4rung, die Ende 2013 auf der Autismus-Tagung in Walsrode verabschiedet wurde, vorgestellt.<\/p>\n<p>Gleichzeitig besteht die die M\u00f6glichkeit, die Brosch\u00fcre in Papierform zu beziehen. \u00a0Sie kann \u00fcber folgende E-Mailadresse kostenfrei bezogen werden:\u00a0versand@einzigartig-eigenartig.de<\/p>\n<p>Bitte geben Sie dabei neben Ihren Kontaktdaten\u00a0 auch die gew\u00fcnschte Anzahl der Exemplare an.<\/p>\n<p>Zur Deckung der Versandkosten bitten wir um eine Spende auf das Konto des Vereins \u201eeinzigartig-eigenartig e. V.\u201c (Konto 2255404 bei der Kreissparkasse Walsrode, BLZ 251 523 75, IBAN: DE712 51523 75000 22554 04 &#8211; BIC: NOLADE21WAL).<\/p>\n<p>Die Spenden zur F\u00f6rderung sind steuerlich abzugsf\u00e4hig, da der Verein \u201eeinzigartig-eigenartig e. V.\u201c als mildt\u00e4tig \u00a0anerkannt ist (Finanzamt Soltau 41\/211\/00394).<\/p>\n<p>Auf Wunsch k\u00f6nnen daf\u00fcr Zuwendungsbest\u00e4tigungen (\u00a750 Abs. 1 EStDV) ausgestellt werden, sofern Sie uns den Zahlungsnachweis und einen an Sie adressierten und frankierten R\u00fcckumschlag zusenden.<\/p>\n","protected":false},"excerpt":{"rendered":"<p>Walsrode.\u00a0 K\u00fcrzlich ist die Brosch\u00fcre der Landesarbeitsgemeinschaft Autismus Niedersachsen \u201eAutismus in Niedersachsen, Leben mit Autismus \u2013 (k)ein Problem?!\u201c Autismus erschienen. Brosch\u00fcre &#8222;Autismus in Niedersachsen&#8220; als PDF-Datei Sie beinhaltet neben den aktuellen Kontaktdaten der Selbsthilfegruppen und Regionalverb\u00e4nde in Niedersachsen vor allem Informationen rund um das Sozialrecht. Es werden Teilhabeleistungen und Optionen<\/p>\n","protected":false},"author":1,"featured_media":0,"parent":344,"menu_order":7,"comment_status":"closed","ping_status":"closed","template":"","meta":{"footnotes":"","_links_to":"","_links_to_target":""},"class_list":["post-181","page","type-page","status-publish","hentry"],"_links":{"self":[{"href":"https:\/\/www.autismus-niedersachsen.de\/index.php?rest_route=\/wp\/v2\/pages\/181","targetHints":{"allow":["GET"]}}],"collection":[{"href":"https:\/\/www.autismus-niedersachsen.de\/index.php?rest_route=\/wp\/v2\/pages"}],"about":[{"href":"https:\/\/www.autismus-niedersachsen.de\/index.php?rest_route=\/wp\/v2\/types\/page"}],"author":[{"embeddable":true,"href":"https:\/\/www.autismus-niedersachsen.de\/index.php?rest_route=\/wp\/v2\/users\/1"}],"replies":[{"embeddable":true,"href":"https:\/\/www.autismus-niedersachsen.de\/index.php?rest_route=%2Fwp%2Fv2%2Fcomments&post=181"}],"version-history":[{"count":0,"href":"https:\/\/www.autismus-niedersachsen.de\/index.php?rest_route=\/wp\/v2\/pages\/181\/revisions"}],"up":[{"embeddable":true,"href":"https:\/\/www.autismus-niedersachsen.de\/index.php?rest_route=\/wp\/v2\/pages\/344"}],"wp:attachment":[{"href":"https:\/\/www.autismus-niedersachsen.de\/index.php?rest_route=%2Fwp%2Fv2%2Fmedia&parent=181"}],"curies":[{"name":"wp","href":"https:\/\/api.w.org\/{rel}","templated":true}]}}