{"id":301,"date":"2015-03-10T17:10:01","date_gmt":"2015-03-10T15:10:01","guid":{"rendered":"http:\/\/www.autismus-niedersachsen.de\/?page_id=301"},"modified":"2025-12-13T14:38:45","modified_gmt":"2025-12-13T12:38:45","slug":"fachberatung-und-foerderung","status":"publish","type":"page","link":"https:\/\/www.autismus-niedersachsen.de\/?page_id=301","title":{"rendered":"Fachberatung &#038; F\u00f6rderung"},"content":{"rendered":"<p><strong>Aktuelle Informationen zum Thema Schule und Fachberatung, zur Entwicklung der Fachberaterstellen in den Mobilen Diensten in Niedersachsen<\/strong> finden Sie auch auf der Internetseite <a href=\"https:\/\/www.mk.niedersachsen.de\/download\/197906\/Handreichungen_Mobile_Dienste_ES.pdf\">https:\/\/www.mk.niedersachsen.de\/download\/197906\/Handreichungen_Mobile_Dienste_ES.pdf<\/a>.<\/p>\n<p>&nbsp;<\/p>\n<p><strong>Eine Landkarte zur Vergabepraxis sonderp\u00e4dagogischer F\u00f6rderstunden f\u00fcr Kinder und Jugendliche mit Autismus in Niedersachsen<\/strong><\/p>\n<p><a href=\"http:\/\/www.autismus-niedersachsen.de\/wp-content\/uploads\/2015\/03\/2007-10-Vergabepraxis-sonderpaedagogischer-Foerderstunden.pdf\">Niedersachsen &#8211; Land mit vielen wei\u00dfen Flecken<\/a><\/p>\n<p>Die Zahl von 364 Sch\u00fclern mit Autismus aus dem Jahr 2004 hat sich gem\u00e4\u00df einer kleinen Anfrage der SPD-Landtagsfraktion im Landtag Niedersachsen auf 805 Sch\u00fcler mit medizinisch diagnostiziertem Autismus in den letzten 4 Jahren mehr als verdoppelt. (siehe <a href=\"http:\/\/www.einzigartig-eigenartig.de\/content\/files\/16-0576.pdf\">Landtagsdrucksache 16-0576<\/a>).<\/p>\n<p>Trotz verbesserter Diagnostik entspricht dies nur etwa 0,08 % der Gesamtsch\u00fclerschaft und liegt damit noch deutlich unter den Prognosen von\u00a00,25 &#8211; 1 %.<\/p>\n<p>&nbsp;<\/p>\n<p><strong>F\u00f6rderung von Sch\u00fclerinnen und Sch\u00fclern mit diagnostiziertem Autismus<\/strong><\/p>\n<p>Beschluss des nieders\u00e4chsischen Landtages vom 26.04.2007 &#8211; Drucksachen <a href=\"http:\/\/www.autismus-niedersachsen.de\/wp-content\/uploads\/2015\/03\/15-2539.pdf\">15-2539<\/a> &#8211; <a href=\"http:\/\/www.autismus-niedersachsen.de\/wp-content\/uploads\/2015\/03\/15-3768.pdf\">15-3768<\/a> &#8211; <a href=\"http:\/\/www.autismus-niedersachsen.de\/wp-content\/uploads\/2015\/03\/15-4163.pdf\">15-4163<\/a> (Quelle: Nieders\u00e4chsischer Landtag)<\/p>\n<p>&nbsp;<\/p>\n<p><strong>Wie viele Sch\u00fcler in Klasse 1 &#8211; 12 hat Niedersachsen bzw. sind in jedem Landkreis?<\/strong><\/p>\n<p>Wie viele Sch\u00fcler und Sch\u00fclerinnen\u00a0 sind Kinder und Jugendliche mit Autismus in Niedersachsen und in jedem Landkreis? <a href=\"http:\/\/www.autismus-niedersachsen.de\/wp-content\/uploads\/2015\/03\/Wie-viele-Planstellen-Fachberater-Autismus-braucht-Niedersachsen.pdf\">So viele Planstellen Fachberater Autismus braucht Niedersachsen<\/a>. Falls Sie genauere Zahlenangaben zu Ihrem Landkreis ben\u00f6tigen, schicken wir Ihnen diese gern <a href=\"mailto:info@netzwerk-autismus-niedersachsen.de?subject=Fachberater\">per E-Mail<\/a>.<\/p>\n<p>&nbsp;<\/p>\n","protected":false},"excerpt":{"rendered":"<p>Aktuelle Informationen zum Thema Schule und Fachberatung, zur Entwicklung der Fachberaterstellen in den Mobilen Diensten in Niedersachsen finden Sie auch auf der Internetseite https:\/\/www.mk.niedersachsen.de\/download\/197906\/Handreichungen_Mobile_Dienste_ES.pdf. &nbsp; Eine Landkarte zur Vergabepraxis sonderp\u00e4dagogischer F\u00f6rderstunden f\u00fcr Kinder und Jugendliche mit Autismus in Niedersachsen Niedersachsen &#8211; Land mit vielen wei\u00dfen Flecken Die Zahl von 364<\/p>\n","protected":false},"author":1,"featured_media":0,"parent":36,"menu_order":2,"comment_status":"closed","ping_status":"closed","template":"","meta":{"footnotes":"","_links_to":"","_links_to_target":""},"class_list":["post-301","page","type-page","status-publish","hentry"],"_links":{"self":[{"href":"https:\/\/www.autismus-niedersachsen.de\/index.php?rest_route=\/wp\/v2\/pages\/301","targetHints":{"allow":["GET"]}}],"collection":[{"href":"https:\/\/www.autismus-niedersachsen.de\/index.php?rest_route=\/wp\/v2\/pages"}],"about":[{"href":"https:\/\/www.autismus-niedersachsen.de\/index.php?rest_route=\/wp\/v2\/types\/page"}],"author":[{"embeddable":true,"href":"https:\/\/www.autismus-niedersachsen.de\/index.php?rest_route=\/wp\/v2\/users\/1"}],"replies":[{"embeddable":true,"href":"https:\/\/www.autismus-niedersachsen.de\/index.php?rest_route=%2Fwp%2Fv2%2Fcomments&post=301"}],"version-history":[{"count":1,"href":"https:\/\/www.autismus-niedersachsen.de\/index.php?rest_route=\/wp\/v2\/pages\/301\/revisions"}],"predecessor-version":[{"id":1421,"href":"https:\/\/www.autismus-niedersachsen.de\/index.php?rest_route=\/wp\/v2\/pages\/301\/revisions\/1421"}],"up":[{"embeddable":true,"href":"https:\/\/www.autismus-niedersachsen.de\/index.php?rest_route=\/wp\/v2\/pages\/36"}],"wp:attachment":[{"href":"https:\/\/www.autismus-niedersachsen.de\/index.php?rest_route=%2Fwp%2Fv2%2Fmedia&parent=301"}],"curies":[{"name":"wp","href":"https:\/\/api.w.org\/{rel}","templated":true}]}}