{"id":308,"date":"2015-03-10T17:14:12","date_gmt":"2015-03-10T15:14:12","guid":{"rendered":"http:\/\/www.autismus-niedersachsen.de\/?page_id=308"},"modified":"2025-12-13T14:40:54","modified_gmt":"2025-12-13T12:40:54","slug":"unerstuetzung-zum-thema-schule","status":"publish","type":"page","link":"https:\/\/www.autismus-niedersachsen.de\/?page_id=308","title":{"rendered":"Regionale Landes\u00e4mter"},"content":{"rendered":"<p><strong>Wo findet sich Hilfe und Unterst\u00fctzung zum Thema Schule?<br \/>\nWer ist der zust\u00e4ndige Autismusfachberater in Ihrer Region?<\/strong><\/p>\n<p>&nbsp;<\/p>\n<p><strong>Regionale Landes\u00e4mter f\u00fcr Schule und Bildung (RLSB)<\/strong><\/p>\n<p>Aktuelle Informationen zu den RLSB zum Nieders\u00e4chsischen Kultusministerium und zum Nieders\u00e4chsischen Landesinstitut f\u00fcr schulische Qualit\u00e4tsentwicklung (NLQ) finden Sie im Bildungsportal Niedersachsen unter: <a href=\"http:\/\/www.bildungsportal-niedersachsen.de\">www.bildungsportal-niedersachsen.de<\/a><\/p>\n<p>Seit Ende 2020 sind vier eigenst\u00e4ndige, dem Nieders\u00e4chsischen Kultusministerium (MK) unmittelbar nach geordnete Regionale Landes\u00e4mter f\u00fcr Schule und Bildung an den Standorten Braunschweig, Hannover, L\u00fcneburg und Osnabr\u00fcck eingerichtet.<\/p>\n<p>RLSB Braunschweig<br \/>\nKurt-Schumacher-Stra\u00dfe 21<br \/>\n38102 Braunschweig<br \/>\nPostfach 30 51<br \/>\n38020 Braunschweig<br \/>\nTelefon: 0531 &#8211; 484-3333<\/p>\n<p>RLSB Hannover<br \/>\nMail\u00e4nder Stra\u00dfe 2<br \/>\n30539 Hannover<br \/>\nPostfach 110122<br \/>\n30856 Laatzen<br \/>\nTelefon: 0511-106-6000<\/p>\n<p>RLSB L\u00fcneburg<br \/>\nAuf der Hude 2<br \/>\n21339 L\u00fcneburg<br \/>\nPostfach: 21 20<br \/>\n21311 L\u00fcneburg<br \/>\nTelefon: 04131-15-2222<\/p>\n<p>RLSB Osnabr\u00fcck<br \/>\nM\u00fchleneschweg 8<br \/>\n49090 Osnabr\u00fcck<br \/>\nPostfach 35 69<br \/>\n49025 Osnabr\u00fcck<br \/>\nTelefon: 0541 77046-0<\/p>\n<p>&nbsp;<\/p>\n<p><strong>Handreichung &#8222;Sch\u00fcler und Sch\u00fclerinnen mit Autismus-Spektrum-St\u00f6rung im gemeinsamen Unterricht&#8220; des Nieders\u00e4chsisches Kultusministeriums (2023)<\/strong><\/p>\n<p>Das Nieders\u00e4chsische Kultusministerium hat eine Handreichung &#8222;Sch\u00fcler und Sch\u00fclerinnen mit Autismus-Spektrum-St\u00f6rung im gemeinsamen Unterricht&#8220; ver\u00f6ffentlicht. Den Link zur Handreichung finden Sie auf der <a href=\"https:\/\/www.mk.niedersachsen.de\/download\/196331\/Handlungsleitfaden_Unterricht_mit_Schuelerinnen_und_Schuelern_im_Autismus-Spektrum_.pdf\">Internetseite des Kultusministeriums<\/a>.<\/p>\n<p>&nbsp;<\/p>\n<p><strong>Informationsseiten auf dem Deutschen Bildungsserver<\/strong><\/p>\n<p>Auf der Seite des Bildungsservers finden sich Antworten und praktische Impulse zum Tema Autismus und Schule. Dabei wird auch auf die unterschiedlichen Regelungen und F\u00f6rderm\u00f6glichkeiten in den einzelnen Bundesl\u00e4ndern eingegangen. Erg\u00e4nzend dazu werden hilfreiche Literatur sowie erprobte Projekte aus der Praxis vorgestellt, die Lehrkr\u00e4fte, Eltern und Schulbegleiter*innen unterst\u00fctzen k\u00f6nnen. Ziel ist es, konkrete Hilfestellungen f\u00fcr einen inklusiven und verst\u00e4ndnisvollen Schulalltag mit autistischen Kindern zu bieten.\u00a0<a href=\"https:\/\/www.bildungsserver.de\/schule\/inklusive-schule-autismus-13191-de.html\">https:\/\/www.bildungsserver.de\/schule\/inklusive-schule-autismus-13191-de.html<\/a><\/p>\n<p>&nbsp;<\/p>\n","protected":false},"excerpt":{"rendered":"<p>Wo findet sich Hilfe und Unterst\u00fctzung zum Thema Schule? Wer ist der zust\u00e4ndige Autismusfachberater in Ihrer Region? &nbsp; Regionale Landes\u00e4mter f\u00fcr Schule und Bildung (RLSB) Aktuelle Informationen zu den RLSB zum Nieders\u00e4chsischen Kultusministerium und zum Nieders\u00e4chsischen Landesinstitut f\u00fcr schulische Qualit\u00e4tsentwicklung (NLQ) finden Sie im Bildungsportal Niedersachsen unter: www.bildungsportal-niedersachsen.de Seit Ende<\/p>\n","protected":false},"author":1,"featured_media":0,"parent":36,"menu_order":2,"comment_status":"closed","ping_status":"closed","template":"","meta":{"footnotes":"","_links_to":"","_links_to_target":""},"class_list":["post-308","page","type-page","status-publish","hentry"],"_links":{"self":[{"href":"https:\/\/www.autismus-niedersachsen.de\/index.php?rest_route=\/wp\/v2\/pages\/308","targetHints":{"allow":["GET"]}}],"collection":[{"href":"https:\/\/www.autismus-niedersachsen.de\/index.php?rest_route=\/wp\/v2\/pages"}],"about":[{"href":"https:\/\/www.autismus-niedersachsen.de\/index.php?rest_route=\/wp\/v2\/types\/page"}],"author":[{"embeddable":true,"href":"https:\/\/www.autismus-niedersachsen.de\/index.php?rest_route=\/wp\/v2\/users\/1"}],"replies":[{"embeddable":true,"href":"https:\/\/www.autismus-niedersachsen.de\/index.php?rest_route=%2Fwp%2Fv2%2Fcomments&post=308"}],"version-history":[{"count":5,"href":"https:\/\/www.autismus-niedersachsen.de\/index.php?rest_route=\/wp\/v2\/pages\/308\/revisions"}],"predecessor-version":[{"id":1422,"href":"https:\/\/www.autismus-niedersachsen.de\/index.php?rest_route=\/wp\/v2\/pages\/308\/revisions\/1422"}],"up":[{"embeddable":true,"href":"https:\/\/www.autismus-niedersachsen.de\/index.php?rest_route=\/wp\/v2\/pages\/36"}],"wp:attachment":[{"href":"https:\/\/www.autismus-niedersachsen.de\/index.php?rest_route=%2Fwp%2Fv2%2Fmedia&parent=308"}],"curies":[{"name":"wp","href":"https:\/\/api.w.org\/{rel}","templated":true}]}}