{"id":310,"date":"2015-03-10T17:18:49","date_gmt":"2015-03-10T15:18:49","guid":{"rendered":"http:\/\/www.autismus-niedersachsen.de\/?page_id=310"},"modified":"2017-11-25T19:54:41","modified_gmt":"2017-11-25T17:54:41","slug":"schulassistenzen","status":"publish","type":"page","link":"https:\/\/www.autismus-niedersachsen.de\/?page_id=310","title":{"rendered":"Schulassistenzen"},"content":{"rendered":"<p><strong>Schulassistenzen f\u00fcr Kinder und Jugendliche mit Autismus-Spektrum-St\u00f6rungen<\/strong><\/p>\n<p>&nbsp;<\/p>\n<p>gGIS mbH (\u00fcberregionaler Anbieter)<br \/>\nEmil-Meyer-Stra\u00dfe 20<br \/>\n30165 Hannover<br \/>\nTel.:\u00a0 0511 35 88 1-0<br \/>\n<a href=\"http:\/\/www.gis-service.de\/\">www.gis-service.de<\/a><\/p>\n<p>&nbsp;<\/p>\n<p>NISA e. V.<br \/>\nAm Radeland 41<br \/>\n21244 Buchholz<br \/>\nTel.:\u00a0 04181 21 07 340<br \/>\n<a href=\"http:\/\/www.nisaev.de\">www.nisaev.de<\/a><\/p>\n<p>&nbsp;<\/p>\n<p>Lebenshilfe f\u00fcr Menschen mit Behinderungen e. V.<br \/>\nOffene Hilfen<br \/>\nApensener Stra\u00dfe 93<br \/>\n21614 Buxtehude<br \/>\nTel.:04161 743 023<br \/>\n<a href=\"http:\/\/www.lebenshilfe-buxtehude.de\">www.lebenshilfe-buxtehude.de<\/a><\/p>\n<p>&nbsp;<\/p>\n<p>Hilfe f\u00fcr das autistische Kind<br \/>\nRegionalverband Weser-Ems e.V.<br \/>\nH\u00fcttenstr. 9<br \/>\n49716 Meppen<br \/>\nTel.: 05931 2472<br \/>\n<a href=\"http:\/\/www.autismus-weser-ems.de\">www.autismus-weser-ems.de<\/a><\/p>\n<p>&nbsp;<\/p>\n<p>agilio \u2013 Arbeitsgemeinschaft f\u00fcr integrative Leistung in Ostfriesland e.V.<br \/>\nAm Delft 28<br \/>\n26721 Emden<br \/>\nTel.:04921 94 88-284<br \/>\n<a href=\"http:\/\/www.agilio.de\">www.agilio.de<\/a><\/p>\n<p>&nbsp;<\/p>\n<p>Hilfe f\u00fcr das autistische Kind<br \/>\nRegionalverband Weser-Ems e.V.<br \/>\nH\u00fcttenstr. 9<br \/>\n49716 Meppen<br \/>\nTel.: 05931 2472<br \/>\n<a href=\"http:\/\/www.autismus-weser-ems.de\">www.autismus-weser-ems.de<\/a><\/p>\n<p>&nbsp;<\/p>\n<p>Lebenshilfe im Landkreis Verden e.V.<br \/>\nLindhooper Str. 9<br \/>\n27283 Verden<br \/>\nTel.: 04231 96 56 0<br \/>\n<a href=\"http:\/\/www.lebenshilfe-verden.de\">www.lebenshilfe-verden.de<\/a><\/p>\n<p>&nbsp;<\/p>\n<p>Lebenshilfe Osterholz<br \/>\nOffene Hilfen gGmbH<br \/>\nFeldstra\u00dfe 12<br \/>\n27711 Osterholz-Scharmbeck<br \/>\nTel.: 04791 90 81 05<br \/>\n<a href=\"http:\/\/www.lebenshilfe-ohz.de\">www.lebenshilfe-ohz.de<\/a><\/p>\n<p>&nbsp;<\/p>\n<p>Lebenshilfe Walsrode<br \/>\nKreisvereinigung Fallingbostel e. V.<br \/>\nv.-Stoltzenberg-Stra\u00dfe 11<br \/>\n29664 Walsrode<\/p>\n<p>Tel.: 05161 9494-0<br \/>\n<a href=\"http:\/\/www.lebenshilfe-walsrode.de\">www.lebenshilfe-walsrode.de<\/a><\/p>\n<p>&nbsp;<\/p>\n<p>Mosaik gem. GmbH &#8211; inklsiv Leben<br \/>\nBleekstra\u00dfe 26<br \/>\n30559 Hannover<br \/>\nTel.:\u00a0 0511 70023780<br \/>\n<a href=\"http:\/\/www.mosaik-inklusiv-leben.de\">www.mosaik-inklusiv-leben.de<\/a><\/p>\n<p>&nbsp;<\/p>\n<p>Lebenshilfe Hameln e. V.<br \/>\nHermannstr. 1<br \/>\n31785 Hameln<br \/>\nTel.: 05151 959712<br \/>\n<a href=\"http:\/\/www.lebenshilfe-hameln.de\">www.lebenshilfe-hameln.de<\/a><\/p>\n<p>&nbsp;<\/p>\n<p>DRK Kreisverband Wolfenb\u00fcttel e. V.<br \/>\nIntegrations- und Therapiezentrum (ITZ)<br \/>\nFamilienentlastender Dienst (FED)<br \/>\nAm Exer 19a<br \/>\n38302 Wolfenb\u00fcttel<br \/>\nTel.: 05331 927 847-72<br \/>\n<a href=\"http:\/\/www.itz-drk.de\">www.itz-drk.de<\/a><\/p>\n<p>&nbsp;<\/p>\n<p>Lebenshilfe Goslar<br \/>\nSchul- und Kindergartenassistenz<br \/>\nProbsteiburg<br \/>\n38644 Goslar<br \/>\nTel.: 05321 3371-237<br \/>\n<a href=\"http:\/\/www.lebenshilfe-goslar.de\">www.lebenshilfe-goslar.de<\/a><\/p>\n<p>&nbsp;<\/p>\n<p>Hilfe f\u00fcr das autistische Kind<br \/>\nRegionalverband Weser-Ems e.V.<br \/>\nH\u00fcttenstr. 9<br \/>\n49716 Meppen<br \/>\nTel.: 05931 2472<br \/>\n<a href=\"http:\/\/www.autismus-weser-ems.de\">www.autismus-weser-ems.de<\/a><\/p>\n","protected":false},"excerpt":{"rendered":"<p>Schulassistenzen f\u00fcr Kinder und Jugendliche mit Autismus-Spektrum-St\u00f6rungen &nbsp; gGIS mbH (\u00fcberregionaler Anbieter) Emil-Meyer-Stra\u00dfe 20 30165 Hannover Tel.:\u00a0 0511 35 88 1-0 www.gis-service.de &nbsp; NISA e. V. Am Radeland 41 21244 Buchholz Tel.:\u00a0 04181 21 07 340 www.nisaev.de &nbsp; Lebenshilfe f\u00fcr Menschen mit Behinderungen e. V. Offene Hilfen Apensener Stra\u00dfe 93<\/p>\n","protected":false},"author":1,"featured_media":0,"parent":36,"menu_order":2,"comment_status":"closed","ping_status":"closed","template":"","meta":{"footnotes":"","_links_to":"","_links_to_target":""},"class_list":["post-310","page","type-page","status-publish","hentry"],"_links":{"self":[{"href":"https:\/\/www.autismus-niedersachsen.de\/index.php?rest_route=\/wp\/v2\/pages\/310","targetHints":{"allow":["GET"]}}],"collection":[{"href":"https:\/\/www.autismus-niedersachsen.de\/index.php?rest_route=\/wp\/v2\/pages"}],"about":[{"href":"https:\/\/www.autismus-niedersachsen.de\/index.php?rest_route=\/wp\/v2\/types\/page"}],"author":[{"embeddable":true,"href":"https:\/\/www.autismus-niedersachsen.de\/index.php?rest_route=\/wp\/v2\/users\/1"}],"replies":[{"embeddable":true,"href":"https:\/\/www.autismus-niedersachsen.de\/index.php?rest_route=%2Fwp%2Fv2%2Fcomments&post=310"}],"version-history":[{"count":1,"href":"https:\/\/www.autismus-niedersachsen.de\/index.php?rest_route=\/wp\/v2\/pages\/310\/revisions"}],"predecessor-version":[{"id":1108,"href":"https:\/\/www.autismus-niedersachsen.de\/index.php?rest_route=\/wp\/v2\/pages\/310\/revisions\/1108"}],"up":[{"embeddable":true,"href":"https:\/\/www.autismus-niedersachsen.de\/index.php?rest_route=\/wp\/v2\/pages\/36"}],"wp:attachment":[{"href":"https:\/\/www.autismus-niedersachsen.de\/index.php?rest_route=%2Fwp%2Fv2%2Fmedia&parent=310"}],"curies":[{"name":"wp","href":"https:\/\/api.w.org\/{rel}","templated":true}]}}