{"id":312,"date":"2015-03-10T17:22:30","date_gmt":"2015-03-10T15:22:30","guid":{"rendered":"http:\/\/www.autismus-niedersachsen.de\/?page_id=312"},"modified":"2026-02-19T12:30:44","modified_gmt":"2026-02-19T10:30:44","slug":"aerzte","status":"publish","type":"page","link":"https:\/\/www.autismus-niedersachsen.de\/?page_id=312","title":{"rendered":"Kliniken und \u00c4rzte"},"content":{"rendered":"<p><strong>Wo finden Sie Klinken zur Diagnostik?<\/strong><\/p>\n<p>Medizinische Hochschule Hannover<br \/>\nAutismus-\/Asperger-Sprechstunde f\u00fcr Erwachsene<\/p>\n<p>Carl-Neuberg-Str. 1, 30625 Hannover, Tel.: 0511-532 3167<br \/>\n<a href=\"https:\/\/www.mhh.de\/kliniken-und-spezialzentren\/klinik-fuer-psychiatrie-sozialpsychiatrie-und-psychotherapie\/ambulante-behandlungsangebote\/psychiatrische-institutsambulanz-pia\">www.mh-hannover.de<\/a><\/p>\n<p>Sozialp\u00e4diatrisches Zentrum Hannover<br \/>\nJanusz-Korczak-Allee 8, 30173 Hannover, Tel.: 0511-8115-7702<br \/>\n<a href=\"http:\/\/www.spz-hannover.de\">www.spz-hannover.de<\/a><\/p>\n<p>Sozialp\u00e4diatrisches Zentrum Celle<br \/>\nBullenberg 10,29221 Celle, Tel.: 05141-72-18 51<br \/>\n<a href=\"https:\/\/www.akh-celle.de\/medizinwelten-experten\/stationaer-ambulant\/stationaer\/sozialpaediatrisches-zentrum\">https:\/\/www.akh-celle.de\/medizinwelten-experten\/stationaer-ambulant\/stationaer\/sozialpaediatrisches-zentrum<\/a><\/p>\n<p>Werner Otto Institut Hamburg<br \/>\nBodelschwinghstr. 23, 22337 Hamburg, Tel.: 040-50 77 02<br \/>\n<a href=\"http:\/\/www.werner-otto-institut.de\">www.werner-otto-institut.de<\/a><\/p>\n<p>Sozialp\u00e4diatrisches Zentrum Rothenburg, Diakonieklinikum<br \/>\nElise-Averdieck-Stra\u00dfe 17, 27356 Rotenburg (W\u00fcmme), Tel.: 04261-77-68 50<br \/>\n<a href=\"https:\/\/www.diako-online.de\/leistungsspektrum\/fachgebiete-zentren\/sozialpaediatrisches-zentrum-spz\">www.diako-online.de\/Sozialpaediatrisches.6458.0.html<\/a><\/p>\n<p>&nbsp;<\/p>\n","protected":false},"excerpt":{"rendered":"<p>Wo finden Sie Klinken zur Diagnostik? Medizinische Hochschule Hannover Autismus-\/Asperger-Sprechstunde f\u00fcr Erwachsene Carl-Neuberg-Str. 1, 30625 Hannover, Tel.: 0511-532 3167 www.mh-hannover.de Sozialp\u00e4diatrisches Zentrum Hannover Janusz-Korczak-Allee 8, 30173 Hannover, Tel.: 0511-8115-7702 www.spz-hannover.de Sozialp\u00e4diatrisches Zentrum Celle Bullenberg 10,29221 Celle, Tel.: 05141-72-18 51 https:\/\/www.akh-celle.de\/medizinwelten-experten\/stationaer-ambulant\/stationaer\/sozialpaediatrisches-zentrum Werner Otto Institut Hamburg Bodelschwinghstr. 23, 22337 Hamburg, Tel.: 040-50<\/p>\n","protected":false},"author":1,"featured_media":0,"parent":34,"menu_order":2,"comment_status":"closed","ping_status":"closed","template":"","meta":{"footnotes":"","_links_to":"","_links_to_target":""},"class_list":["post-312","page","type-page","status-publish","hentry"],"_links":{"self":[{"href":"https:\/\/www.autismus-niedersachsen.de\/index.php?rest_route=\/wp\/v2\/pages\/312","targetHints":{"allow":["GET"]}}],"collection":[{"href":"https:\/\/www.autismus-niedersachsen.de\/index.php?rest_route=\/wp\/v2\/pages"}],"about":[{"href":"https:\/\/www.autismus-niedersachsen.de\/index.php?rest_route=\/wp\/v2\/types\/page"}],"author":[{"embeddable":true,"href":"https:\/\/www.autismus-niedersachsen.de\/index.php?rest_route=\/wp\/v2\/users\/1"}],"replies":[{"embeddable":true,"href":"https:\/\/www.autismus-niedersachsen.de\/index.php?rest_route=%2Fwp%2Fv2%2Fcomments&post=312"}],"version-history":[{"count":7,"href":"https:\/\/www.autismus-niedersachsen.de\/index.php?rest_route=\/wp\/v2\/pages\/312\/revisions"}],"predecessor-version":[{"id":1431,"href":"https:\/\/www.autismus-niedersachsen.de\/index.php?rest_route=\/wp\/v2\/pages\/312\/revisions\/1431"}],"up":[{"embeddable":true,"href":"https:\/\/www.autismus-niedersachsen.de\/index.php?rest_route=\/wp\/v2\/pages\/34"}],"wp:attachment":[{"href":"https:\/\/www.autismus-niedersachsen.de\/index.php?rest_route=%2Fwp%2Fv2%2Fmedia&parent=312"}],"curies":[{"name":"wp","href":"https:\/\/api.w.org\/{rel}","templated":true}]}}