{"id":319,"date":"2015-03-10T17:36:13","date_gmt":"2015-03-10T15:36:13","guid":{"rendered":"http:\/\/www.autismus-niedersachsen.de\/?page_id=319"},"modified":"2018-06-17T17:50:17","modified_gmt":"2018-06-17T15:50:17","slug":"kontakt","status":"publish","type":"page","link":"https:\/\/www.autismus-niedersachsen.de\/?page_id=319","title":{"rendered":"Kontakt &#038; Information"},"content":{"rendered":"<p><strong>Die AG Therapie tagt zurzeit nicht.<\/strong><\/p>\n<p>&nbsp;<\/p>\n<p>Die Projektgruppe \u201eKindergarten\/ Fr\u00fchf\u00f6rderung\/ Therapie\u201c hat sich im November 2011 konstituiert. Seitdem gab es halbj\u00e4hrlich Sitzungen mit jeweils einem Schwerpunktthema, welches dem Teilnehmerkreis in Form eines Input-Vortrags pr\u00e4sentiert wurde. Neben den Referent\/innen aus dem eigenen Kreis, gab es mehrfach hierf\u00fcr angeworbene externe Vortragende.<\/p>\n<p>Das Ziel dieser Projektgruppe ist zum Einen eine Vernetzung der auf Landesebene vorhandenen Angebote um die Versorgung der von Autismus Betroffenen und ihrer Angeh\u00f6rigen zu verbessern, zum Anderen der inhaltliche Austausch, die Diskussion und Bewertung unterschiedlicher Therapieans\u00e4tze und somit eine B\u00fcndelung potentieller Kompetenzen.<\/p>\n<p>Die Projektgruppe startete mit gut 20 Beteiligten, nach vier Jahren liegt die aktive Teilnehmerzahl inzwischen bei f\u00fcnf bis zehn Anwesenden. Alle, auch die passiven Teilnehmer\/innen werden mit Protokollen versorgt. Somit ist im Prinzip eine nutzbare Vernetzung hergestellt worden.<\/p>\n<p>Grunds\u00e4tzlich ist der Arbeitskreis offen, eine Anmeldung ist jedoch erforderlich. Die Treffen sind zweimal j\u00e4hrlich.<\/p>\n<p>&nbsp;<\/p>\n<p><strong>Ihre Ansprechpartnerinnen f\u00fcr die Projektgruppe &#8222;Therapie&#8220;<\/strong><\/p>\n<p>&#8211; Gisela Diederich (AutHilde Hildesheim)<\/p>\n<p>&nbsp;<\/p>\n","protected":false},"excerpt":{"rendered":"<p>Die AG Therapie tagt zurzeit nicht. &nbsp; Die Projektgruppe \u201eKindergarten\/ Fr\u00fchf\u00f6rderung\/ Therapie\u201c hat sich im November 2011 konstituiert. Seitdem gab es halbj\u00e4hrlich Sitzungen mit jeweils einem Schwerpunktthema, welches dem Teilnehmerkreis in Form eines Input-Vortrags pr\u00e4sentiert wurde. Neben den Referent\/innen aus dem eigenen Kreis, gab es mehrfach hierf\u00fcr angeworbene externe Vortragende.<\/p>\n","protected":false},"author":1,"featured_media":0,"parent":42,"menu_order":1,"comment_status":"closed","ping_status":"closed","template":"","meta":{"footnotes":"","_links_to":"","_links_to_target":""},"class_list":["post-319","page","type-page","status-publish","hentry"],"_links":{"self":[{"href":"https:\/\/www.autismus-niedersachsen.de\/index.php?rest_route=\/wp\/v2\/pages\/319","targetHints":{"allow":["GET"]}}],"collection":[{"href":"https:\/\/www.autismus-niedersachsen.de\/index.php?rest_route=\/wp\/v2\/pages"}],"about":[{"href":"https:\/\/www.autismus-niedersachsen.de\/index.php?rest_route=\/wp\/v2\/types\/page"}],"author":[{"embeddable":true,"href":"https:\/\/www.autismus-niedersachsen.de\/index.php?rest_route=\/wp\/v2\/users\/1"}],"replies":[{"embeddable":true,"href":"https:\/\/www.autismus-niedersachsen.de\/index.php?rest_route=%2Fwp%2Fv2%2Fcomments&post=319"}],"version-history":[{"count":1,"href":"https:\/\/www.autismus-niedersachsen.de\/index.php?rest_route=\/wp\/v2\/pages\/319\/revisions"}],"predecessor-version":[{"id":1189,"href":"https:\/\/www.autismus-niedersachsen.de\/index.php?rest_route=\/wp\/v2\/pages\/319\/revisions\/1189"}],"up":[{"embeddable":true,"href":"https:\/\/www.autismus-niedersachsen.de\/index.php?rest_route=\/wp\/v2\/pages\/42"}],"wp:attachment":[{"href":"https:\/\/www.autismus-niedersachsen.de\/index.php?rest_route=%2Fwp%2Fv2%2Fmedia&parent=319"}],"curies":[{"name":"wp","href":"https:\/\/api.w.org\/{rel}","templated":true}]}}