{"id":327,"date":"2015-03-10T17:48:35","date_gmt":"2015-03-10T15:48:35","guid":{"rendered":"http:\/\/www.autismus-niedersachsen.de\/?page_id=327"},"modified":"2018-06-17T17:50:53","modified_gmt":"2018-06-17T15:50:53","slug":"kontakt","status":"publish","type":"page","link":"https:\/\/www.autismus-niedersachsen.de\/?page_id=327","title":{"rendered":"Kontakt &#038; Information"},"content":{"rendered":"<p>Die Arbeitsgruppe &#8222;Wohnen&#8220; gr\u00fcndete sich 2009 als nieders\u00e4chsische Fachgruppe innerhalb des bundesweit t\u00e4tigen &#8222;Arbeitskreis Lebensorte&#8220;. Zwischenzeitlich hat sich die nieders\u00e4chsische Fachgruppe in den bundesweiten &#8222;Arbeitskreis Lebensorte&#8220; eingegliedert.<\/p>\n<p>Der &#8222;Arbeitskreis Lebensorte&#8220; (AKL) ist ein Facharbeitskreis, der sich aus Fachkr\u00e4ften in der Betreuung, F\u00f6rderung und Beratung von Menschen mit Autismus-Spektrum-St\u00f6rungen zusammensetzt. Ziel des Arbeitskreises ist es, die Lebensqualit\u00e4t von Menschen mit Autismus-Spektrum-St\u00f6rungen an ihren jeweiligen Lebensorten positiv zu entwickeln und zu sichern. Der &#8222;Arbeitskreis Lebensorte&#8220; trifft sich regelm\u00e4\u00dfig an wechselnden Orten zwei Mal im Jahr mit ca. 65 Teilnehmerinnen und Teilnehmern.<\/p>\n<p>&nbsp;<\/p>\n<p><strong>Ihre Ansprechpartnerin f\u00fcr die Projektgruppe&#8220;Wohnen&#8220;<\/strong><\/p>\n<p>&#8211; Beate Lunburg (Haus im Wind, Bad Pyrmont)<\/p>\n<p>&nbsp;<\/p>\n","protected":false},"excerpt":{"rendered":"<p>Die Arbeitsgruppe &#8222;Wohnen&#8220; gr\u00fcndete sich 2009 als nieders\u00e4chsische Fachgruppe innerhalb des bundesweit t\u00e4tigen &#8222;Arbeitskreis Lebensorte&#8220;. Zwischenzeitlich hat sich die nieders\u00e4chsische Fachgruppe in den bundesweiten &#8222;Arbeitskreis Lebensorte&#8220; eingegliedert. Der &#8222;Arbeitskreis Lebensorte&#8220; (AKL) ist ein Facharbeitskreis, der sich aus Fachkr\u00e4ften in der Betreuung, F\u00f6rderung und Beratung von Menschen mit Autismus-Spektrum-St\u00f6rungen zusammensetzt. Ziel<\/p>\n","protected":false},"author":1,"featured_media":0,"parent":38,"menu_order":1,"comment_status":"closed","ping_status":"closed","template":"","meta":{"footnotes":"","_links_to":"","_links_to_target":""},"class_list":["post-327","page","type-page","status-publish","hentry"],"_links":{"self":[{"href":"https:\/\/www.autismus-niedersachsen.de\/index.php?rest_route=\/wp\/v2\/pages\/327","targetHints":{"allow":["GET"]}}],"collection":[{"href":"https:\/\/www.autismus-niedersachsen.de\/index.php?rest_route=\/wp\/v2\/pages"}],"about":[{"href":"https:\/\/www.autismus-niedersachsen.de\/index.php?rest_route=\/wp\/v2\/types\/page"}],"author":[{"embeddable":true,"href":"https:\/\/www.autismus-niedersachsen.de\/index.php?rest_route=\/wp\/v2\/users\/1"}],"replies":[{"embeddable":true,"href":"https:\/\/www.autismus-niedersachsen.de\/index.php?rest_route=%2Fwp%2Fv2%2Fcomments&post=327"}],"version-history":[{"count":1,"href":"https:\/\/www.autismus-niedersachsen.de\/index.php?rest_route=\/wp\/v2\/pages\/327\/revisions"}],"predecessor-version":[{"id":1190,"href":"https:\/\/www.autismus-niedersachsen.de\/index.php?rest_route=\/wp\/v2\/pages\/327\/revisions\/1190"}],"up":[{"embeddable":true,"href":"https:\/\/www.autismus-niedersachsen.de\/index.php?rest_route=\/wp\/v2\/pages\/38"}],"wp:attachment":[{"href":"https:\/\/www.autismus-niedersachsen.de\/index.php?rest_route=%2Fwp%2Fv2%2Fmedia&parent=327"}],"curies":[{"name":"wp","href":"https:\/\/api.w.org\/{rel}","templated":true}]}}