{"id":330,"date":"2015-03-10T17:54:24","date_gmt":"2015-03-10T15:54:24","guid":{"rendered":"http:\/\/www.autismus-niedersachsen.de\/?page_id=330"},"modified":"2025-03-21T02:23:35","modified_gmt":"2025-03-21T00:23:35","slug":"wohnangebote","status":"publish","type":"page","link":"https:\/\/www.autismus-niedersachsen.de\/?page_id=330","title":{"rendered":"Wohnangebote"},"content":{"rendered":"<p><strong>Wohnangebote f\u00fcr Menschen mit Autismus-Spektrum-St\u00f6rungen<\/strong><\/p>\n<p>Das Berufsbildungswerk (BBW) St. Franziskus Abensberg hat auf seiner Internetseite Informationen \u00fcber Wohnm\u00f6glichkeiten f\u00fcr Menschen mit Autismus in Deutschland zusammengestellt.<\/p>\n<p>Auf dieser Seite des BBW finden Sie:<br \/>\n1. Empfehlungen, die bei der Auswahl von Wohneinrichtungen Ber\u00fccksichtigung finden k\u00f6nnen.<br \/>\n2. Eine Liste mit den BBW bekannten Wohnm\u00f6glichkeiten im Bundesgebiet steht zum Download bereit.<\/p>\n<p>Den externen Link zur Seite finden Sie <a href=\"http:\/\/www.bbw-abensberg.de\">hier<\/a>.<\/p>\n<p><strong>Darin finden Sie u. a. auch die Angebote aus Niedersachsen und Bremen:<\/strong><\/p>\n<p>&nbsp;<\/p>\n<p>Die hier aufgef\u00fchrten Einrichtungen sind nach PLZ sortiert und stellen keine Empfehlungen der LAG Autismus Niedersachsen dar. Die Aufz\u00e4hlung erhebt nicht\u00a0 den Anspruch auf Vollst\u00e4ndigkeit.<\/p>\n<p>&nbsp;<\/p>\n<p><strong>27299 Langwedel-Etelsen<br \/>\n<\/strong>Hof Meyerwiede<br \/>\nGrinden 21<br \/>\n27299 Langwedel-Etelsen<br \/>\nTel.: 04235 8484<br \/>\n<a href=\"http:\/\/www.hof-meyerwiede.de\">www.haus-meyerwiede.de<\/a><\/p>\n<p>&nbsp;<\/p>\n<p><strong>28309 Bremen<\/strong><br \/>\nHof Hemelingen<br \/>\nBrunostra\u00dfe 3<br \/>\n28309 Bremen<br \/>\nTel.: 0421 435 08 43<br \/>\n<a href=\"http:\/\/www.haus-hemelingen.de\">www.haus-hemelingen.de<\/a><\/p>\n<p>&nbsp;<\/p>\n<p><strong>29456 Hitzacker<br \/>\n<\/strong>Haus Elbufer<br \/>\nAn der Wolfsschlucht 1<br \/>\n29456 Hitzacker<br \/>\nTel.:05862 5070<br \/>\n<a href=\"http:\/\/www.weidenhof-autismus.de\">www.weidenhof-autismus.de<\/a><\/p>\n<p>&nbsp;<\/p>\n<p>Haus Seerau<br \/>\nSeerau 2<br \/>\n29456 Hitzacker<br \/>\nTel.: 05862 5200<br \/>\n<a href=\"http:\/\/www.weidenhof-autismus.de\">www.weidenhof-autismus.de<\/a><\/p>\n<p>&nbsp;<\/p>\n<p><strong>30445 Hannover<br \/>\n<\/strong>Wohngruppe Hannover<br \/>\nGr\u00fcnaustra\u00dfe 15<br \/>\n30445 Hannover<br \/>\nTel.: 0511 49 75 95<strong><br \/>\n<\/strong><a href=\"http:\/\/www.gib-hannover.de\">www.gib-hannover.de<\/a><\/p>\n<p>&nbsp;<\/p>\n<p><strong>31812 Bad Pyrmont<br \/>\n<\/strong>Haus im Wind<br \/>\nBaarsen 60<br \/>\n31812 Bad Pyrmont<br \/>\nTel.: 05285 990133<br \/>\n<a href=\"http:\/\/www.hausimwind.de\">www.hausimwind.de<\/a><\/p>\n<p>&nbsp;<\/p>\n<p><strong>49176 Hilter<br \/>\n<\/strong>Haus Holterberg<br \/>\nAm L\u00e4rchenhang 2<br \/>\n49176 Hilter<br \/>\nTel.: 05409 930 60<br \/>\n<a href=\"http:\/\/www.os-hho.de\">www.os-hho.de<\/a><\/p>\n<p>&nbsp;<\/p>\n<p><strong>49635 Badbergen<br \/>\n<\/strong>Haus An der M\u00f6hringsburg<br \/>\nAn der M\u00f6hringsburg 4<br \/>\n49635 Badbergen<br \/>\nTel.: 05433 91 46 70<br \/>\n<a href=\"http:\/\/www.hph-bsb.de\">www.hph-bsb.de<\/a><\/p>\n","protected":false},"excerpt":{"rendered":"<p>Wohnangebote f\u00fcr Menschen mit Autismus-Spektrum-St\u00f6rungen Das Berufsbildungswerk (BBW) St. Franziskus Abensberg hat auf seiner Internetseite Informationen \u00fcber Wohnm\u00f6glichkeiten f\u00fcr Menschen mit Autismus in Deutschland zusammengestellt. Auf dieser Seite des BBW finden Sie: 1. Empfehlungen, die bei der Auswahl von Wohneinrichtungen Ber\u00fccksichtigung finden k\u00f6nnen. 2. Eine Liste mit den BBW bekannten<\/p>\n","protected":false},"author":1,"featured_media":0,"parent":38,"menu_order":2,"comment_status":"closed","ping_status":"closed","template":"","meta":{"footnotes":"","_links_to":"","_links_to_target":""},"class_list":["post-330","page","type-page","status-publish","hentry"],"_links":{"self":[{"href":"https:\/\/www.autismus-niedersachsen.de\/index.php?rest_route=\/wp\/v2\/pages\/330","targetHints":{"allow":["GET"]}}],"collection":[{"href":"https:\/\/www.autismus-niedersachsen.de\/index.php?rest_route=\/wp\/v2\/pages"}],"about":[{"href":"https:\/\/www.autismus-niedersachsen.de\/index.php?rest_route=\/wp\/v2\/types\/page"}],"author":[{"embeddable":true,"href":"https:\/\/www.autismus-niedersachsen.de\/index.php?rest_route=\/wp\/v2\/users\/1"}],"replies":[{"embeddable":true,"href":"https:\/\/www.autismus-niedersachsen.de\/index.php?rest_route=%2Fwp%2Fv2%2Fcomments&post=330"}],"version-history":[{"count":3,"href":"https:\/\/www.autismus-niedersachsen.de\/index.php?rest_route=\/wp\/v2\/pages\/330\/revisions"}],"predecessor-version":[{"id":1333,"href":"https:\/\/www.autismus-niedersachsen.de\/index.php?rest_route=\/wp\/v2\/pages\/330\/revisions\/1333"}],"up":[{"embeddable":true,"href":"https:\/\/www.autismus-niedersachsen.de\/index.php?rest_route=\/wp\/v2\/pages\/38"}],"wp:attachment":[{"href":"https:\/\/www.autismus-niedersachsen.de\/index.php?rest_route=%2Fwp%2Fv2%2Fmedia&parent=330"}],"curies":[{"name":"wp","href":"https:\/\/api.w.org\/{rel}","templated":true}]}}