{"id":332,"date":"2015-03-10T17:55:35","date_gmt":"2015-03-10T15:55:35","guid":{"rendered":"http:\/\/www.autismus-niedersachsen.de\/?page_id=332"},"modified":"2015-03-11T13:49:34","modified_gmt":"2015-03-11T11:49:34","slug":"wohnassistenz","status":"publish","type":"page","link":"https:\/\/www.autismus-niedersachsen.de\/?page_id=332","title":{"rendered":"Wohnassistenz"},"content":{"rendered":"<p><strong>Wohnassistenz f\u00fcr Menschen mit Autismus-Spektrum-St\u00f6rungen<\/strong><br \/>\n<strong>30165 Hannover<\/strong><br \/>\nHannoversche Werkst\u00e4tten gem. GmbH<br \/>\nAutismus AlltagsBegleitung<br \/>\nEmil-Meyer-Stra\u00dfe 12 EG<br \/>\n30165 Hannover<br \/>\nTel.: 0511 35814-10<br \/>\n<a href=\"http:\/\/www.hw-hannover.de\">www.hw-hannover.de<\/a><\/p>\n","protected":false},"excerpt":{"rendered":"<p>Wohnassistenz f\u00fcr Menschen mit Autismus-Spektrum-St\u00f6rungen 30165 Hannover Hannoversche Werkst\u00e4tten gem. GmbH Autismus AlltagsBegleitung Emil-Meyer-Stra\u00dfe 12 EG 30165 Hannover Tel.: 0511 35814-10 www.hw-hannover.de<\/p>\n","protected":false},"author":1,"featured_media":0,"parent":38,"menu_order":2,"comment_status":"closed","ping_status":"closed","template":"","meta":{"footnotes":"","_links_to":"","_links_to_target":""},"class_list":["post-332","page","type-page","status-publish","hentry"],"_links":{"self":[{"href":"https:\/\/www.autismus-niedersachsen.de\/index.php?rest_route=\/wp\/v2\/pages\/332","targetHints":{"allow":["GET"]}}],"collection":[{"href":"https:\/\/www.autismus-niedersachsen.de\/index.php?rest_route=\/wp\/v2\/pages"}],"about":[{"href":"https:\/\/www.autismus-niedersachsen.de\/index.php?rest_route=\/wp\/v2\/types\/page"}],"author":[{"embeddable":true,"href":"https:\/\/www.autismus-niedersachsen.de\/index.php?rest_route=\/wp\/v2\/users\/1"}],"replies":[{"embeddable":true,"href":"https:\/\/www.autismus-niedersachsen.de\/index.php?rest_route=%2Fwp%2Fv2%2Fcomments&post=332"}],"version-history":[{"count":0,"href":"https:\/\/www.autismus-niedersachsen.de\/index.php?rest_route=\/wp\/v2\/pages\/332\/revisions"}],"up":[{"embeddable":true,"href":"https:\/\/www.autismus-niedersachsen.de\/index.php?rest_route=\/wp\/v2\/pages\/38"}],"wp:attachment":[{"href":"https:\/\/www.autismus-niedersachsen.de\/index.php?rest_route=%2Fwp%2Fv2%2Fmedia&parent=332"}],"curies":[{"name":"wp","href":"https:\/\/api.w.org\/{rel}","templated":true}]}}