{"id":335,"date":"2015-03-10T17:58:34","date_gmt":"2015-03-10T15:58:34","guid":{"rendered":"http:\/\/www.autismus-niedersachsen.de\/?page_id=335"},"modified":"2015-10-13T14:38:24","modified_gmt":"2015-10-13T12:38:24","slug":"checklisten-zur-frueherkennung","status":"publish","type":"page","link":"https:\/\/www.autismus-niedersachsen.de\/?page_id=335","title":{"rendered":"Fr\u00fcherkennungs-Checks"},"content":{"rendered":"<p><strong>&#8222;Checklisten\u201c zur Fr\u00fcherkennung von fr\u00fchkindlichem Autismus<\/strong><\/p>\n<p>Nachfolgender Link f\u00fchrt zu einer nach dem Lebensalter des Kindes sortierten listenartigen Zusammenstellung von Symptomen, die Hinweise auf eine Autismus-Spektrum-St\u00f6rung geben <strong>k\u00f6nnen<\/strong>. Dabei orientiert sich das Lebensalter an den vorgesehenen Vorsorgeuntersuchungen.<\/p>\n<p>Die Symptome von sogenannten \u201eChecklisten\u201c sind unspezifisch. Das hei\u00dft, sie k\u00f6nnen, m\u00fcssen aber keineswegs hinweisend f\u00fcr eine St\u00f6rung sein. Bei Kindern unter 24 Monaten ist nach Auffassung unserer Projektgruppe dar\u00fcber hinaus keine sichere Diagnose einer Autismus-Spektrum-St\u00f6rung m\u00f6glich, unter 36 Monaten nur bei klarer Symptomatik (siehe Registerkarte \u201eFr\u00fcherkennung von fr\u00fchkindlichem Autismus\u201c unter dem Men\u00fcpunkt \u201eStellungnahmen zur Diagnostik\u201c).<\/p>\n<p>Der Sinn von Vorsorgeuntersuchungen besteht darin, verdeckte Erkrankungen und St\u00f6rungen aufzusp\u00fcren, damit sie zielgerichtet behandelt werden k\u00f6nnen. In diesem Sinn sind die hier verlinkten \u201eChecklisten\u201c eine Hilfe. Bei Auff\u00e4lligkeiten sollten von \u00e4rztlicher Seite engmaschige Wiedervorstellungstermine vereinbart werden, um die kindliche Entwicklung genau im Auge zu behalten. Es darf bei begr\u00fcndetem Verdacht nicht gez\u00f6gert werden, eine autismusspezifische Diagnostik einzuleiten, die in jedem Fall ab 36 Monaten m\u00f6glich ist (siehe Registerkarte \u201eStandards der Autismusdiagnostik\u201c unter dem Men\u00fcpunkt \u201eStellungnahmen zur Diagnostik\u201c).<strong>\u00a0<\/strong><\/p>\n<p><strong> &#8222;Checklisten<\/strong><strong>&#8220; zur Erkennung von Autismus<\/strong><\/p>\n<p>Herausgeber: autismus-darmstadt.de &#8211; Selbsthilfe in Darmstadt unter dem Link <a href=\"http:\/\/www.autismus-darmstadt.de\">www.autismus-darmstadt.de<\/a> Rubrik Autismus\/<a href=\"http:\/\/www.autismus-darmstadt.de\/content\/e21\/e62\/index_ger.html\">Checklisten<\/a><\/p>\n","protected":false},"excerpt":{"rendered":"<p>&#8222;Checklisten\u201c zur Fr\u00fcherkennung von fr\u00fchkindlichem Autismus Nachfolgender Link f\u00fchrt zu einer nach dem Lebensalter des Kindes sortierten listenartigen Zusammenstellung von Symptomen, die Hinweise auf eine Autismus-Spektrum-St\u00f6rung geben k\u00f6nnen. Dabei orientiert sich das Lebensalter an den vorgesehenen Vorsorgeuntersuchungen. Die Symptome von sogenannten \u201eChecklisten\u201c sind unspezifisch. Das hei\u00dft, sie k\u00f6nnen, m\u00fcssen aber<\/p>\n","protected":false},"author":1,"featured_media":0,"parent":34,"menu_order":2,"comment_status":"closed","ping_status":"closed","template":"","meta":{"footnotes":"","_links_to":"","_links_to_target":""},"class_list":["post-335","page","type-page","status-publish","hentry"],"_links":{"self":[{"href":"https:\/\/www.autismus-niedersachsen.de\/index.php?rest_route=\/wp\/v2\/pages\/335","targetHints":{"allow":["GET"]}}],"collection":[{"href":"https:\/\/www.autismus-niedersachsen.de\/index.php?rest_route=\/wp\/v2\/pages"}],"about":[{"href":"https:\/\/www.autismus-niedersachsen.de\/index.php?rest_route=\/wp\/v2\/types\/page"}],"author":[{"embeddable":true,"href":"https:\/\/www.autismus-niedersachsen.de\/index.php?rest_route=\/wp\/v2\/users\/1"}],"replies":[{"embeddable":true,"href":"https:\/\/www.autismus-niedersachsen.de\/index.php?rest_route=%2Fwp%2Fv2%2Fcomments&post=335"}],"version-history":[{"count":0,"href":"https:\/\/www.autismus-niedersachsen.de\/index.php?rest_route=\/wp\/v2\/pages\/335\/revisions"}],"up":[{"embeddable":true,"href":"https:\/\/www.autismus-niedersachsen.de\/index.php?rest_route=\/wp\/v2\/pages\/34"}],"wp:attachment":[{"href":"https:\/\/www.autismus-niedersachsen.de\/index.php?rest_route=%2Fwp%2Fv2%2Fmedia&parent=335"}],"curies":[{"name":"wp","href":"https:\/\/api.w.org\/{rel}","templated":true}]}}