{"id":356,"date":"2015-03-10T18:36:32","date_gmt":"2015-03-10T16:36:32","guid":{"rendered":"http:\/\/www.autismus-niedersachsen.de\/?page_id=356"},"modified":"2017-10-23T17:13:21","modified_gmt":"2017-10-23T15:13:21","slug":"2008-konferenz-dokumentation","status":"publish","type":"page","link":"https:\/\/www.autismus-niedersachsen.de\/?page_id=356","title":{"rendered":"2008 Konferenz-Dokumentation"},"content":{"rendered":"<p>Ergebnis der 1. Interdisziplin\u00e4ren Fachtagung \u201eMit Autismus muss gerechnet werden&#8230;in Niedersachsen!\u201c vom 23. bis 24. November 2007 in Verden\/Aller an der rund 700 Menschen aus allen Teilen Niedersachsens und dar\u00fcber hinaus teilgenommen haben, ist eine Erkl\u00e4rung, die Forderungen an die Verantwortlichen in Politik, Verwaltung und in den Verb\u00e4nden formuliert.<\/p>\n<p>Ankn\u00fcpfend an diese Erkl\u00e4rung sind am 23. August 2008 mit der Open Space Veranstaltung \u201eNetzwerk AUTISMUS Niedersachsen\u201c Ideen, Bed\u00fcrfnisse und Erfahrungen ausgetauscht und zusammen getragen worden. Nach der Begr\u00fc\u00dfung von Herrn Dr. Wachtel aus dem Nieders\u00e4chsischen Kultusministerium begannen die ca. 120 Teilnehmenden Workshopthemen vorzuschlagen, die zu diskutieren waren.<\/p>\n<p>Die Dokumentation der Open-Space-Konferenz: <a href=\"http:\/\/www.autismus-niedersachsen.de\/?page_id=145\">LAG Autismus Niedersachsen<\/a><\/p>\n","protected":false},"excerpt":{"rendered":"<p>Ergebnis der 1. Interdisziplin\u00e4ren Fachtagung \u201eMit Autismus muss gerechnet werden&#8230;in Niedersachsen!\u201c vom 23. bis 24. November 2007 in Verden\/Aller an der rund 700 Menschen aus allen Teilen Niedersachsens und dar\u00fcber hinaus teilgenommen haben, ist eine Erkl\u00e4rung, die Forderungen an die Verantwortlichen in Politik, Verwaltung und in den Verb\u00e4nden formuliert. Ankn\u00fcpfend<\/p>\n","protected":false},"author":1,"featured_media":0,"parent":344,"menu_order":11,"comment_status":"closed","ping_status":"closed","template":"","meta":{"footnotes":"","_links_to":"","_links_to_target":""},"class_list":["post-356","page","type-page","status-publish","hentry"],"_links":{"self":[{"href":"https:\/\/www.autismus-niedersachsen.de\/index.php?rest_route=\/wp\/v2\/pages\/356","targetHints":{"allow":["GET"]}}],"collection":[{"href":"https:\/\/www.autismus-niedersachsen.de\/index.php?rest_route=\/wp\/v2\/pages"}],"about":[{"href":"https:\/\/www.autismus-niedersachsen.de\/index.php?rest_route=\/wp\/v2\/types\/page"}],"author":[{"embeddable":true,"href":"https:\/\/www.autismus-niedersachsen.de\/index.php?rest_route=\/wp\/v2\/users\/1"}],"replies":[{"embeddable":true,"href":"https:\/\/www.autismus-niedersachsen.de\/index.php?rest_route=%2Fwp%2Fv2%2Fcomments&post=356"}],"version-history":[{"count":2,"href":"https:\/\/www.autismus-niedersachsen.de\/index.php?rest_route=\/wp\/v2\/pages\/356\/revisions"}],"predecessor-version":[{"id":1097,"href":"https:\/\/www.autismus-niedersachsen.de\/index.php?rest_route=\/wp\/v2\/pages\/356\/revisions\/1097"}],"up":[{"embeddable":true,"href":"https:\/\/www.autismus-niedersachsen.de\/index.php?rest_route=\/wp\/v2\/pages\/344"}],"wp:attachment":[{"href":"https:\/\/www.autismus-niedersachsen.de\/index.php?rest_route=%2Fwp%2Fv2%2Fmedia&parent=356"}],"curies":[{"name":"wp","href":"https:\/\/api.w.org\/{rel}","templated":true}]}}