{"id":359,"date":"2015-03-10T18:41:31","date_gmt":"2015-03-10T16:41:31","guid":{"rendered":"http:\/\/www.autismus-niedersachsen.de\/?page_id=359"},"modified":"2025-11-19T22:16:25","modified_gmt":"2025-11-19T20:16:25","slug":"kontakt","status":"publish","type":"page","link":"https:\/\/www.autismus-niedersachsen.de\/?page_id=359","title":{"rendered":"Kontakt &#038; Informationen"},"content":{"rendered":"<p>Die Arbeitsgruppe \u201eIntegration ins Arbeitsleben\u201c in der Landesarbeitsgemeinschaft Autismus Niedersachsen entstand als Ergebnis der Open-Space Konferenz 2008 in Hannover.<\/p>\n<p>Ziele und Aufgabenstellungen der Projektgruppe sind unter anderem die Analyse der Arbeits- und Besch\u00e4ftigungsm\u00f6glichkeiten inklusive der regionalen Zuordnung der Angebote in Niedersachsen. Die Arbeitsgruppe m\u00f6chte neue Besch\u00e4ftigungs- und Arbeitsm\u00f6glichkeiten und eine Verbesserung der vorhandenen Angebote f\u00fcr Menschen mit Autismus in Niedersachsen erwirken. Dazu werden regelm\u00e4\u00dfig Vertreter von Anbietern und Leistungstr\u00e4gern eingeladen.<\/p>\n<p>Ein besonderes Anliegen der Arbeitsgruppe \u201eIntegration ins Arbeitsleben\u201c ist der Austausch \u00fcber Besch\u00e4ftigungsmodelle f\u00fcr Menschen mit Autismus auch in anderen Bundesl\u00e4ndern und Unterst\u00fctzung neuer Konzepte in Niedersachsen. Dar\u00fcber hinaus werden begleitende Angebots und Inhalte wie z.B. Arbeitsassistenz, Studienassistenz, Unterst\u00fctzter Besch\u00e4ftigung vorgestellt und diskutiert.<\/p>\n<p>Im Rahmen der \u00d6ffentlichkeitsarbeit hat die Arbeitsgruppe verschiedene Ans\u00e4tze zur Vertretung der Interessen von Menschen mit Autismus auf dem Gebiet Arbeit und Ausbildung gegen\u00fcber Beh\u00f6rden und der Agentur f\u00fcr Arbeit erarbeitet. Es erfolgt ein regelm\u00e4\u00dfiger Austausch und eine Zusammenarbeit mit anderen Arbeitsgemeinschaften wie z. B. BAG \u201eUnterst\u00fctzte Besch\u00e4ftigung\u201c oder LAG \u201eWfbM\u201c und den Reha-Servicestellen.<\/p>\n<p>Die Arbeitsgruppe ist offen f\u00fcr Anregungen und Hinweise auf Themenfelder im Bereich Arbeit und Ausbildung f\u00fcr Menschen mit Autismus. Sie tagt vier Mal im Jahr und ist zugangsoffen.<\/p>\n<p>&nbsp;<\/p>\n","protected":false},"excerpt":{"rendered":"<p>Die Arbeitsgruppe \u201eIntegration ins Arbeitsleben\u201c in der Landesarbeitsgemeinschaft Autismus Niedersachsen entstand als Ergebnis der Open-Space Konferenz 2008 in Hannover. Ziele und Aufgabenstellungen der Projektgruppe sind unter anderem die Analyse der Arbeits- und Besch\u00e4ftigungsm\u00f6glichkeiten inklusive der regionalen Zuordnung der Angebote in Niedersachsen. Die Arbeitsgruppe m\u00f6chte neue Besch\u00e4ftigungs- und Arbeitsm\u00f6glichkeiten und eine<\/p>\n","protected":false},"author":1,"featured_media":0,"parent":32,"menu_order":1,"comment_status":"closed","ping_status":"closed","template":"","meta":{"footnotes":"","_links_to":"","_links_to_target":""},"class_list":["post-359","page","type-page","status-publish","hentry"],"_links":{"self":[{"href":"https:\/\/www.autismus-niedersachsen.de\/index.php?rest_route=\/wp\/v2\/pages\/359","targetHints":{"allow":["GET"]}}],"collection":[{"href":"https:\/\/www.autismus-niedersachsen.de\/index.php?rest_route=\/wp\/v2\/pages"}],"about":[{"href":"https:\/\/www.autismus-niedersachsen.de\/index.php?rest_route=\/wp\/v2\/types\/page"}],"author":[{"embeddable":true,"href":"https:\/\/www.autismus-niedersachsen.de\/index.php?rest_route=\/wp\/v2\/users\/1"}],"replies":[{"embeddable":true,"href":"https:\/\/www.autismus-niedersachsen.de\/index.php?rest_route=%2Fwp%2Fv2%2Fcomments&post=359"}],"version-history":[{"count":4,"href":"https:\/\/www.autismus-niedersachsen.de\/index.php?rest_route=\/wp\/v2\/pages\/359\/revisions"}],"predecessor-version":[{"id":1392,"href":"https:\/\/www.autismus-niedersachsen.de\/index.php?rest_route=\/wp\/v2\/pages\/359\/revisions\/1392"}],"up":[{"embeddable":true,"href":"https:\/\/www.autismus-niedersachsen.de\/index.php?rest_route=\/wp\/v2\/pages\/32"}],"wp:attachment":[{"href":"https:\/\/www.autismus-niedersachsen.de\/index.php?rest_route=%2Fwp%2Fv2%2Fmedia&parent=359"}],"curies":[{"name":"wp","href":"https:\/\/api.w.org\/{rel}","templated":true}]}}