{"id":370,"date":"2015-03-10T18:54:53","date_gmt":"2015-03-10T16:54:53","guid":{"rendered":"http:\/\/www.autismus-niedersachsen.de\/?page_id=370"},"modified":"2025-11-19T22:53:19","modified_gmt":"2025-11-19T20:53:19","slug":"persoenliches-budget","status":"publish","type":"page","link":"https:\/\/www.autismus-niedersachsen.de\/?page_id=370","title":{"rendered":"Pers\u00f6nliches Budget"},"content":{"rendered":"<p>Informationen zum pers\u00f6nlichen Budget erhalten Sie unter folgendem<br \/>\nexternen Link: &#8222;DER PARIT\u00c4TISCHE &#8211; Kompetenzzentrum pers\u00f6nliches Budget&#8220;<\/p>\n<p>Das Kompetenzzentrum Pers\u00f6nliches Budget ist eine gemeinsame Einrichtung des Parit\u00e4tischen Gesamtverbandes sowie der Landesverb\u00e4nde des Parit\u00e4tischen und wird vom Bundesministerium f\u00fcr Arbeit und Soziales gef\u00f6rdert.<\/p>\n<p>Hier finden eine Brosch\u00fcre\u00a0 &#8222;Selbstbestimmt aufwachsen \u2026 Das Pers\u00f6nliche Budget f\u00fcr Kinder, Jugendliche und junge Erwachsene mit Behinderung&#8220; zum<a href=\"http:\/\/www.autismus-niedersachsen.de\/wp-content\/uploads\/2015\/11\/pb_kinder.pdf\"> Herunterladen<\/a>.<\/p>\n<p><strong><br \/>\n<strong>Autismus und Pers\u00f6nliches Budget <\/strong>&#8211; 24.08.2012<\/strong><\/p>\n<p>Seit M\u00e4rz 2009 f\u00fchrt das Berufsbildungswerk St. Franziskus in Abensberg im Auftrag des Bundesministeriums f\u00fcr Arbeit und Soziales das Modellprojekt f\u00fcr \u201eEinsatzm\u00f6glichkeiten des Pers\u00f6nlichen Budgets bei der sozialen und beruflichen Inklusion von Menschen mit autistischen Syndromen anhand konkreter Beispiele aus der beruflichen Rehabilitation\u201c durch.<\/p>\n<p>Sie finden Sie die Links zu den Ergebnissen u. a. den Handlungsleitfaden: &#8222;Das Pers\u00f6nliche Budget f\u00fcr Menschen mit Autismus&#8220;.<\/p>\n","protected":false},"excerpt":{"rendered":"<p>Informationen zum pers\u00f6nlichen Budget erhalten Sie unter folgendem externen Link: &#8222;DER PARIT\u00c4TISCHE &#8211; Kompetenzzentrum pers\u00f6nliches Budget&#8220; Das Kompetenzzentrum Pers\u00f6nliches Budget ist eine gemeinsame Einrichtung des Parit\u00e4tischen Gesamtverbandes sowie der Landesverb\u00e4nde des Parit\u00e4tischen und wird vom Bundesministerium f\u00fcr Arbeit und Soziales gef\u00f6rdert. Hier finden eine Brosch\u00fcre\u00a0 &#8222;Selbstbestimmt aufwachsen \u2026 Das Pers\u00f6nliche<\/p>\n","protected":false},"author":1,"featured_media":0,"parent":32,"menu_order":2,"comment_status":"closed","ping_status":"closed","template":"","meta":{"footnotes":"","_links_to":"","_links_to_target":""},"class_list":["post-370","page","type-page","status-publish","hentry"],"_links":{"self":[{"href":"https:\/\/www.autismus-niedersachsen.de\/index.php?rest_route=\/wp\/v2\/pages\/370","targetHints":{"allow":["GET"]}}],"collection":[{"href":"https:\/\/www.autismus-niedersachsen.de\/index.php?rest_route=\/wp\/v2\/pages"}],"about":[{"href":"https:\/\/www.autismus-niedersachsen.de\/index.php?rest_route=\/wp\/v2\/types\/page"}],"author":[{"embeddable":true,"href":"https:\/\/www.autismus-niedersachsen.de\/index.php?rest_route=\/wp\/v2\/users\/1"}],"replies":[{"embeddable":true,"href":"https:\/\/www.autismus-niedersachsen.de\/index.php?rest_route=%2Fwp%2Fv2%2Fcomments&post=370"}],"version-history":[{"count":8,"href":"https:\/\/www.autismus-niedersachsen.de\/index.php?rest_route=\/wp\/v2\/pages\/370\/revisions"}],"predecessor-version":[{"id":1397,"href":"https:\/\/www.autismus-niedersachsen.de\/index.php?rest_route=\/wp\/v2\/pages\/370\/revisions\/1397"}],"up":[{"embeddable":true,"href":"https:\/\/www.autismus-niedersachsen.de\/index.php?rest_route=\/wp\/v2\/pages\/32"}],"wp:attachment":[{"href":"https:\/\/www.autismus-niedersachsen.de\/index.php?rest_route=%2Fwp%2Fv2%2Fmedia&parent=370"}],"curies":[{"name":"wp","href":"https:\/\/api.w.org\/{rel}","templated":true}]}}