{"id":515,"date":"2015-07-07T20:30:07","date_gmt":"2015-07-07T18:30:07","guid":{"rendered":"http:\/\/www.autismus-niedersachsen.de\/?page_id=515"},"modified":"2025-11-19T22:11:07","modified_gmt":"2025-11-19T20:11:07","slug":"515-2","status":"publish","type":"page","link":"https:\/\/www.autismus-niedersachsen.de\/?page_id=515","title":{"rendered":"Autismus Niedersachsen e.V."},"content":{"rendered":"<p><strong>Autismus Niedersachsen e.V.<\/strong><\/p>\n<p>Die Landesarbeitsgemeinschaft Autismus Niedersachsen (LAG) wurde im Jahr 2003 gemeinsam durch die Vereine FIAM e.V. Hannover und einzigartig-eigenartig Walsrode unter dem Namen \u201eAutismus macht Schule in Niedersachsen\u201c gegr\u00fcndet. Als einzige landesweite Dachorganisation in Niedersachsen vernetzt sie als \u201eNetzwerk Autismus Niedersachsen\u201c die gegebenen Strukturen, Institutionen und Einzelpersonen, greift relevante Themen auf, erarbeitet Handlungsempfehlungen und f\u00f6rdert durch \u00d6ffentlichkeit neue und bereits bestehende Ans\u00e4tze der Inklusion, F\u00f6rderung und Individualhilfe f\u00fcr Menschen mit Autismus.<\/p>\n<p><strong>Verdener Tagung 2007<\/strong><\/p>\n<p>Im November 2007 f\u00fchrte die Landesarbeitsgemeinschaft in Verden mit \u00fcber 700 Teilnehmerinnen und Teilnehmern die interdisziplin\u00e4re Fachtagung \u201eMit Autismus muss gerechnet werden \u2026 in Niedersachsen!\u201c durch. In diesem Rahmen wurde die \u201eVerdener Erkl\u00e4rung\u201c entwickelt, die von 14 nieders\u00e4chsischen Verb\u00e4nden und Vereinen sowie dem Behindertenbeauftragten des Landes Niedersachsen unterzeichnet und mit getragen wurde. Die Beitr\u00e4ge der Tagung wurden im Reader \u201eMit Autismus muss gerechnet werden!\u201c im Jahr 2009 ver\u00f6ffentlicht.<\/p>\n<p><strong>Open-Space-Konferenz 2008<\/strong><\/p>\n<p>Aus dem sich aus der Verdener Tagung ergebenden Wunsch nach Vernetzung von Akteuren zum Thema Autismus in Niedersachsen wurde im August 2008 in Hannover eine Open-Space-Konferenz durchgef\u00fchrt. Als Ergebnis daraus wurde das Netzwerk Autismus Niedersachsen gegr\u00fcndet. Dieses arbeitet seit 2008 \u00fcberregional in den Projektgruppen Integration ins Arbeitsleben, Diagnostik, Schule, Wohnen sowie Therapie, Fr\u00fchf\u00f6rderung und Kindergarten.<\/p>\n<p><strong>Projektgruppen<\/strong><\/p>\n<p>In den Projektgruppen treffen sich regelm\u00e4\u00dfig ca. 150 Protagonisten aus Selbsthilfegruppen, Kinderg\u00e4rten, Schulen, Diagnostiker sowie Mitarbeiter von Assistenzanbietern, Therapieeinrichtungen sowie aus Sozial-, Jugend- und Gesundheits\u00e4mtern zum regelm\u00e4\u00dfigen Austausch. Die T\u00e4tigkeit in der Landesarbeitsgemeinschaft und im Netzwerk Autismus organisiert sich bis jetzt noch rein ehrenamtlich, ohne finanzielle Zusch\u00fcsse durch das Land oder Krankenkassen.<\/p>\n<p><strong>Stellungnahmen<\/strong><\/p>\n<p>So wurde beispielsweise eine \u201eStellungnahme zu Standards der Autismusdiagnostik bei Kindern und Jugendlichen\u201c durch die Teilnehmerinnen und Teilnehmer der Projektgruppe Diagnostik erarbeitet, die auch auf der Internetseite der Landesarbeitsgemeinschaft zu finden ist. Die Projektgruppe Integration ins Arbeitsleben formuliert derzeit eine Stellungnahme zur Situation von Menschen mit Autismus auf dem Gebiet der Arbeit in Niedersachsen. Koordiniert wird die Arbeit durch die Steuerungsgruppe der LAG.<\/p>\n<p><strong>Arbeitskreise<\/strong><\/p>\n<p>Um die H\u00fcrden bei der Durchsetzung von Anspr\u00fcchen Betroffener und ihrer Angeh\u00f6riger in den Wohnorten zu reduzieren, gr\u00fcndeten sich regionale Arbeitskreise unter anderem im Landkreis Harburg, in Walsrode, in Stadthagen, in Hildesheim und Hameln-Bad Pyrmont. Dort treffen sich Teilnehmer aus Selbsthilfegruppen, Autismusambulanzen, Schulassistenzen einerseits und Sozialhilfetr\u00e4gern andererseits um sich auszutauschen und L\u00f6sungswege f\u00fcr Verbesserung der Situation vor Ort zu erarbeiten. Wir w\u00fcrden uns freuen, wenn sich auch in anderen Regionen solche Arbeitskreise bilden. Wir sind gern bereit Sie dabei zu unterst\u00fctzen. Unsere Kontaktdaten finden Sie im Anhang dieser Brosch\u00fcre.<\/p>\n<p><strong>\u00d6ffentlichkeitsarbeit<\/strong><\/p>\n<p>Eine weitere Aufgabe der Landesarbeitsgemeinschaft ist die \u00d6ffentlichkeitsarbeit und der Kontakt zu Verantwortlichen in den Ministerien und den Fraktionen. Ein Anliegen f\u00fcr die Zukunft ist es uns, im Land Niedersachsen eine unabh\u00e4ngige Informations- und Beratungsstelle f\u00fcr Betroffene und ihre Angeh\u00f6rigen zum Thema Autismus zu schaffen. Zus\u00e4tzlich streben wir dir Realisierung einer Informationsplattform im Internet zu F\u00f6rderm\u00f6glichkeiten und regionalen F\u00f6rderangeboten f\u00fcr Menschen mit Autismus an.<\/p>\n<p><strong>Walsroder Tagung 2013<\/strong><\/p>\n<p>In September 2013 veranstaltete der Verein \u201eeinzigartig-eigenartig e. V.\u201c f\u00fcr die Landesarbeitsgemeinschaft Autismus die von 400 Teilnehmerinnen und Teilnehmern besuchte interdisziplin\u00e4ren Fachtagung \u201eLeben mit Autismus \u2013 (k)ein Problem?!\u201c in Walsrode. Die Tagungsbeitr\u00e4ge wie Vortr\u00e4ge und Fachforen widmeten sich dem gesamten lebensrelevanten Spektrum von Kindern, Jugendlichen und Erwachsenen mit Autismus. Zum Abschluss der Tagung pr\u00e4sentierte die Landesarbeitsgemeinschaft die Walsroder Erkl\u00e4rung, einen Katalog von Ma\u00dfnahmen zur Optimierung bestehender Strukturen und zur weiteren Entwicklung von Angeboten rund um das Thema Autismus in Niedersachsen. Die Walsroder Erkl\u00e4rung finden Sie im Anhang dieser Brosch\u00fcre.<\/p>\n<p><strong>Tagung f\u00fcr Mediziner 2017<\/strong><\/p>\n<p>F\u00fcr Menschen mit Autismus hat der barrierefreie Zugang zum Gesundheitssystem erhebliche Bedeutung. Mit der Fachtagung \u201cAutismus und medizinische Versorgung \u2013 (k)ein Problem?!\u201d im September 2016 in der \u00c4rztekammer Niedersachsen wurden Konzepte f\u00fcr eine ad\u00e4quate, patientenzentrierte Kommunikation zwischen Fachkr\u00e4ften des Gesundheitswesens und Betroffenen und ihren Angeh\u00f6rigen vermittelt. Aktueller Ans\u00e4tze in der medizinischen und psychotherapeutischen Versorgung wurden er\u00f6rtert und Weiterentwicklungsbedarfe benannt. Neben der Versorgungsperspektive f\u00fcr Betroffene wurde insbesondere der Gewinn aus dem b\u00fcrgerschaftlichen Engagement von Autistinnen und Autisten im Bereich der Selbsthilfe und der ehrenamtlichen Beratung hervorgehoben. Es ist eine\u00a0Dokumentation der Tagung sowie ein Flyer f\u00fcr Arzt- und Psychotherapiepraxen in Niedersachsen erschienen.<\/p>\n<p><strong>Autismus Niedersachsen e.V.<\/strong><\/p>\n<p>Der Verein Autismus Niedersachsen e.V. wurde als gemeinn\u00fctziger Tr\u00e4ger gegr\u00fcndet.<\/p>\n","protected":false},"excerpt":{"rendered":"<p>Autismus Niedersachsen e.V. Die Landesarbeitsgemeinschaft Autismus Niedersachsen (LAG) wurde im Jahr 2003 gemeinsam durch die Vereine FIAM e.V. Hannover und einzigartig-eigenartig Walsrode unter dem Namen \u201eAutismus macht Schule in Niedersachsen\u201c gegr\u00fcndet. Als einzige landesweite Dachorganisation in Niedersachsen vernetzt sie als \u201eNetzwerk Autismus Niedersachsen\u201c die gegebenen Strukturen, Institutionen und Einzelpersonen, greift<\/p>\n","protected":false},"author":1,"featured_media":0,"parent":60,"menu_order":1,"comment_status":"open","ping_status":"open","template":"","meta":{"footnotes":"","_links_to":"","_links_to_target":""},"class_list":["post-515","page","type-page","status-publish","hentry"],"_links":{"self":[{"href":"https:\/\/www.autismus-niedersachsen.de\/index.php?rest_route=\/wp\/v2\/pages\/515","targetHints":{"allow":["GET"]}}],"collection":[{"href":"https:\/\/www.autismus-niedersachsen.de\/index.php?rest_route=\/wp\/v2\/pages"}],"about":[{"href":"https:\/\/www.autismus-niedersachsen.de\/index.php?rest_route=\/wp\/v2\/types\/page"}],"author":[{"embeddable":true,"href":"https:\/\/www.autismus-niedersachsen.de\/index.php?rest_route=\/wp\/v2\/users\/1"}],"replies":[{"embeddable":true,"href":"https:\/\/www.autismus-niedersachsen.de\/index.php?rest_route=%2Fwp%2Fv2%2Fcomments&post=515"}],"version-history":[{"count":3,"href":"https:\/\/www.autismus-niedersachsen.de\/index.php?rest_route=\/wp\/v2\/pages\/515\/revisions"}],"predecessor-version":[{"id":1389,"href":"https:\/\/www.autismus-niedersachsen.de\/index.php?rest_route=\/wp\/v2\/pages\/515\/revisions\/1389"}],"up":[{"embeddable":true,"href":"https:\/\/www.autismus-niedersachsen.de\/index.php?rest_route=\/wp\/v2\/pages\/60"}],"wp:attachment":[{"href":"https:\/\/www.autismus-niedersachsen.de\/index.php?rest_route=%2Fwp%2Fv2%2Fmedia&parent=515"}],"curies":[{"name":"wp","href":"https:\/\/api.w.org\/{rel}","templated":true}]}}