{"id":546,"date":"2015-09-16T17:08:57","date_gmt":"2015-09-16T15:08:57","guid":{"rendered":"http:\/\/www.autismus-niedersachsen.de\/?page_id=546"},"modified":"2025-11-19T22:59:29","modified_gmt":"2025-11-19T20:59:29","slug":"autismus-deutschland-e-v","status":"publish","type":"page","link":"https:\/\/www.autismus-niedersachsen.de\/?page_id=546","title":{"rendered":"Autismus Deutschland e.V."},"content":{"rendered":"<p><strong>Regionalverb\u00e4nde von autismus Deutschland e. V.<\/strong><br \/>\n<strong> in Niedersachsen, Bremen und Hamburg<\/strong><\/p>\n<p>Weitere Regionalverb\u00e4nde von autismus Deutschland e. V. finden Sie auf der Internetseite des Bundesverbandes zur F\u00f6rderung von Menschen mit Autismus unter <a href=\"http:\/\/www.autismus.de\">www.autismus.de<\/a>.<\/p>\n<p>&nbsp;<\/p>\n<p><strong>Celle<\/strong><br \/>\nautismus Celle e.V. &#8211; RV zur F\u00f6rderung von Menschen mit Autismus<br \/>\nVorsitzende: Anke Wiechmann<br \/>\nLange St\u00fccke 8, 29227 Celle<br \/>\nTel.: 05141-2796 190<br \/>\nE-Mail: a.wiechmann@autismus-celle.de,<br \/>\nInternet: www.autismus-celle.de<br \/>\nStammtische und sonstige Termine im Internet.<\/p>\n<p>&nbsp;<\/p>\n<p><strong>Friedland (G\u00f6ttingen)<\/strong><br \/>\nautismus G\u00f6ttingen e.V.<br \/>\nRV zur F\u00f6rderung von Menschen mit Autismus<br \/>\nVorsitzender: Lothar Zeuner<br \/>\nKampweg 3, 37133 Friedland<br \/>\nTel.: 0 55 04-402<br \/>\nE-Mail: lrzeuner@t-online.de<br \/>\nInternet: <a href=\"http:\/\/www.autismus-goettingen.de\">www.autismus-goettingen.de<\/a><\/p>\n<p>Einmal im Monat trifft sich eine Gruppe erwachsener Autisten im Autismus-Therapie-Zentrum G\u00f6ttingen zum Gespr\u00e4chskreis. Termine im Internet.<\/p>\n<p>&nbsp;<\/p>\n<p><strong>Br\u00fcggen (Hildesheim)<\/strong><br \/>\nautismus Hildesheim e.V.<br \/>\nAnsprechpartnerin: Silvia Pf\u00e4nder<br \/>\nBlanke Stra\u00dfe 3, 31028 Gronau<br \/>\nTel. 01 60-2 46 99 34<br \/>\nE-Mail: info@autismus-hildesheim.de;<br \/>\nInternet: <a href=\"http:\/\/www.autismus-hildesheim.de\">www.autismus-hildesheim.de<\/a><\/p>\n<p>&nbsp;<\/p>\n<p><strong>Hannover<\/strong><br \/>\nAutismus Hannover e.V.<br \/>\nRV zur F\u00f6rderung von Menschen mit Autismus<br \/>\nVorsitzender: Andreas Luther<br \/>\nGesch\u00e4ftsstelle: Bemeroder Str. 8, 30559 Hannover<br \/>\nTel.: 05 11-52 0701, Fax: 05 11-51 70 99<br \/>\nE-Mail: verein@autismus-hannover.de<br \/>\nInternet: <a href=\"http:\/\/www.autismus-hannover.de\">www.autismus-hannover.de<\/a><\/p>\n<p>&nbsp;<\/p>\n<p><strong>Rehburg-Loccum (Schaumburg)<\/strong><br \/>\nRV Schaumburg e.V.<br \/>\nzur F\u00f6rderung von Menschen mit Autismus<br \/>\nAnsprechpartnerin: Iris Wesling<br \/>\nBlumenstr. 32, 31547 Rehburg-Loccum<br \/>\nTel. 01 70-4 80 65 44<br \/>\nE-Mail. iris.wesling@t-online.de<\/p>\n<p>&nbsp;<\/p>\n<p><strong>Wolfsburg<\/strong><br \/>\nautismus Wolfsburg und Umgebung e.V.<br \/>\nGesch\u00e4ftsf\u00fchrerin: Steffi Hamann<br \/>\nAn der Grandkuhle 5, 38442 Wolfsburg<br \/>\nTel. 05362-50 06 67<br \/>\nE-Mail: info@autismus-wolfsburg.de<\/p>\n<p>&nbsp;<\/p>\n<p><strong>Hamburg<\/strong><br \/>\nVerein zur F\u00f6rderung autistischer Kinder Regionalverband Hamburg e.V.<br \/>\nVorsitzende: Claudia Peters<br \/>\nHipperstra\u00dfe 5, 24306 Pl\u00f6n<br \/>\nTel.: 04522-800 259<br \/>\nE-Mail: neleedith@googlemail.com<\/p>\n<p>&nbsp;<\/p>\n<p><strong>Bremen<\/strong><br \/>\nAutismus Bremen e.V.<br \/>\nRV zur F\u00f6rderung von Menschen mit Autismus<br \/>\nVorsitzender Dr. Magnus Buhlert<br \/>\nClamersdorfer Stra\u00dfe 47<br \/>\nD-28757 Bremen<br \/>\nTel: 0421- 625606<br \/>\nE-Mail: info@autismus-bremen.de<br \/>\nInternet: <a href=\"http:\/\/www.autismus-bremen.de\">www.autismus-bremen.de<\/a><\/p>\n<p>Elternstammtisch einmal im Monat, Termine im Internet.<br \/>\nAsperger-Caf\u00e9 und Asperger-Freizeitgruppe:<br \/>\nKontakt: Frau Petra Abt<br \/>\nE-Mail: petra.abt@gmx.de<\/p>\n","protected":false},"excerpt":{"rendered":"<p>Regionalverb\u00e4nde von autismus Deutschland e. V. in Niedersachsen, Bremen und Hamburg Weitere Regionalverb\u00e4nde von autismus Deutschland e. V. finden Sie auf der Internetseite des Bundesverbandes zur F\u00f6rderung von Menschen mit Autismus unter www.autismus.de. &nbsp; Celle autismus Celle e.V. &#8211; RV zur F\u00f6rderung von Menschen mit Autismus Vorsitzende: Anke Wiechmann Lange<\/p>\n","protected":false},"author":1,"featured_media":0,"parent":123,"menu_order":2,"comment_status":"closed","ping_status":"closed","template":"","meta":{"footnotes":"","_links_to":"","_links_to_target":""},"class_list":["post-546","page","type-page","status-publish","hentry"],"_links":{"self":[{"href":"https:\/\/www.autismus-niedersachsen.de\/index.php?rest_route=\/wp\/v2\/pages\/546","targetHints":{"allow":["GET"]}}],"collection":[{"href":"https:\/\/www.autismus-niedersachsen.de\/index.php?rest_route=\/wp\/v2\/pages"}],"about":[{"href":"https:\/\/www.autismus-niedersachsen.de\/index.php?rest_route=\/wp\/v2\/types\/page"}],"author":[{"embeddable":true,"href":"https:\/\/www.autismus-niedersachsen.de\/index.php?rest_route=\/wp\/v2\/users\/1"}],"replies":[{"embeddable":true,"href":"https:\/\/www.autismus-niedersachsen.de\/index.php?rest_route=%2Fwp%2Fv2%2Fcomments&post=546"}],"version-history":[{"count":1,"href":"https:\/\/www.autismus-niedersachsen.de\/index.php?rest_route=\/wp\/v2\/pages\/546\/revisions"}],"predecessor-version":[{"id":1409,"href":"https:\/\/www.autismus-niedersachsen.de\/index.php?rest_route=\/wp\/v2\/pages\/546\/revisions\/1409"}],"up":[{"embeddable":true,"href":"https:\/\/www.autismus-niedersachsen.de\/index.php?rest_route=\/wp\/v2\/pages\/123"}],"wp:attachment":[{"href":"https:\/\/www.autismus-niedersachsen.de\/index.php?rest_route=%2Fwp%2Fv2%2Fmedia&parent=546"}],"curies":[{"name":"wp","href":"https:\/\/api.w.org\/{rel}","templated":true}]}}