{"id":592,"date":"2015-10-11T21:58:26","date_gmt":"2015-10-11T19:58:26","guid":{"rendered":"http:\/\/www.autismus-niedersachsen.de\/?page_id=592"},"modified":"2015-11-05T14:42:11","modified_gmt":"2015-11-05T12:42:11","slug":"uebersicht-lag-niedersachsen","status":"publish","type":"page","link":"https:\/\/www.autismus-niedersachsen.de\/?page_id=592","title":{"rendered":"\u00dcbersicht LAG Niedersachsen"},"content":{"rendered":"<p><strong>\u00dcbersicht \u00fcber das Netzwerk AUTISMUS Niedersachsen<br \/>\n<\/strong><strong><strong><span class=\"style13\">28.01.2014<\/span><\/strong><\/strong><\/p>\n<p><a href=\"http:\/\/www.autismus-niedersachsen.de\/wp-content\/uploads\/2014\/09\/LAG-Diagramm-14-01-28.jpg\"><img loading=\"lazy\" decoding=\"async\" class=\"alignright wp-image-135 size-full\" src=\"http:\/\/www.autismus-niedersachsen.de\/wp-content\/uploads\/2014\/09\/LAG-Diagramm-14-01-28.jpg\" alt=\"\" width=\"866\" height=\"384\" srcset=\"https:\/\/www.autismus-niedersachsen.de\/wp-content\/uploads\/2014\/09\/LAG-Diagramm-14-01-28.jpg 866w, https:\/\/www.autismus-niedersachsen.de\/wp-content\/uploads\/2014\/09\/LAG-Diagramm-14-01-28-300x133.jpg 300w\" sizes=\"auto, (max-width: 866px) 100vw, 866px\" \/><\/a><\/p>\n<p>&nbsp;<\/p>\n<p><strong><span class=\"style13\">\u00dcbersicht \u00fcber das Netzwerk AUTISMUS Niedersachsen<br \/>\n27.03.2013<\/span><\/strong><\/p>\n<p><a href=\"http:\/\/www.autismus-niedersachsen.de\/wp-content\/uploads\/2014\/09\/LAG-Diagramm-13-03-27.jpg\"><img loading=\"lazy\" decoding=\"async\" class=\"alignright wp-image-134 size-full\" src=\"http:\/\/www.autismus-niedersachsen.de\/wp-content\/uploads\/2014\/09\/LAG-Diagramm-13-03-27.jpg\" alt=\"\" width=\"821\" height=\"403\" srcset=\"https:\/\/www.autismus-niedersachsen.de\/wp-content\/uploads\/2014\/09\/LAG-Diagramm-13-03-27.jpg 821w, https:\/\/www.autismus-niedersachsen.de\/wp-content\/uploads\/2014\/09\/LAG-Diagramm-13-03-27-300x147.jpg 300w\" sizes=\"auto, (max-width: 821px) 100vw, 821px\" \/><\/a><strong><br \/>\n<\/strong><\/p>\n<p><strong>LAG &#8222;Autismus macht Schule in Niedersachsen&#8220;<br \/>\njetzt LAG Autismus Niedersachsen<\/strong><br \/>\n13.08.2012<\/p>\n<p>Die LAG &#8222;Autismus macht Schule in Niedersachsen&#8220; hat sich nach Beschluss in der letzten Sitzung umbenannt und hei\u00dft jetzt <strong>Landesarbeitsgemeinschaft Autismus Niedersachsen<\/strong>.<\/p>\n<p>Damit wird auch in der Namensgebung deutlich, dass sich die LAG nicht nur im Bereich Schule, sondern auch in den Bereichen Arbeit, Diagnostik, Therapie und Wohnen f\u00fcr die Interessen von Betroffenen und Eltern einsetzt.<\/p>\n<p>&nbsp;<\/p>\n<p><strong>\u00dcbersicht \u00fcber das Netzwerk AUTISMUS Niedersachsen<br \/>\n13.11.2011<\/strong><\/p>\n<p><a href=\"http:\/\/www.autismus-niedersachsen.de\/wp-content\/uploads\/2014\/09\/LAG-Diagramm-11-11-13.jpg\"><img loading=\"lazy\" decoding=\"async\" class=\"alignright wp-image-136 size-full\" src=\"http:\/\/www.autismus-niedersachsen.de\/wp-content\/uploads\/2014\/09\/LAG-Diagramm-11-11-13.jpg\" alt=\"\" width=\"822\" height=\"403\" srcset=\"https:\/\/www.autismus-niedersachsen.de\/wp-content\/uploads\/2014\/09\/LAG-Diagramm-11-11-13.jpg 822w, https:\/\/www.autismus-niedersachsen.de\/wp-content\/uploads\/2014\/09\/LAG-Diagramm-11-11-13-300x147.jpg 300w\" sizes=\"auto, (max-width: 822px) 100vw, 822px\" \/><\/a><\/p>\n<p>&nbsp;<\/p>\n<p><strong>LAG &#8222;Autismus macht Schule in Niedersachsen&#8220;<br \/>\n02.05.2010<\/strong><\/p>\n<p><a href=\"http:\/\/www.autismus-niedersachsen.de\/wp-content\/uploads\/2014\/09\/LAG-10-04-17-02.jpg\"><img loading=\"lazy\" decoding=\"async\" class=\"alignright size-thumbnail wp-image-460\" src=\"http:\/\/www.autismus-niedersachsen.de\/wp-content\/uploads\/2014\/09\/LAG-10-04-17-02-150x150.jpg\" alt=\"LAG 10-04-17-02\" width=\"150\" height=\"150\" srcset=\"https:\/\/www.autismus-niedersachsen.de\/wp-content\/uploads\/2014\/09\/LAG-10-04-17-02-150x150.jpg 150w, https:\/\/www.autismus-niedersachsen.de\/wp-content\/uploads\/2014\/09\/LAG-10-04-17-02-225x225.jpg 225w, https:\/\/www.autismus-niedersachsen.de\/wp-content\/uploads\/2014\/09\/LAG-10-04-17-02-60x60.jpg 60w\" sizes=\"auto, (max-width: 150px) 100vw, 150px\" \/><\/a>Die Landesarbeitsgemeinschaft (LAG) &#8222;Autismus macht Schule in Niedersachsen&#8220; hat sich am 17.04.2010 innerhalb des Netzwerkes neu formiert.<\/p>\n<p>Die LAG unter Leitung von Thomas L\u00f6prich und J\u00fcrgen Isernhagen werden die Aktivit\u00e4ten im Netzwerk zuk\u00fcnftig strategisch koordinieren und \u00fcber Ergebnisse informieren.<\/p>\n<p>Innerhalb des Netzwerkes AUTISMUS Niedersachsen haben sich folgende Projektgruppen gebildet:<\/p>\n<p><a href=\"http:\/\/www.autismus-niedersachsen.de\/wp-content\/uploads\/2014\/09\/LAG-10-04-17-03.jpg\"><img loading=\"lazy\" decoding=\"async\" class=\"alignright size-thumbnail wp-image-461\" src=\"http:\/\/www.autismus-niedersachsen.de\/wp-content\/uploads\/2014\/09\/LAG-10-04-17-03-150x150.jpg\" alt=\"LAG 10-04-17-03\" width=\"150\" height=\"150\" srcset=\"https:\/\/www.autismus-niedersachsen.de\/wp-content\/uploads\/2014\/09\/LAG-10-04-17-03-150x150.jpg 150w, https:\/\/www.autismus-niedersachsen.de\/wp-content\/uploads\/2014\/09\/LAG-10-04-17-03-225x225.jpg 225w, https:\/\/www.autismus-niedersachsen.de\/wp-content\/uploads\/2014\/09\/LAG-10-04-17-03-60x60.jpg 60w\" sizes=\"auto, (max-width: 150px) 100vw, 150px\" \/><\/a>\u2022 Wohnen (Leitung: Beate Lunburg \u2013 Haus im Wind, Bad Pyrmont)<br \/>\n\u2022 Schule (Leitung: Iris B\u00fclow \u2013 SHG Elternkreis Hannover)<br \/>\n\u2022 Diagnostik (Leitung: Andreas Luther \u2013 Autismus Hannover e.V.) und<br \/>\n\u2022 Integration ins Arbeitsleben(Leitung: Thomas L\u00f6prich \u2013 einzigartig-eigenartig e.V., Walsrode).<\/p>\n<p>Verantwortlich f\u00fcr die \u00d6ffentlichkeitsarbeit ist Hans-A. L\u00f6nneker unterst\u00fctzt von J\u00fcrgen Isernhagen (einzigartig-eigenartig e.V. Walsrode).<\/p>\n<p>&nbsp;<\/p>\n<p><strong>Gr\u00fcndung und Mitglieder<br \/>\n02.06.2009<\/strong><\/p>\n<p>Die Landesarbeitsgemeinschaft Autismus macht Schule in Niedersachsen wurde im Jahr 2003 durch den Verein FIAM e.V und durch den Verein einzigartig eigenartig e.V. ins Leben gerufen.<\/p>\n<p>Sie ist ein Zusammenschluss von Eltern, Betroffenen, P\u00e4dagogen, Sonderp\u00e4dagogen und Interessierten, denen die schulische F\u00f6rderung und Integration von Kindern und Jugendlichen<br \/>\nmit Autismus am Herzen liegt.<\/p>\n<p>Zum Zeitpunkt der Gr\u00fcndung wurden alle uns bekannten Initiativen, Vereine, Verb\u00e4nde, Therapiezentren angesprochen und unter diesem Arbeitstitel zur Zusammenarbeit aufgefordert.<\/p>\n<p>Die LAG trifft dreimal im Jahr zusammen und hat ihre inhaltliche Positionsbestimmung in ihrer Stellungnahme zum Erlass \u201eSonderp\u00e4dagogische F\u00f6rderung\u201c des Kultusministeriums in 2004 vorgenommen.<\/p>\n<p>Diese Stellungnahme wurde unterzeichnet von: FIAM e.V. Hannover, HTF GmbH. Hannover, den Regionalverb\u00e4nden Hilfe f\u00fcr das autistische Kind Wolfsburg e.V., Bremen e.V., G\u00f6ttingen e.V., Hannover e.V., Nord-West e.V., Osnabr\u00fcck e.V., Schaumburg e.V., Weser Ems e.V., der THZ Ambulanz und Beratungsstelle Hannover und einzigartig eigenartig e.V..<\/p>\n<p>Die Interessenvertretung wird gegen\u00fcber dem nieders\u00e4chsischen Kultusministerium oder beim Round Table Schulische Integration des nieders\u00e4chsischen Landesbehindertenbeauftragten artikuliert ebenso im Gespr\u00e4ch mit Bildungs- und Sozialpolitikern. Au\u00dferdem sind wir zum unregelm\u00e4\u00dfig tagenden Expertengespr\u00e4ch des Kultusministeriums geladen.<\/p>\n<p>Ein Schwerpunkt unserer Arbeit war u. a. die gemeinschaftliche Planung und Durchf\u00fchrung der interdisziplin\u00e4ren Tagung <a title=\"2007 Verdener Tagung\" href=\"http:\/\/www.autismus-niedersachsen.de\/?page_id=145\">&#8222;Mit Autismus muss gerechnet werden &#8230; in Niedersachsen!&#8220;<\/a> im November 2007 in Verden sowie der Open-Space Konferenz zur Netzwerkbildung im August 2008 in Hannover.<\/p>\n<p>Warum nun dieses Veranstaltungsprojekt?<\/p>\n<p>Trotz kleiner Fortschritte geh\u00f6rt dieser Personenkreis, nach wie vor, zu den \u201evergessenen Sch\u00fclerInnen\u201c Niedersachsens. Aber nicht nur die schulische Situation ist ver\u00e4nderungsbed\u00fcrftig auch die medizinisch-diagnostische Situation ist in Anbetracht der hohen Dunkelziffer (nicht nur, aber besonders) in Niedersachsen nicht ausreichend.<\/p>\n<p>Ebenso verh\u00e4lt es sich mit dem fl\u00e4chendeckenden Angebot an spezifischer Therapie. Eine Verbesserung der Fr\u00fcherkennung, ein Herabsenken des Diagnosealters k\u00f6nnte Kindern und ihren Familien fr\u00fcher und effektiver helfen und u.a. die Entstehung schulischer Verhaltensproblemen entgegenwirken.<\/p>\n<p>Wir verfolgen damit diese verschiedenen Ziele:<\/p>\n<p>&#8211; f\u00fcr das Thema Autismus sensibilisieren<br \/>\n&#8211; f\u00fcr das Thema Autismus interdisziplin\u00e4r und disziplin\u00e4r fortbilden<br \/>\n&#8211; die Bildung eines interdisziplin\u00e4ren Netzwerkes Autismus in Niedersachsen anregen und f\u00f6rdern<br \/>\n&#8211; eine Plattform bieten, Perspektiven zur L\u00f6sung der skizzierten Ausgangssituation zu diskutieren und<br \/>\n&#8211; der Interessenvertretung gegen\u00fcber dem Land Niedersachsen den n\u00f6tigen Nachdruck verleihen<\/p>\n<p>&nbsp;<\/p>\n","protected":false},"excerpt":{"rendered":"<p>\u00dcbersicht \u00fcber das Netzwerk AUTISMUS Niedersachsen 28.01.2014 &nbsp; \u00dcbersicht \u00fcber das Netzwerk AUTISMUS Niedersachsen 27.03.2013 LAG &#8222;Autismus macht Schule in Niedersachsen&#8220; jetzt LAG Autismus Niedersachsen 13.08.2012 Die LAG &#8222;Autismus macht Schule in Niedersachsen&#8220; hat sich nach Beschluss in der letzten Sitzung umbenannt und hei\u00dft jetzt Landesarbeitsgemeinschaft Autismus Niedersachsen. Damit wird<\/p>\n","protected":false},"author":1,"featured_media":0,"parent":60,"menu_order":12,"comment_status":"closed","ping_status":"closed","template":"","meta":{"footnotes":"","_links_to":"","_links_to_target":""},"class_list":["post-592","page","type-page","status-publish","hentry"],"_links":{"self":[{"href":"https:\/\/www.autismus-niedersachsen.de\/index.php?rest_route=\/wp\/v2\/pages\/592","targetHints":{"allow":["GET"]}}],"collection":[{"href":"https:\/\/www.autismus-niedersachsen.de\/index.php?rest_route=\/wp\/v2\/pages"}],"about":[{"href":"https:\/\/www.autismus-niedersachsen.de\/index.php?rest_route=\/wp\/v2\/types\/page"}],"author":[{"embeddable":true,"href":"https:\/\/www.autismus-niedersachsen.de\/index.php?rest_route=\/wp\/v2\/users\/1"}],"replies":[{"embeddable":true,"href":"https:\/\/www.autismus-niedersachsen.de\/index.php?rest_route=%2Fwp%2Fv2%2Fcomments&post=592"}],"version-history":[{"count":0,"href":"https:\/\/www.autismus-niedersachsen.de\/index.php?rest_route=\/wp\/v2\/pages\/592\/revisions"}],"up":[{"embeddable":true,"href":"https:\/\/www.autismus-niedersachsen.de\/index.php?rest_route=\/wp\/v2\/pages\/60"}],"wp:attachment":[{"href":"https:\/\/www.autismus-niedersachsen.de\/index.php?rest_route=%2Fwp%2Fv2%2Fmedia&parent=592"}],"curies":[{"name":"wp","href":"https:\/\/api.w.org\/{rel}","templated":true}]}}