{"id":68,"date":"2014-09-15T13:28:42","date_gmt":"2014-09-15T11:28:42","guid":{"rendered":"http:\/\/blau-verlag.de\/test1\/?page_id=68"},"modified":"2025-11-19T22:54:26","modified_gmt":"2025-11-19T20:54:26","slug":"68-2","status":"publish","type":"page","link":"https:\/\/www.autismus-niedersachsen.de\/?page_id=68","title":{"rendered":"Aktuelle Informationen"},"content":{"rendered":"<p><strong>Merkblatt vom bvkm:<br \/>\nWichtige Rechts\u00e4nderungen 2023<\/strong><\/p>\n<p>In vielen Rechtsgebieten sind zum 1. Januar 2023 \u00c4nderungen in Kraft getreten, die f\u00fcrMenschen mit Behinderung relevant sind. Das betrifft z.B. das Kindergeld, das Betreuungsrecht und die Leistungen der Grundsicherung im Alter und bei Erwerbsminderung. Der bvkm hat wichtige Neuerungen f\u00fcr Menschen mit Behinderung und ihre Angeh\u00f6rigen in einem Merkblatt zusammen gefasst.<br \/>\n<a href=\"https:\/\/bvkm.de\/wp-content\/uploads\/2022\/01\/wichtige-rechtsaenderungen_2023_beitrag-des-bvkm.pdf\">https:\/\/bvkm.de\/wp-content\/uploads\/2022\/01\/wichtige-rechtsaenderungen_2023_beitrag-des-bvkm.pdf<\/a><\/p>\n<p>&nbsp;<\/p>\n<p><strong>Universit\u00e4tsklinikum Hamburg-Eppendorf:<\/strong><br \/>\n<strong>Bundesweite Umfrage zur Versorgungssituation bei Autismus<\/strong><\/p>\n<p>Das Forschungsprojekt \u201eBarrierefreiASS\u201c am Universit\u00e4tsklinikum Hamburg-Eppendorf untersucht in einer deutschlandweiten Online-Umfrage die aktuelle medizinisch-therapeutische Versorgung von Erwachsenen im Autismus-Spektrum. Dadurch sollen Versorgungsbedarfe und Versorgungsbarrieren in den Bereichen Diagnostik, Behandlung\/Therapie und Assistenz erfasst werden. Im Fokus der Studie steht die Versorgungssituation Erwachsener mit Autismus ohne intellektuelle Einschr\u00e4nkungen. Die Antworten sollen dabei helfen, ein Versorgungskonzept\u00a0 zu entwickeln. Die Umfragedauer liegt bei 15 bis 60 Minuten. Die Teilnahme ist anonym.\u00a0Weitere Informationen: <a href=\"https:\/\/www.uke.de\/barrierefreiass\">&lt;www.uke.de\/barrierefreiass&gt;<\/a><\/p>\n<p>&nbsp;<\/p>\n<p><strong>Merkblatt von Autismus Deutschland:<br \/>\n<\/strong><strong>Informationen zu Leistungsst\u00f6rungen und Verfahrensrechten<\/strong><br \/>\nDer Bundesverband Autismus Deutschland e.V. hat f\u00fcr Menschen mit Autismus und ihre Angeh\u00f6rigen ein Merkblatt zu Leistungsst\u00f6rungen durch die Corona-Krise bei Angeboten wie Eingliederungshilfe, Schulbegleitung, Werkst\u00e4tten f\u00fcr behinderte Menschen, selbstst\u00e4ndiges und begleitetes Wohnen und Freizeit-Dienstleistungen herausgegeben. Erl\u00e4utert werden auch die entsprechenden Verfahrensrechte.<br \/>\n<a href=\"https:\/\/www.autismus.de\/fileadmin\/RECHT_UND_GESELLSCHAFT\/Verfahrensrechte_08_04_2020.pdf\">https:\/\/www.autismus.de\/fileadmin\/RECHT_UND_GESELLSCHAFT\/Verfahrensrechte_08_04_2020.pdf<\/a><\/p>\n<p>&nbsp;<\/p>\n<p><strong>Herzlich willkommen auf unserer Internetseite!<\/strong><br \/>\nHier erhalten Sie viele Informationen zu Autismus, F\u00f6rderm\u00f6glichkeiten, Anbietern f\u00fcr Hilfeleistungen, Kontaktstellen und Selbsthilfegruppen aus dem Bereich Autismus in Niedersachsen.<\/p>\n<p>Sie k\u00f6nnen sich \u00fcber die Webseiten auch \u00fcber die aktuellen Arbeitsschwerpunkte unserer Arbeitsgruppen informieren und Hinweise und Materialien zu k\u00fcnftigen und vergangenen Veranstaltungen einsehen. In unserem Men\u00fcpunkt Ver\u00f6ffentlichungen finden Sie alle Stellungnahmen und Brosch\u00fcren der Landesarbeitsgemeinschaft. Grundlegende Informationen erhalten Sie im Men\u00fc LAG Autismus Niedersachsen. In der Rubrik Service finden sie zahlreiche Adressen von Kontaktstellen, Selbsthilfegruppen und Anbietern.<\/p>\n<p>Klicken Sie sich einfach durch unseren Internetauftritt! Wir w\u00fcrden uns \u00fcber Ihre R\u00fcckmeldungen freuen. Senden Sie uns dazu E-Mail. Vielen Dank.<\/p>\n<p>Dar\u00fcber hinaus m\u00f6chten wir Sie einladen,<\/p>\n<p>&#8211; an dem Ausbau unseres Netzwerkes mitzuwirken,<br \/>\n&#8211; Ihren Verein f\u00fcr Menschen mit Autismus darzustellen,<br \/>\n&#8211; Ihre Selbsthilfegruppe zu verlinken oder<br \/>\n&#8211; in unseren Arbeitsgruppen mitzuarbeiten!<\/p>\n<p>J\u00fcrgen Isernhagen und Thomas L\u00f6prich f\u00fcr die LAG.<\/p>\n<p>Die Gestaltung der neuen Internetseite wurde gef\u00f6rdert von:<\/p>\n<p><a href=\"http:\/\/www.einzigartig-eigenartig.de\/content\/files\/WZ_09_08.03.2014%20WZ-HA.PDF\">Bundespolizei Walsrode<\/a><br \/>\n<a href=\"https:\/\/www.lueneburg.lions.de\/\">Lions-Club L\u00fcneburger Heide<\/a><br \/>\n<a href=\"https:\/\/niedersachsen.aok.de\/\">AOK Niedersachsen<br \/>\n<\/a><\/p>\n","protected":false},"excerpt":{"rendered":"<p>Merkblatt vom bvkm: Wichtige Rechts\u00e4nderungen 2023 In vielen Rechtsgebieten sind zum 1. Januar 2023 \u00c4nderungen in Kraft getreten, die f\u00fcrMenschen mit Behinderung relevant sind. Das betrifft z.B. das Kindergeld, das Betreuungsrecht und die Leistungen der Grundsicherung im Alter und bei Erwerbsminderung. Der bvkm hat wichtige Neuerungen f\u00fcr Menschen mit Behinderung<\/p>\n","protected":false},"author":1,"featured_media":0,"parent":125,"menu_order":99,"comment_status":"closed","ping_status":"closed","template":"","meta":{"footnotes":"","_links_to":"","_links_to_target":""},"class_list":["post-68","page","type-page","status-publish","hentry"],"_links":{"self":[{"href":"https:\/\/www.autismus-niedersachsen.de\/index.php?rest_route=\/wp\/v2\/pages\/68","targetHints":{"allow":["GET"]}}],"collection":[{"href":"https:\/\/www.autismus-niedersachsen.de\/index.php?rest_route=\/wp\/v2\/pages"}],"about":[{"href":"https:\/\/www.autismus-niedersachsen.de\/index.php?rest_route=\/wp\/v2\/types\/page"}],"author":[{"embeddable":true,"href":"https:\/\/www.autismus-niedersachsen.de\/index.php?rest_route=\/wp\/v2\/users\/1"}],"replies":[{"embeddable":true,"href":"https:\/\/www.autismus-niedersachsen.de\/index.php?rest_route=%2Fwp%2Fv2%2Fcomments&post=68"}],"version-history":[{"count":27,"href":"https:\/\/www.autismus-niedersachsen.de\/index.php?rest_route=\/wp\/v2\/pages\/68\/revisions"}],"predecessor-version":[{"id":1396,"href":"https:\/\/www.autismus-niedersachsen.de\/index.php?rest_route=\/wp\/v2\/pages\/68\/revisions\/1396"}],"up":[{"embeddable":true,"href":"https:\/\/www.autismus-niedersachsen.de\/index.php?rest_route=\/wp\/v2\/pages\/125"}],"wp:attachment":[{"href":"https:\/\/www.autismus-niedersachsen.de\/index.php?rest_route=%2Fwp%2Fv2%2Fmedia&parent=68"}],"curies":[{"name":"wp","href":"https:\/\/api.w.org\/{rel}","templated":true}]}}