{"id":908,"date":"2016-05-17T21:56:27","date_gmt":"2016-05-17T19:56:27","guid":{"rendered":"http:\/\/www.autismus-niedersachsen.de\/?page_id=908"},"modified":"2025-11-19T22:57:26","modified_gmt":"2025-11-19T20:57:26","slug":"2016-tagung-hannover","status":"publish","type":"page","link":"https:\/\/www.autismus-niedersachsen.de\/?page_id=908","title":{"rendered":"2016 Tagung Hannover"},"content":{"rendered":"<p><strong>Fachtagung &#8222;Autismus und medizinische Versorgung \u2013 (k)ein Problem?!&#8220;<br \/>\n<\/strong><strong>03. September 2016, \u00c4rztekammer Niedersachsen in Hannover<\/strong><\/p>\n<p>Veranstaltungsflyer: <a href=\"http:\/\/www.autismus-niedersachsen.de\/wp-content\/uploads\/2016\/05\/Autismus-und-Gesundheit_web.pdf\">Autismus-und-Gesundheit_web.pdf<\/a><br \/>\nVeranstaltungsanmeldung: <a href=\"http:\/\/www.gesundheit-nds.de\/index.php\/veranstaltungen\/anmeldung-zu-veranstaltungen\">\u00fcber www.Gesundheit-Nds.de<br \/>\n<\/a>Weitere Informationen: <a href=\"http:\/\/www.gesundheit-nds.de\/\">\u00fcber www.Gesundheit-Nds.de<\/a><\/p>\n<p>Bericht \u00fcber die Tagung in der \u00c4rztezeitung:<br \/>\n<a href=\"http:\/\/www.haeverlag.de\/nae\/n_beitrag.php?id=5381\">http:\/\/www.haeverlag.de\/nae\/n_beitrag.php?id=5381<\/a><\/p>\n<p>&nbsp;<\/p>\n<p>F\u00fcr Menschen mit Autismus hat der barrierefreie Zugang zum Gesundheitssystem erhebliche Bedeutung, unter anderem da sie eine erh\u00f6hte Anf\u00e4lligkeit f\u00fcr eine Reihe psychischer Erkrankungen aufweisen. Spezifische Konzepte f\u00fcr eine ad\u00e4quate, patientenzentrierte Kommunikation zwischen Fachkr\u00e4ften des Gesundheitswesens und Ratsuchenden sowie Patientinnen und Patienten mit einer Autismus-Spektrum-St\u00f6rung liegen bislang jedoch noch kaum vor.<\/p>\n<p>Ziel der Fachtagung ist es, die bereits vorliegenden Ans\u00e4tze in der medizinischen und psychotherapeutischen Versorgung zu er\u00f6rtern und Weiterentwicklungsbedarfe in weiteren Disziplinen, insbesondere im Bereich der Gesundheitsf\u00f6rderung und Prim\u00e4rpr\u00e4vention (auch) f\u00fcr Menschen mit Autismus, zu diskutieren.<\/p>\n<p>Auf Grundlage einer ressourcenorientierten Herangehensweise an das Thema sollen neben der Versorgungsperspektive insbesondere auch der Gewinn aus dem b\u00fcrgerschaftlichen Engagement von Autistinnen und Autisten im Bereich der Selbsthilfe und der ehrenamtlichen Beratung sowie aus dem Engagement als Fachkr\u00e4fte des Gesundheits-, Sozial- und Bildungswesens transparent gemacht werden.<\/p>\n<p>Die Tagung wird von der Landesarbeitsgemeinschaft Autismus Niedersachsen, vertreten durch den Verein einzigartig-eigenartig e. V., in Kooperation mit der \u00c4rztekammer Niedersachsen (\u00c4KN) und der Landesvereinigung f\u00fcr Gesundheit und Akademie f\u00fcr Sozialmedizin Niedersachsen e. V. (LVG &amp; AfS) umgesetzt.<\/p>\n<p>Zielgruppe sind in erster Linie die in Niedersachsen lebenden Menschen mit Autismus sowie ihre Angeh\u00f6rigen und Menschen aus ihrem sozialen Umfeld. Eine weitere Zielgruppe stellen die Fachkr\u00e4fte des Gesundheitswesens in Niedersachsen dar.<\/p>\n<p>Im Anschluss an die Veranstaltung soll eine Dokumentation in Form eines Flyers f\u00fcr Arzt- und Psychotherapiepraxen in Niedersachsen entwickelt und verteilt werden, die \u00c4rztinnen und \u00c4rzte sowie Psychotherapeutinnen und Psychotherapeuten zum Thema barrierefreie Kommunikation und Versorgung f\u00fcr Menschen mit Autismus informiert und sensibilisiert.<\/p>\n<p><strong>Programm<\/strong><\/p>\n<p>09:30 Uhr | <strong>Anmeldung und Begr\u00fc\u00dfungskaffee<\/strong><\/p>\n<p>10:00 Uhr |<strong> Er\u00f6ffnung<\/strong><br \/>\nJ\u00fcrgen Isernhagen und Thomas L\u00f6prich, einzigartig-eigenartig e. V., Landesarbeitsgemeinschaft Autismus Niedersachsen<\/p>\n<p>10:05 Uhr |<strong> Gru\u00dfworte<\/strong><br \/>\nDr. Gisbert Voigt, \u00c4rztekammer Niedersachsen<br \/>\nDr. Manfred Koller, Nieders\u00e4chsisches Ministerium f\u00fcr Soziales, Gesundheit und Gleichstellung<\/p>\n<p>10:35 Uhr |<strong> Barrierefreiheit im Gesundheitssystem f\u00fcr Menschen mit Autismus<\/strong><br \/>\nPD Dr. Tanja Sappok, Evangelisches Krankenhaus K\u00f6nigin Elisabeth Herzberge, Behandlungszentrum f\u00fcr erwachsene Menschen mit geistiger Behinderung und psychischer Erkrankung<\/p>\n<p>11:35 Uhr |<strong> Kaffeepause<\/strong><\/p>\n<p>11:50 Uhr |<strong> Wissen und Nichtwissen \u00fcber Autismus im Gesundheits- und Sozialwesen<\/strong><br \/>\nSilke Lipinski, Humboldt-Universit\u00e4t zu Berlin, Autismus-Forschungs-Kooperation (AFK)<\/p>\n<p>12:15 Uhr |<strong> Gesundheit f\u00fcr alle! \u2013 Das Medizinische Zentrum f\u00fcr erwachsene Menschen mit Behinderung (MZEB)<\/strong><br \/>\nDr. Henrike Heiling, Birgit Pohler, Medizinisches Zentrum f\u00fcr erwachsene Menschen mit Behinderung (MZEB) am Evangelischen Krankenhaus Alsterdorf, Hamburg<\/p>\n<p>12:50 Uhr | <strong>Diskussion<\/strong><\/p>\n<p>13:00 Uhr |<strong> Mittagsimbiss<\/strong><\/p>\n<p>14:00 Uhr | <strong>Menschen im Autismusspektrum f\u00fcr Selbsthilfe und Ehrenamt sowie als Fachkr\u00e4fte f\u00fcr das Gesundheitswesen gewinnen<\/strong><br \/>\nDr. Christine Prei\u00dfmann, \u00c4rztin f\u00fcr Allgemeinmedizin, Psychotherapie<\/p>\n<p>15:00 Uhr | <strong>Konzepte und Weiterentwicklungsbedarfe im Gesundheitswesen<\/strong><br \/>\nStatements und Diskussion<\/p>\n<p><strong>in der medizinischen Aus- \/ Fort- \/ Weiterbildung<\/strong><br \/>\nDr. Gisbert Voigt, \u00c4rztekammer Niedersachsen<\/p>\n<p><strong>in der psychotherapeutischen Aus-\/Fort-\/Weiterbildung<\/strong><br \/>\nG\u00f6tz Schwope, Kinder- und Jugendlichenpsychotherapeut (PA \/ TP) , Psychotherapeutenkammer Niedersachsen<\/p>\n<p><strong>in der Durchsetzung von Patientenrechten im Rahmen der psychiatrischen Versorgung<\/strong><br \/>\nDr. Norbert Mayer-Amberg, Nieders\u00e4chsischer Ausschuss f\u00fcr Angelegenheiten der psychiatrischen Krankenversorgung<\/p>\n<p><strong>zur Gewinnung vom Menschen mit Autismus als Fachkr\u00e4fte f\u00fcr das Gesundheitswesen sowie die Selbsthilfe und das Ehrenamt<\/strong><br \/>\nDr. Christine Prei\u00dfmann, \u00c4rztin f\u00fcr Allgemeinmedizin, Psychotherapie<\/p>\n<p><strong>in der Beratung und der Interessenvertretung<\/strong><br \/>\nSabine Brockmann, Landesarbeitsgemeinschaft Autismus Niedersachsen<\/p>\n<p>16:25 Uhr | <strong>Schlusswort<\/strong><br \/>\nJ\u00fcrgen Isernhagen und Thomas L\u00f6prich, einzigartig-eigenartig e. V., Landesarbeitsgemeinschaft Autismus Niedersachsen<\/p>\n<p>16:30 Uhr | <strong>Ende der Veranstaltung<\/strong><\/p>\n<p><strong>Moderation<\/strong><br \/>\nThomas Altgeld,<br \/>\nLandesvereinigung f\u00fcr Gesundheit und Akademie f\u00fcr Sozialmedizin Niedersachsen e. V.<\/p>\n<p><iframe style=\"position: absolute; top: 0px; left: 0px; width: 1px; height: 1px; visibility: hidden; background: #ffffff none repeat scroll 0% 0%;\" name=\"xdcom_frame\" width=\"300\" height=\"150\"><\/iframe><\/p>\n","protected":false},"excerpt":{"rendered":"<p>Fachtagung &#8222;Autismus und medizinische Versorgung \u2013 (k)ein Problem?!&#8220; 03. September 2016, \u00c4rztekammer Niedersachsen in Hannover Veranstaltungsflyer: Autismus-und-Gesundheit_web.pdf Veranstaltungsanmeldung: \u00fcber www.Gesundheit-Nds.de Weitere Informationen: \u00fcber www.Gesundheit-Nds.de Bericht \u00fcber die Tagung in der \u00c4rztezeitung: http:\/\/www.haeverlag.de\/nae\/n_beitrag.php?id=5381 &nbsp; F\u00fcr Menschen mit Autismus hat der barrierefreie Zugang zum Gesundheitssystem erhebliche Bedeutung, unter anderem da sie eine<\/p>\n","protected":false},"author":1,"featured_media":0,"parent":267,"menu_order":0,"comment_status":"closed","ping_status":"closed","template":"","meta":{"footnotes":"","_links_to":"","_links_to_target":""},"class_list":["post-908","page","type-page","status-publish","hentry"],"_links":{"self":[{"href":"https:\/\/www.autismus-niedersachsen.de\/index.php?rest_route=\/wp\/v2\/pages\/908","targetHints":{"allow":["GET"]}}],"collection":[{"href":"https:\/\/www.autismus-niedersachsen.de\/index.php?rest_route=\/wp\/v2\/pages"}],"about":[{"href":"https:\/\/www.autismus-niedersachsen.de\/index.php?rest_route=\/wp\/v2\/types\/page"}],"author":[{"embeddable":true,"href":"https:\/\/www.autismus-niedersachsen.de\/index.php?rest_route=\/wp\/v2\/users\/1"}],"replies":[{"embeddable":true,"href":"https:\/\/www.autismus-niedersachsen.de\/index.php?rest_route=%2Fwp%2Fv2%2Fcomments&post=908"}],"version-history":[{"count":2,"href":"https:\/\/www.autismus-niedersachsen.de\/index.php?rest_route=\/wp\/v2\/pages\/908\/revisions"}],"predecessor-version":[{"id":1402,"href":"https:\/\/www.autismus-niedersachsen.de\/index.php?rest_route=\/wp\/v2\/pages\/908\/revisions\/1402"}],"up":[{"embeddable":true,"href":"https:\/\/www.autismus-niedersachsen.de\/index.php?rest_route=\/wp\/v2\/pages\/267"}],"wp:attachment":[{"href":"https:\/\/www.autismus-niedersachsen.de\/index.php?rest_route=%2Fwp%2Fv2%2Fmedia&parent=908"}],"curies":[{"name":"wp","href":"https:\/\/api.w.org\/{rel}","templated":true}]}}